{"id":49,"date":"2017-04-08T13:09:20","date_gmt":"2017-04-08T16:09:20","guid":{"rendered":"https:\/\/wp.ufpel.edu.br\/laffimat\/?page_id=49"},"modified":"2023-06-07T00:19:58","modified_gmt":"2023-06-07T03:19:58","slug":"professores","status":"publish","type":"page","link":"https:\/\/wp.ufpel.edu.br\/laffimat\/equipe\/professores\/","title":{"rendered":"Professor"},"content":{"rendered":"<ul>\n<li><span style=\"font-size: 14pt;\"><strong>Prof. Dr. C\u00e9sar Antonio Oropesa Avellaneda<\/strong><\/span><\/li>\n<\/ul>\n<p><img loading=\"lazy\" decoding=\"async\" class=\"wp-image-526 size-thumbnail alignleft\" src=\"https:\/\/wp.ufpel.edu.br\/laffimat\/files\/2020\/06\/Prof-C\u00e9sar-150x159.jpg\" alt=\"\" width=\"150\" height=\"159\" srcset=\"https:\/\/wp.ufpel.edu.br\/laffimat\/files\/2020\/06\/Prof-C\u00e9sar-150x159.jpg 150w, https:\/\/wp.ufpel.edu.br\/laffimat\/files\/2020\/06\/Prof-C\u00e9sar-300x318.jpg 300w, https:\/\/wp.ufpel.edu.br\/laffimat\/files\/2020\/06\/Prof-C\u00e9sar-283x300.jpg 283w, https:\/\/wp.ufpel.edu.br\/laffimat\/files\/2020\/06\/Prof-C\u00e9sar.jpg 311w\" sizes=\"auto, (max-width: 150px) 100vw, 150px\" \/><\/p>\n<hr \/>\n<p style=\"text-align: justify;\"><span style=\"font-family: arial, helvetica, sans-serif; font-size: 12pt;\">Possui gradua\u00e7\u00e3o em F\u00edsica pela Universidad Mayor de San Marcos (1987), mestrado em F\u00edsica pela Universidade de S\u00e3o Paulo (1995) e doutorado em Ci\u00eancias e Engenharia de Materiais pela Universidade de S\u00e3o Paulo (1999). Realizou um est\u00e1gio Sandu\u00edche, durante o doutorado e tamb\u00e9m P\u00f3s doutorado no Leibniz Institut F\u00fcr Neue Materialien Saarbr\u00fccken\/Alemanha. Atualmente \u00e9 Professor Adjunto no Curso de Gradua\u00e7\u00e3o em Engenharia de Materiais da Universidade Federal de Pelotas. Tem experi\u00eancia na \u00e1rea de F\u00edsica, com \u00eanfase em F\u00edsica da Mat\u00e9ria Condensada. Tem experi\u00eancia na \u00e1rea de Qu\u00edmica, com \u00eanfase em Eletroqu\u00edmica atuando principalmente nos seguintes temas: Dispositivos eletrocr\u00f4micos, filmes finos e eletr\u00f3litos s\u00f3lidos a base de pol\u00edmeros naturais. Tamb\u00e9m tem experi\u00eancia na aplica\u00e7\u00e3o da Nanotecnologia em Convers\u00e3o de Energia Solar, atuando principalmente nos seguintes temas: novos eletr\u00f3litos polim\u00e9ricos, nanopart\u00edculas inorg\u00e2nicas, c\u00e9lulas solares em especial as c\u00e9lulas de TiO<sub>2<\/sub>\/corante.<\/span><\/p>\n<hr \/>\n<p><span style=\"font-size: 10pt;\">Curr\u00edculo Lattes: <a href=\"http:\/\/lattes.cnpq.br\/9101375491904726\">http:\/\/lattes.cnpq.br\/9101375491904726<\/a><\/span><\/p>\n<p><span style=\"font-size: 10pt;\">E-mail: <a href=\"mailto:cesaravellaneda@gmail.com\">cesaravellaneda@gmail.com<\/a><\/span><\/p>\n<p>&nbsp;<\/p>\n","protected":false},"excerpt":{"rendered":"<p>Prof. Dr. C\u00e9sar Antonio Oropesa Avellaneda Possui gradua\u00e7\u00e3o em F\u00edsica pela Universidad Mayor de San Marcos (1987), mestrado em F\u00edsica pela Universidade de S\u00e3o Paulo (1995) e doutorado em Ci\u00eancias e Engenharia de Materiais pela Universidade de S\u00e3o Paulo (1999). &hellip; <a href=\"https:\/\/wp.ufpel.edu.br\/laffimat\/equipe\/professores\/\">Continue lendo <span class=\"meta-nav\">&rarr;<\/span><\/a><\/p>\n","protected":false},"author":733,"featured_media":0,"parent":46,"menu_order":1,"comment_status":"closed","ping_status":"closed","template":"","meta":{"footnotes":""},"class_list":["post-49","page","type-page","status-publish","hentry"],"jetpack_sharing_enabled":true,"_links":{"self":[{"href":"https:\/\/wp.ufpel.edu.br\/laffimat\/wp-json\/wp\/v2\/pages\/49","targetHints":{"allow":["GET"]}}],"collection":[{"href":"https:\/\/wp.ufpel.edu.br\/laffimat\/wp-json\/wp\/v2\/pages"}],"about":[{"href":"https:\/\/wp.ufpel.edu.br\/laffimat\/wp-json\/wp\/v2\/types\/page"}],"author":[{"embeddable":true,"href":"https:\/\/wp.ufpel.edu.br\/laffimat\/wp-json\/wp\/v2\/users\/733"}],"replies":[{"embeddable":true,"href":"https:\/\/wp.ufpel.edu.br\/laffimat\/wp-json\/wp\/v2\/comments?post=49"}],"version-history":[{"count":11,"href":"https:\/\/wp.ufpel.edu.br\/laffimat\/wp-json\/wp\/v2\/pages\/49\/revisions"}],"predecessor-version":[{"id":812,"href":"https:\/\/wp.ufpel.edu.br\/laffimat\/wp-json\/wp\/v2\/pages\/49\/revisions\/812"}],"up":[{"embeddable":true,"href":"https:\/\/wp.ufpel.edu.br\/laffimat\/wp-json\/wp\/v2\/pages\/46"}],"wp:attachment":[{"href":"https:\/\/wp.ufpel.edu.br\/laffimat\/wp-json\/wp\/v2\/media?parent=49"}],"curies":[{"name":"wp","href":"https:\/\/api.w.org\/{rel}","templated":true}]}}