{"id":46,"date":"2017-04-08T13:05:32","date_gmt":"2017-04-08T16:05:32","guid":{"rendered":"https:\/\/wp.ufpel.edu.br\/laffimat\/?page_id=46"},"modified":"2023-02-11T19:46:20","modified_gmt":"2023-02-11T22:46:20","slug":"equipe","status":"publish","type":"page","link":"https:\/\/wp.ufpel.edu.br\/laffimat\/equipe\/","title":{"rendered":"Equipe"},"content":{"rendered":"<ul>\n<li><span style=\"font-size: 14pt; color: #000000;\"><a style=\"color: #000000;\" href=\"https:\/\/wp.ufpel.edu.br\/laffimat\/equipe\/professores\/\">Professor Coordenador<\/a><\/span><\/li>\n<li><span style=\"font-size: 14pt; color: #000000;\"><a style=\"color: #000000;\" href=\"https:\/\/wp.ufpel.edu.br\/laffimat\/pos-doutorado\/\">P\u00f3s-Doutorado<\/a><\/span><\/li>\n<li><span style=\"font-size: 14pt; color: #000000;\"><a style=\"color: #000000;\" href=\"https:\/\/wp.ufpel.edu.br\/laffimat\/doutorandos\/\">Doutorado<\/a><\/span><\/li>\n<li><span style=\"font-size: 14pt; color: #000000;\"><a style=\"color: #000000;\" href=\"https:\/\/wp.ufpel.edu.br\/laffimat\/mestrado\/\">Mestrado<\/a><\/span><\/li>\n<li><span style=\"font-size: 14pt; color: #000000;\"><a style=\"color: #000000;\" href=\"https:\/\/wp.ufpel.edu.br\/laffimat\/equipe\/ic\/\">Inicia\u00e7\u00e3o Cientifica<\/a><\/span><\/li>\n<li><span style=\"font-size: 14pt; color: #000000;\"><a style=\"color: #000000;\" href=\"https:\/\/wp.ufpel.edu.br\/laffimat\/colaboradores\/\">Colaboradores<\/a><\/span><\/li>\n<\/ul>\n","protected":false},"excerpt":{"rendered":"<p>Professor Coordenador P\u00f3s-Doutorado Doutorado Mestrado Inicia\u00e7\u00e3o Cientifica Colaboradores<\/p>\n","protected":false},"author":733,"featured_media":0,"parent":0,"menu_order":3,"comment_status":"closed","ping_status":"closed","template":"","meta":{"footnotes":""},"class_list":["post-46","page","type-page","status-publish","hentry"],"jetpack_sharing_enabled":true,"_links":{"self":[{"href":"https:\/\/wp.ufpel.edu.br\/laffimat\/wp-json\/wp\/v2\/pages\/46","targetHints":{"allow":["GET"]}}],"collection":[{"href":"https:\/\/wp.ufpel.edu.br\/laffimat\/wp-json\/wp\/v2\/pages"}],"about":[{"href":"https:\/\/wp.ufpel.edu.br\/laffimat\/wp-json\/wp\/v2\/types\/page"}],"author":[{"embeddable":true,"href":"https:\/\/wp.ufpel.edu.br\/laffimat\/wp-json\/wp\/v2\/users\/733"}],"replies":[{"embeddable":true,"href":"https:\/\/wp.ufpel.edu.br\/laffimat\/wp-json\/wp\/v2\/comments?post=46"}],"version-history":[{"count":7,"href":"https:\/\/wp.ufpel.edu.br\/laffimat\/wp-json\/wp\/v2\/pages\/46\/revisions"}],"predecessor-version":[{"id":798,"href":"https:\/\/wp.ufpel.edu.br\/laffimat\/wp-json\/wp\/v2\/pages\/46\/revisions\/798"}],"wp:attachment":[{"href":"https:\/\/wp.ufpel.edu.br\/laffimat\/wp-json\/wp\/v2\/media?parent=46"}],"curies":[{"name":"wp","href":"https:\/\/api.w.org\/{rel}","templated":true}]}}