{"id":459,"date":"2019-11-13T15:52:55","date_gmt":"2019-11-13T18:52:55","guid":{"rendered":"https:\/\/wp.ufpel.edu.br\/laffimat\/?page_id=459"},"modified":"2024-07-22T13:05:35","modified_gmt":"2024-07-22T16:05:35","slug":"galeria-de-fotos","status":"publish","type":"page","link":"https:\/\/wp.ufpel.edu.br\/laffimat\/eventos\/galeria-de-fotos\/","title":{"rendered":"Galeria de fotos"},"content":{"rendered":"<div id=\"attachment_908\" style=\"width: 434px\" class=\"wp-caption alignnone\"><img loading=\"lazy\" decoding=\"async\" aria-describedby=\"caption-attachment-908\" class=\"wp-image-908 size-medium\" src=\"https:\/\/wp.ufpel.edu.br\/laffimat\/files\/2024\/07\/Festa-junina-424x318.jpg\" alt=\"\" width=\"424\" height=\"318\" srcset=\"https:\/\/wp.ufpel.edu.br\/laffimat\/files\/2024\/07\/Festa-junina-424x318.jpg 424w, https:\/\/wp.ufpel.edu.br\/laffimat\/files\/2024\/07\/Festa-junina-212x159.jpg 212w, https:\/\/wp.ufpel.edu.br\/laffimat\/files\/2024\/07\/Festa-junina-768x577.jpg 768w, https:\/\/wp.ufpel.edu.br\/laffimat\/files\/2024\/07\/Festa-junina-1536x1154.jpg 1536w, https:\/\/wp.ufpel.edu.br\/laffimat\/files\/2024\/07\/Festa-junina-399x300.jpg 399w, https:\/\/wp.ufpel.edu.br\/laffimat\/files\/2024\/07\/Festa-junina.jpg 1600w\" sizes=\"auto, (max-width: 424px) 100vw, 424px\" \/><p id=\"caption-attachment-908\" class=\"wp-caption-text\">Festa Junina LAFFIMAT 18\/06\/2024.<\/p><\/div>\n<div id=\"attachment_874\" style=\"width: 434px\" class=\"wp-caption alignleft\"><img loading=\"lazy\" decoding=\"async\" aria-describedby=\"caption-attachment-874\" class=\"wp-image-874 size-medium\" src=\"https:\/\/wp.ufpel.edu.br\/laffimat\/files\/2024\/01\/Fim-de-ano-424x314.jpg\" alt=\"\" width=\"424\" height=\"314\" srcset=\"https:\/\/wp.ufpel.edu.br\/laffimat\/files\/2024\/01\/Fim-de-ano-424x314.jpg 424w, https:\/\/wp.ufpel.edu.br\/laffimat\/files\/2024\/01\/Fim-de-ano-212x157.jpg 212w, https:\/\/wp.ufpel.edu.br\/laffimat\/files\/2024\/01\/Fim-de-ano-768x569.jpg 768w, https:\/\/wp.ufpel.edu.br\/laffimat\/files\/2024\/01\/Fim-de-ano-405x300.jpg 405w, https:\/\/wp.ufpel.edu.br\/laffimat\/files\/2024\/01\/Fim-de-ano.jpg 1024w\" sizes=\"auto, (max-width: 424px) 100vw, 424px\" \/><p id=\"caption-attachment-874\" class=\"wp-caption-text\">Comemora\u00e7\u00e3o de Final de Ano 2023<\/p><\/div>\n<p>&nbsp;<\/p>\n<p>&nbsp;<\/p>\n<div id=\"attachment_865\" style=\"width: 434px\" class=\"wp-caption alignnone\"><img loading=\"lazy\" decoding=\"async\" aria-describedby=\"caption-attachment-865\" class=\"wp-image-865 size-medium\" src=\"https:\/\/wp.ufpel.edu.br\/laffimat\/files\/2024\/01\/Adalberto-424x318.jpg\" alt=\"\" width=\"424\" height=\"318\" srcset=\"https:\/\/wp.ufpel.edu.br\/laffimat\/files\/2024\/01\/Adalberto-424x318.jpg 424w, https:\/\/wp.ufpel.edu.br\/laffimat\/files\/2024\/01\/Adalberto-212x159.jpg 212w, https:\/\/wp.ufpel.edu.br\/laffimat\/files\/2024\/01\/Adalberto-768x576.jpg 768w, https:\/\/wp.ufpel.edu.br\/laffimat\/files\/2024\/01\/Adalberto-400x300.jpg 400w, https:\/\/wp.ufpel.edu.br\/laffimat\/files\/2024\/01\/Adalberto.jpg 1024w\" sizes=\"auto, (max-width: 424px) 100vw, 424px\" \/><p id=\"caption-attachment-865\" class=\"wp-caption-text\">Adalberto Schafer &#8211; SIIEPE 2023<\/p><\/div>\n<div id=\"attachment_866\" style=\"width: 357px\" class=\"wp-caption alignleft\"><img loading=\"lazy\" decoding=\"async\" aria-describedby=\"caption-attachment-866\" class=\"wp-image-866\" src=\"https:\/\/wp.ufpel.edu.br\/laffimat\/files\/2024\/01\/Aldelainy-424x318.jpg\" alt=\"\" width=\"347\" height=\"260\" srcset=\"https:\/\/wp.ufpel.edu.br\/laffimat\/files\/2024\/01\/Aldelainy-424x318.jpg 424w, https:\/\/wp.ufpel.edu.br\/laffimat\/files\/2024\/01\/Aldelainy-212x159.jpg 212w, https:\/\/wp.ufpel.edu.br\/laffimat\/files\/2024\/01\/Aldelainy-768x576.jpg 768w, https:\/\/wp.ufpel.edu.br\/laffimat\/files\/2024\/01\/Aldelainy-400x300.jpg 400w, https:\/\/wp.ufpel.edu.br\/laffimat\/files\/2024\/01\/Aldelainy.jpg 1024w\" sizes=\"auto, (max-width: 347px) 100vw, 347px\" \/><p id=\"caption-attachment-866\" class=\"wp-caption-text\">Aldelainy da Silva &#8211; SIIEPE 2023<\/p><\/div>\n<div id=\"attachment_867\" style=\"width: 310px\" class=\"wp-caption alignright\"><img loading=\"lazy\" decoding=\"async\" aria-describedby=\"caption-attachment-867\" class=\"wp-image-867\" src=\"https:\/\/wp.ufpel.edu.br\/laffimat\/files\/2024\/01\/Bruno-239x318.jpg\" alt=\"\" width=\"300\" height=\"400\" srcset=\"https:\/\/wp.ufpel.edu.br\/laffimat\/files\/2024\/01\/Bruno-239x318.jpg 239w, https:\/\/wp.ufpel.edu.br\/laffimat\/files\/2024\/01\/Bruno-119x159.jpg 119w, https:\/\/wp.ufpel.edu.br\/laffimat\/files\/2024\/01\/Bruno-768x1024.jpg 768w, https:\/\/wp.ufpel.edu.br\/laffimat\/files\/2024\/01\/Bruno-1152x1536.jpg 1152w, https:\/\/wp.ufpel.edu.br\/laffimat\/files\/2024\/01\/Bruno-225x300.jpg 225w, https:\/\/wp.ufpel.edu.br\/laffimat\/files\/2024\/01\/Bruno.jpg 1200w\" sizes=\"auto, (max-width: 300px) 100vw, 300px\" \/><p id=\"caption-attachment-867\" class=\"wp-caption-text\">Bruno Gomes &#8211; SIIEPE 2023<\/p><\/div>\n<div id=\"attachment_868\" style=\"width: 357px\" class=\"wp-caption alignleft\"><img loading=\"lazy\" decoding=\"async\" aria-describedby=\"caption-attachment-868\" class=\"wp-image-868\" src=\"https:\/\/wp.ufpel.edu.br\/laffimat\/files\/2024\/01\/Daniele-424x318.jpg\" alt=\"\" width=\"347\" height=\"260\" srcset=\"https:\/\/wp.ufpel.edu.br\/laffimat\/files\/2024\/01\/Daniele-424x318.jpg 424w, https:\/\/wp.ufpel.edu.br\/laffimat\/files\/2024\/01\/Daniele-212x159.jpg 212w, https:\/\/wp.ufpel.edu.br\/laffimat\/files\/2024\/01\/Daniele-768x576.jpg 768w, https:\/\/wp.ufpel.edu.br\/laffimat\/files\/2024\/01\/Daniele-400x300.jpg 400w, https:\/\/wp.ufpel.edu.br\/laffimat\/files\/2024\/01\/Daniele.jpg 1024w\" sizes=\"auto, (max-width: 347px) 100vw, 347px\" \/><p id=\"caption-attachment-868\" class=\"wp-caption-text\">Daniele Lopes<\/p><\/div>\n<div id=\"attachment_869\" style=\"width: 357px\" class=\"wp-caption alignright\"><img loading=\"lazy\" decoding=\"async\" aria-describedby=\"caption-attachment-869\" class=\"wp-image-869\" src=\"https:\/\/wp.ufpel.edu.br\/laffimat\/files\/2024\/01\/Erika-424x191.jpg\" alt=\"\" width=\"347\" height=\"156\" srcset=\"https:\/\/wp.ufpel.edu.br\/laffimat\/files\/2024\/01\/Erika-424x191.jpg 424w, https:\/\/wp.ufpel.edu.br\/laffimat\/files\/2024\/01\/Erika-212x95.jpg 212w, https:\/\/wp.ufpel.edu.br\/laffimat\/files\/2024\/01\/Erika-768x346.jpg 768w, https:\/\/wp.ufpel.edu.br\/laffimat\/files\/2024\/01\/Erika-500x225.jpg 500w, https:\/\/wp.ufpel.edu.br\/laffimat\/files\/2024\/01\/Erika.jpg 1024w\" sizes=\"auto, (max-width: 347px) 100vw, 347px\" \/><p id=\"caption-attachment-869\" class=\"wp-caption-text\">Erika Schneider &#8211; SIIEPE 2023<\/p><\/div>\n<div id=\"attachment_870\" style=\"width: 357px\" class=\"wp-caption alignleft\"><img loading=\"lazy\" decoding=\"async\" aria-describedby=\"caption-attachment-870\" class=\"wp-image-870\" src=\"https:\/\/wp.ufpel.edu.br\/laffimat\/files\/2024\/01\/Felix-424x318.jpg\" alt=\"\" width=\"347\" height=\"260\" srcset=\"https:\/\/wp.ufpel.edu.br\/laffimat\/files\/2024\/01\/Felix-424x318.jpg 424w, https:\/\/wp.ufpel.edu.br\/laffimat\/files\/2024\/01\/Felix-212x159.jpg 212w, https:\/\/wp.ufpel.edu.br\/laffimat\/files\/2024\/01\/Felix-768x576.jpg 768w, https:\/\/wp.ufpel.edu.br\/laffimat\/files\/2024\/01\/Felix-400x300.jpg 400w, https:\/\/wp.ufpel.edu.br\/laffimat\/files\/2024\/01\/Felix.jpg 1024w\" sizes=\"auto, (max-width: 347px) 100vw, 347px\" \/><p id=\"caption-attachment-870\" class=\"wp-caption-text\">F\u00e9lix Sell<\/p><\/div>\n<div id=\"attachment_871\" style=\"width: 310px\" class=\"wp-caption alignright\"><img loading=\"lazy\" decoding=\"async\" aria-describedby=\"caption-attachment-871\" class=\"wp-image-871\" src=\"https:\/\/wp.ufpel.edu.br\/laffimat\/files\/2024\/01\/Luana-239x318.jpg\" alt=\"\" width=\"300\" height=\"400\" srcset=\"https:\/\/wp.ufpel.edu.br\/laffimat\/files\/2024\/01\/Luana-239x318.jpg 239w, https:\/\/wp.ufpel.edu.br\/laffimat\/files\/2024\/01\/Luana-119x159.jpg 119w, https:\/\/wp.ufpel.edu.br\/laffimat\/files\/2024\/01\/Luana-225x300.jpg 225w, https:\/\/wp.ufpel.edu.br\/laffimat\/files\/2024\/01\/Luana.jpg 768w\" sizes=\"auto, (max-width: 300px) 100vw, 300px\" \/><p id=\"caption-attachment-871\" class=\"wp-caption-text\">Luana Kr\u00fcger &#8211; SIIEPE 2023<\/p><\/div>\n<div id=\"attachment_873\" style=\"width: 357px\" class=\"wp-caption alignleft\"><img loading=\"lazy\" decoding=\"async\" aria-describedby=\"caption-attachment-873\" class=\"wp-image-873\" src=\"https:\/\/wp.ufpel.edu.br\/laffimat\/files\/2024\/01\/Michelle-424x318.jpg\" alt=\"\" width=\"347\" height=\"260\" srcset=\"https:\/\/wp.ufpel.edu.br\/laffimat\/files\/2024\/01\/Michelle-424x318.jpg 424w, https:\/\/wp.ufpel.edu.br\/laffimat\/files\/2024\/01\/Michelle-212x159.jpg 212w, https:\/\/wp.ufpel.edu.br\/laffimat\/files\/2024\/01\/Michelle-768x576.jpg 768w, https:\/\/wp.ufpel.edu.br\/laffimat\/files\/2024\/01\/Michelle-400x300.jpg 400w, https:\/\/wp.ufpel.edu.br\/laffimat\/files\/2024\/01\/Michelle.jpg 1024w\" sizes=\"auto, (max-width: 347px) 100vw, 347px\" \/><p id=\"caption-attachment-873\" class=\"wp-caption-text\">Michele Netto &#8211; SIIEPE 2023<\/p><\/div>\n<p>&nbsp;<\/p>\n<p>&nbsp;<\/p>\n<div class=\"wp-playlist wp-video-playlist wp-playlist-light\">\n\t\t<video controls=\"controls\" preload=\"none\" width=\"562\"\n\t\t height=\"993\"\t><\/video>\n\t<div class=\"wp-playlist-next\"><\/div>\n\t<div class=\"wp-playlist-prev\"><\/div>\n\t<noscript>\n\t<ol>\n\t\t<li><a href='https:\/\/wp.ufpel.edu.br\/laffimat\/files\/2024\/01\/Oficina-didatica.mp4'>Oficina did\u00e1tica<\/a><\/li>\t<\/ol>\n\t<\/noscript>\n\t<script type=\"application\/json\" class=\"wp-playlist-script\">{\"type\":\"video\",\"tracklist\":true,\"tracknumbers\":true,\"images\":true,\"artists\":true,\"tracks\":[{\"src\":\"https:\/\/wp.ufpel.edu.br\/laffimat\/files\/2024\/01\/Oficina-didatica.mp4\",\"type\":\"video\/mp4\",\"title\":\"Oficina did\\u00e1tica\",\"caption\":\"\",\"description\":\"\",\"meta\":{\"length_formatted\":\"0:16\"},\"dimensions\":{\"original\":{\"width\":480,\"height\":848},\"resized\":{\"width\":562,\"height\":993}},\"image\":{\"src\":\"https:\/\/wp.ufpel.edu.br\/laffimat\/wp-includes\/images\/media\/video.svg\",\"width\":48,\"height\":64},\"thumb\":{\"src\":\"https:\/\/wp.ufpel.edu.br\/laffimat\/wp-includes\/images\/media\/video.svg\",\"width\":48,\"height\":64}}]}<\/script>\n<\/div>\n\t\n<div id=\"attachment_850\" style=\"width: 284px\" class=\"wp-caption aligncenter\"><img loading=\"lazy\" decoding=\"async\" aria-describedby=\"caption-attachment-850\" class=\"wp-image-850 size-medium\" src=\"https:\/\/wp.ufpel.edu.br\/laffimat\/files\/2023\/07\/WhatsApp-Image-2023-06-17-at-10.18.07-274x318.jpeg\" alt=\"\" width=\"274\" height=\"318\" srcset=\"https:\/\/wp.ufpel.edu.br\/laffimat\/files\/2023\/07\/WhatsApp-Image-2023-06-17-at-10.18.07-274x318.jpeg 274w, https:\/\/wp.ufpel.edu.br\/laffimat\/files\/2023\/07\/WhatsApp-Image-2023-06-17-at-10.18.07-137x159.jpeg 137w, https:\/\/wp.ufpel.edu.br\/laffimat\/files\/2023\/07\/WhatsApp-Image-2023-06-17-at-10.18.07-768x892.jpeg 768w, https:\/\/wp.ufpel.edu.br\/laffimat\/files\/2023\/07\/WhatsApp-Image-2023-06-17-at-10.18.07-258x300.jpeg 258w, https:\/\/wp.ufpel.edu.br\/laffimat\/files\/2023\/07\/WhatsApp-Image-2023-06-17-at-10.18.07.jpeg 1102w\" sizes=\"auto, (max-width: 274px) 100vw, 274px\" \/><p id=\"caption-attachment-850\" class=\"wp-caption-text\">&#8211; Mundo UFPEL\u00a0 17\/06\/2023<\/p><\/div>\n<div id=\"attachment_598\" style=\"width: 356px\" class=\"wp-caption aligncenter\"><img loading=\"lazy\" decoding=\"async\" aria-describedby=\"caption-attachment-598\" class=\"wp-image-598 size-medium\" src=\"https:\/\/wp.ufpel.edu.br\/laffimat\/files\/2020\/06\/IMG_9162-346x318.jpg\" alt=\"\" width=\"346\" height=\"318\" srcset=\"https:\/\/wp.ufpel.edu.br\/laffimat\/files\/2020\/06\/IMG_9162-346x318.jpg 346w, https:\/\/wp.ufpel.edu.br\/laffimat\/files\/2020\/06\/IMG_9162-173x159.jpg 173w, https:\/\/wp.ufpel.edu.br\/laffimat\/files\/2020\/06\/IMG_9162-768x706.jpg 768w, https:\/\/wp.ufpel.edu.br\/laffimat\/files\/2020\/06\/IMG_9162-1536x1412.jpg 1536w, https:\/\/wp.ufpel.edu.br\/laffimat\/files\/2020\/06\/IMG_9162-2048x1883.jpg 2048w, https:\/\/wp.ufpel.edu.br\/laffimat\/files\/2020\/06\/IMG_9162-326x300.jpg 326w\" sizes=\"auto, (max-width: 346px) 100vw, 346px\" \/><p id=\"caption-attachment-598\" class=\"wp-caption-text\">Qualifica\u00e7\u00e3o Luana Uszacki Kr\u00fcger 22\/08\/2019<\/p><\/div>\n<div id=\"attachment_596\" style=\"width: 328px\" class=\"wp-caption aligncenter\"><img loading=\"lazy\" decoding=\"async\" aria-describedby=\"caption-attachment-596\" class=\"wp-image-596 size-medium\" src=\"https:\/\/wp.ufpel.edu.br\/laffimat\/files\/2020\/06\/53863587_1129671470560698_4078559660838988471_n-318x318.jpg\" alt=\"\" width=\"318\" height=\"318\" srcset=\"https:\/\/wp.ufpel.edu.br\/laffimat\/files\/2020\/06\/53863587_1129671470560698_4078559660838988471_n-318x318.jpg 318w, https:\/\/wp.ufpel.edu.br\/laffimat\/files\/2020\/06\/53863587_1129671470560698_4078559660838988471_n-159x159.jpg 159w, https:\/\/wp.ufpel.edu.br\/laffimat\/files\/2020\/06\/53863587_1129671470560698_4078559660838988471_n-300x300.jpg 300w, https:\/\/wp.ufpel.edu.br\/laffimat\/files\/2020\/06\/53863587_1129671470560698_4078559660838988471_n.jpg 640w\" sizes=\"auto, (max-width: 318px) 100vw, 318px\" \/><p id=\"caption-attachment-596\" class=\"wp-caption-text\">Qualifica\u00e7\u00e3o Marco Paulsen Rodrigues 26\/03\/2019<\/p><\/div>\n<div id=\"attachment_599\" style=\"width: 434px\" class=\"wp-caption aligncenter\"><img loading=\"lazy\" decoding=\"async\" aria-describedby=\"caption-attachment-599\" class=\"wp-image-599 size-medium\" src=\"https:\/\/wp.ufpel.edu.br\/laffimat\/files\/2020\/06\/c2c8b12f-3331-4a6e-939f-ca47f07a4c11-424x318.jpg\" alt=\"\" width=\"424\" height=\"318\" srcset=\"https:\/\/wp.ufpel.edu.br\/laffimat\/files\/2020\/06\/c2c8b12f-3331-4a6e-939f-ca47f07a4c11-424x318.jpg 424w, https:\/\/wp.ufpel.edu.br\/laffimat\/files\/2020\/06\/c2c8b12f-3331-4a6e-939f-ca47f07a4c11-212x159.jpg 212w, https:\/\/wp.ufpel.edu.br\/laffimat\/files\/2020\/06\/c2c8b12f-3331-4a6e-939f-ca47f07a4c11-768x576.jpg 768w, https:\/\/wp.ufpel.edu.br\/laffimat\/files\/2020\/06\/c2c8b12f-3331-4a6e-939f-ca47f07a4c11-400x300.jpg 400w, https:\/\/wp.ufpel.edu.br\/laffimat\/files\/2020\/06\/c2c8b12f-3331-4a6e-939f-ca47f07a4c11.jpg 1032w\" sizes=\"auto, (max-width: 424px) 100vw, 424px\" \/><p id=\"caption-attachment-599\" class=\"wp-caption-text\">Grupo de Pesquisa 26\/03\/2019<\/p><\/div>\n<div id=\"attachment_600\" style=\"width: 414px\" class=\"wp-caption aligncenter\"><img loading=\"lazy\" decoding=\"async\" aria-describedby=\"caption-attachment-600\" class=\"wp-image-600 size-medium\" src=\"https:\/\/wp.ufpel.edu.br\/laffimat\/files\/2020\/06\/9a27f7bc-a8e7-4491-a67a-9d5230c92180-404x318.jpeg\" alt=\"\" width=\"404\" height=\"318\" srcset=\"https:\/\/wp.ufpel.edu.br\/laffimat\/files\/2020\/06\/9a27f7bc-a8e7-4491-a67a-9d5230c92180-404x318.jpeg 404w, https:\/\/wp.ufpel.edu.br\/laffimat\/files\/2020\/06\/9a27f7bc-a8e7-4491-a67a-9d5230c92180-202x159.jpeg 202w, https:\/\/wp.ufpel.edu.br\/laffimat\/files\/2020\/06\/9a27f7bc-a8e7-4491-a67a-9d5230c92180-768x605.jpeg 768w, https:\/\/wp.ufpel.edu.br\/laffimat\/files\/2020\/06\/9a27f7bc-a8e7-4491-a67a-9d5230c92180-381x300.jpeg 381w, https:\/\/wp.ufpel.edu.br\/laffimat\/files\/2020\/06\/9a27f7bc-a8e7-4491-a67a-9d5230c92180.jpeg 782w\" sizes=\"auto, (max-width: 404px) 100vw, 404px\" \/><p id=\"caption-attachment-600\" class=\"wp-caption-text\">Grupo de Pesquisa 07\/03\/2019<\/p><\/div>\n","protected":false},"excerpt":{"rendered":"<p>&nbsp; &nbsp; &nbsp; &nbsp;<\/p>\n","protected":false},"author":733,"featured_media":0,"parent":73,"menu_order":0,"comment_status":"closed","ping_status":"closed","template":"","meta":{"footnotes":""},"class_list":["post-459","page","type-page","status-publish","hentry"],"jetpack_sharing_enabled":true,"_links":{"self":[{"href":"https:\/\/wp.ufpel.edu.br\/laffimat\/wp-json\/wp\/v2\/pages\/459","targetHints":{"allow":["GET"]}}],"collection":[{"href":"https:\/\/wp.ufpel.edu.br\/laffimat\/wp-json\/wp\/v2\/pages"}],"about":[{"href":"https:\/\/wp.ufpel.edu.br\/laffimat\/wp-json\/wp\/v2\/types\/page"}],"author":[{"embeddable":true,"href":"https:\/\/wp.ufpel.edu.br\/laffimat\/wp-json\/wp\/v2\/users\/733"}],"replies":[{"embeddable":true,"href":"https:\/\/wp.ufpel.edu.br\/laffimat\/wp-json\/wp\/v2\/comments?post=459"}],"version-history":[{"count":9,"href":"https:\/\/wp.ufpel.edu.br\/laffimat\/wp-json\/wp\/v2\/pages\/459\/revisions"}],"predecessor-version":[{"id":909,"href":"https:\/\/wp.ufpel.edu.br\/laffimat\/wp-json\/wp\/v2\/pages\/459\/revisions\/909"}],"up":[{"embeddable":true,"href":"https:\/\/wp.ufpel.edu.br\/laffimat\/wp-json\/wp\/v2\/pages\/73"}],"wp:attachment":[{"href":"https:\/\/wp.ufpel.edu.br\/laffimat\/wp-json\/wp\/v2\/media?parent=459"}],"curies":[{"name":"wp","href":"https:\/\/api.w.org\/{rel}","templated":true}]}}