{"id":454,"date":"2019-11-13T01:28:58","date_gmt":"2019-11-13T04:28:58","guid":{"rendered":"https:\/\/wp.ufpel.edu.br\/laffimat\/?page_id=454"},"modified":"2023-02-06T16:32:38","modified_gmt":"2023-02-06T19:32:38","slug":"proximos-eventos-2","status":"publish","type":"page","link":"https:\/\/wp.ufpel.edu.br\/laffimat\/proximos-eventos-2\/","title":{"rendered":"Pr\u00f3ximos Eventos"},"content":{"rendered":"<div class=\"dados-cobalto cobalto-eventos cobalto-eventos-layout-c\"><div class=\"cobalto-evento-container\"><div class=\"cobalto-evento-data\"><span class=\"cobalto-evento-mes\" style=\"background:#9FE1E7\">Abr<\/span><span class=\"cobalto-evento-dia\"><strong>10<\/strong><\/span><span class=\"cobalto-evento-dow\">Sexta<\/span><\/div><div class=\"cobalto-evento-descricao\">Data limite para os estudantes que n\u00e3o solicitaram matr\u00edcula em 2026 solicitarem trancamento geral de matricula.<\/div><\/div><div class=\"cobalto-evento-container\"><div class=\"cobalto-evento-data\"><span class=\"cobalto-evento-mes\" style=\"background:#9FE1E7\">Abr<\/span><span class=\"cobalto-evento-dia\"><strong>10<\/strong><\/span><span class=\"cobalto-evento-dow\">Sexta<\/span><\/div><div class=\"cobalto-evento-descricao\">Data limite para o envio dos planos de ensino 2026, via Sistema Acad\u00eamico Cobalto.<\/div><\/div><div class=\"cobalto-evento-container\"><div class=\"cobalto-evento-data\"><span class=\"cobalto-evento-mes\" style=\"background:#FF7537\">Abr<\/span><span class=\"cobalto-evento-dia\"><strong>13<\/strong><\/span><span class=\"cobalto-evento-dow\">Segunda<\/span><\/div><div class=\"cobalto-evento-descricao\">IN\u00cdCIO: Forma\u00e7\u00e3o Coordenadores<\/div><\/div><div class=\"cobalto-evento-container\"><div class=\"cobalto-evento-data\"><span class=\"cobalto-evento-mes\" style=\"background:#9FE1E7\">Abr<\/span><span class=\"cobalto-evento-dia\"><strong>14<\/strong><\/span><span class=\"cobalto-evento-dow\">Ter\u00e7a<\/span><\/div><div class=\"cobalto-evento-descricao\">IN\u00cdCIO: Prazo para envio da declara\u00e7\u00e3o de abandonos 2026 \u2013 via Sistema Acad\u00eamico Cobalto.<\/div><\/div><\/div> <!-- .dados-cobalto -->\n","protected":false},"excerpt":{"rendered":"","protected":false},"author":733,"featured_media":0,"parent":0,"menu_order":0,"comment_status":"closed","ping_status":"closed","template":"sidebar-page.php","meta":{"footnotes":""},"class_list":["post-454","page","type-page","status-publish","hentry"],"jetpack_sharing_enabled":true,"_links":{"self":[{"href":"https:\/\/wp.ufpel.edu.br\/laffimat\/wp-json\/wp\/v2\/pages\/454","targetHints":{"allow":["GET"]}}],"collection":[{"href":"https:\/\/wp.ufpel.edu.br\/laffimat\/wp-json\/wp\/v2\/pages"}],"about":[{"href":"https:\/\/wp.ufpel.edu.br\/laffimat\/wp-json\/wp\/v2\/types\/page"}],"author":[{"embeddable":true,"href":"https:\/\/wp.ufpel.edu.br\/laffimat\/wp-json\/wp\/v2\/users\/733"}],"replies":[{"embeddable":true,"href":"https:\/\/wp.ufpel.edu.br\/laffimat\/wp-json\/wp\/v2\/comments?post=454"}],"version-history":[{"count":2,"href":"https:\/\/wp.ufpel.edu.br\/laffimat\/wp-json\/wp\/v2\/pages\/454\/revisions"}],"predecessor-version":[{"id":831,"href":"https:\/\/wp.ufpel.edu.br\/laffimat\/wp-json\/wp\/v2\/pages\/454\/revisions\/831"}],"wp:attachment":[{"href":"https:\/\/wp.ufpel.edu.br\/laffimat\/wp-json\/wp\/v2\/media?parent=454"}],"curies":[{"name":"wp","href":"https:\/\/api.w.org\/{rel}","templated":true}]}}