{"id":43,"date":"2017-04-08T13:04:22","date_gmt":"2017-04-08T16:04:22","guid":{"rendered":"https:\/\/wp.ufpel.edu.br\/laffimat\/?page_id=43"},"modified":"2023-02-07T13:34:58","modified_gmt":"2023-02-07T16:34:58","slug":"o-laboratorio","status":"publish","type":"page","link":"https:\/\/wp.ufpel.edu.br\/laffimat\/o-laboratorio\/","title":{"rendered":"O Laborat\u00f3rio"},"content":{"rendered":"<p style=\"text-align: justify;\">O Laborat\u00f3rio de Filmes Finos e Novos Materiais (LAFFIMAT) iniciou suas atividades em 2011 no Centro de Desenvolvimento Tecnol\u00f3gico (CDTec) da Universidade Federal de Pelotas (UFPel). O laborat\u00f3rio est\u00e1 vinculado ao curso de Engenharia de Materiais a ao Programa de P\u00f3s-Gradua\u00e7\u00e3o em Ci\u00eancia e Engenharia de Materiais (PPGCEM).<\/p>\n<p style=\"text-align: justify;\">O LAFFIMAT se dedica ao estudo e a carateriza\u00e7\u00e3o de materiais na \u00e1rea de filmes finos, eletr\u00f3litos s\u00f3lidos e gel para prepara\u00e7\u00e3o de dispositivos eletrocr\u00f4micos, dispositivos fotovoltaicos do tipo DSSC.<\/p>\n","protected":false},"excerpt":{"rendered":"<p>O Laborat\u00f3rio de Filmes Finos e Novos Materiais (LAFFIMAT) iniciou suas atividades em 2011 no Centro de Desenvolvimento Tecnol\u00f3gico (CDTec) da Universidade Federal de Pelotas (UFPel). O laborat\u00f3rio est\u00e1 vinculado ao curso de Engenharia de Materiais a ao Programa de &hellip; <a href=\"https:\/\/wp.ufpel.edu.br\/laffimat\/o-laboratorio\/\">Continue lendo <span class=\"meta-nav\">&rarr;<\/span><\/a><\/p>\n","protected":false},"author":733,"featured_media":0,"parent":0,"menu_order":1,"comment_status":"closed","ping_status":"closed","template":"","meta":{"footnotes":""},"class_list":["post-43","page","type-page","status-publish","hentry"],"jetpack_sharing_enabled":true,"_links":{"self":[{"href":"https:\/\/wp.ufpel.edu.br\/laffimat\/wp-json\/wp\/v2\/pages\/43","targetHints":{"allow":["GET"]}}],"collection":[{"href":"https:\/\/wp.ufpel.edu.br\/laffimat\/wp-json\/wp\/v2\/pages"}],"about":[{"href":"https:\/\/wp.ufpel.edu.br\/laffimat\/wp-json\/wp\/v2\/types\/page"}],"author":[{"embeddable":true,"href":"https:\/\/wp.ufpel.edu.br\/laffimat\/wp-json\/wp\/v2\/users\/733"}],"replies":[{"embeddable":true,"href":"https:\/\/wp.ufpel.edu.br\/laffimat\/wp-json\/wp\/v2\/comments?post=43"}],"version-history":[{"count":4,"href":"https:\/\/wp.ufpel.edu.br\/laffimat\/wp-json\/wp\/v2\/pages\/43\/revisions"}],"predecessor-version":[{"id":733,"href":"https:\/\/wp.ufpel.edu.br\/laffimat\/wp-json\/wp\/v2\/pages\/43\/revisions\/733"}],"wp:attachment":[{"href":"https:\/\/wp.ufpel.edu.br\/laffimat\/wp-json\/wp\/v2\/media?parent=43"}],"curies":[{"name":"wp","href":"https:\/\/api.w.org\/{rel}","templated":true}]}}