{"id":134,"date":"2019-06-13T00:30:29","date_gmt":"2019-06-13T03:30:29","guid":{"rendered":"https:\/\/wp.ufpel.edu.br\/laffimat\/?page_id=134"},"modified":"2025-02-22T22:22:44","modified_gmt":"2025-02-23T01:22:44","slug":"mestrado","status":"publish","type":"page","link":"https:\/\/wp.ufpel.edu.br\/laffimat\/equipe\/doutorandos\/mestrado\/","title":{"rendered":"Mestrado"},"content":{"rendered":"<ul>\n<li>\n<h2 class=\"nome\" tabindex=\"0\">Aldelainy Menezes da Silva<\/h2>\n<\/li>\n<\/ul>\n<hr \/>\n<p style=\"text-align: justify;\"><img loading=\"lazy\" decoding=\"async\" class=\" wp-image-802 alignright\" src=\"https:\/\/wp.ufpel.edu.br\/laffimat\/files\/2023\/03\/servletrecuperafoto-239x318.jpg\" alt=\"\" width=\"115\" height=\"150\" \/>Bacharela em Qu\u00edmica Industrial pela Universidade Federal de Pelotas, atualmente mestranda no curso de Qu\u00edmica pelo PPGQ &#8211; UFPel. Possui experi\u00eancia nas \u00e1reas de qu\u00edmica inorg\u00e2nica e f\u00edsico-qu\u00edmica, com \u00eanfase em materiais silicatos do tipo SBA-15 e filmes finos de pent\u00f3xido\u00a0de\u00a0van\u00e1dio.<\/p>\n<p style=\"text-align: justify;\"><span style=\"font-size: 10pt;\">Curr\u00edculo Lattes: <a href=\"http:\/\/lattes.cnpq.br\/5130798863086709\">http:\/\/lattes.cnpq.br\/5130798863086709<\/a><\/span><\/p>\n<p>&nbsp;<\/p>\n<hr \/>\n<ul>\n<li><strong><span style=\"font-size: 12pt;\">Ana Laura Melo Tejera<\/span><\/strong><\/li>\n<\/ul>\n<hr \/>\n<p style=\"text-align: justify;\"><span style=\"font-size: 12pt;\"><img loading=\"lazy\" decoding=\"async\" class=\"alignleft\" src=\"http:\/\/servicosweb.cnpq.br\/wspessoa\/servletrecuperafoto?tipo=1&amp;id=K1793429T4\" width=\"129\" height=\"156\" \/>Possui gradua\u00e7\u00e3o em PROFESORA DE EDUCACION MEDIA pela Administraci\u00f3n Nacional de Educaci\u00f3n P\u00fabllica(2020). Atualmente \u00e9 Profesora da Administraci\u00f3n Nacional de Educaci\u00f3n P\u00fabllica. Tem experi\u00eancia na \u00e1rea de F\u00edsica, com \u00eanfase em F\u00edsica Geral.<\/span><\/p>\n<p>&nbsp;<\/p>\n<p><span style=\"font-size: 10pt;\">Curr\u00edculo Lattes: <a href=\"http:\/\/lattes.cnpq.br\/4517738542790884\">http:\/\/lattes.cnpq.br\/4517738542790884<\/a><\/span><\/p>\n<hr \/>\n<ul>\n<li class=\"nome\" tabindex=\"0\"><span style=\"color: #000000;\"><strong>Carla Tuche de Armas<\/strong><\/span><\/li>\n<\/ul>\n<p style=\"text-align: justify;\"><img loading=\"lazy\" decoding=\"async\" class=\" wp-image-912 alignright\" src=\"https:\/\/wp.ufpel.edu.br\/laffimat\/files\/2024\/07\/Carla-237x318.jpg\" alt=\"\" width=\"131\" height=\"172\" \/>Possui gradua\u00e7\u00e3o em Engenharia Civil pela Universidade Federal de Pelotas (2014), curso t\u00e9cnico profissionalizante pelo Instituto Federal Sul-Rio-Grandense (1999) e curso t\u00e9cnico profissionalizante pelo Instituto Federal Sul-Rio-Grandense (2004). Tem experi\u00eancia na \u00e1rea de Engenharia Mec\u00e2nica.<\/p>\n<p><span style=\"font-size: 10pt;\">Curr\u00edculo Lattes: <a href=\"http:\/\/lattes.cnpq.br\/3298979112943793\">http:\/\/lattes.cnpq.br\/3298979112943793<\/a><\/span><\/p>\n<p>&nbsp;<\/p>\n<hr \/>\n<ul>\n<li>\n<h2 class=\"nome\" tabindex=\"0\">Karoline Coelho Pacheco<\/h2>\n<\/li>\n<\/ul>\n<hr \/>\n<p style=\"text-align: justify;\"><img loading=\"lazy\" decoding=\"async\" class=\"wp-image-899 alignright\" src=\"https:\/\/wp.ufpel.edu.br\/laffimat\/files\/2024\/07\/Karol-247x318.jpg\" alt=\"\" width=\"141\" height=\"180\" \/>Forma\u00e7\u00e3o acad\u00eamica: Instituto Federal Sul-rio-grandense Campus Visconde da Gra\u00e7a (CAVG) Licenciatura em F\u00edsica, in\u00edcio: 2018\/02. Instituto Federal Sul-rio-grandense Campus Pelotas Curso T\u00e9cnico Subsequente em Mec\u00e2nica, conclus\u00e3o: 2017\/1. Qualifica\u00e7\u00f5es e atividades complementares: Ingl\u00eas Avan\u00e7ado; Operador de Computadores; Curso de Seguran\u00e7a no Trabalho; Curso de Mec\u00e2nico de Usinagem em M\u00e1quinas Convencionais; Curso de Mec\u00e2nico de Bancada e A\u00e7\u00f5es Educativas;<\/p>\n<p><span style=\"font-size: 10pt;\">Curr\u00edculo Lattes: <a href=\"http:\/\/lattes.cnpq.br\/4144532746222091\">http:\/\/lattes.cnpq.br\/4144532746222091<\/a><\/span><\/p>\n<hr \/>\n<ul>\n<li>\n<h2 class=\"nome\" tabindex=\"0\">Lucas Maron Val\u00e9rio<\/h2>\n<\/li>\n<\/ul>\n<hr \/>\n<p style=\"text-align: justify;\"><img loading=\"lazy\" decoding=\"async\" class=\"wp-image-913 alignleft\" src=\"https:\/\/wp.ufpel.edu.br\/laffimat\/files\/2024\/07\/Lucas-212x318.jpg\" alt=\"\" width=\"122\" height=\"178\" \/>Possui gradua\u00e7\u00e3o em Engenharia Civil pela Universidade Federal do Rio Grande.<\/p>\n<p><span style=\"font-size: 10pt;\">Curr\u00edculo Lattes: <a href=\"http:\/\/lattes.cnpq.br\/6085341867338305\">http:\/\/lattes.cnpq.br\/6085341867338305<\/a><\/span><\/p>\n<p>&nbsp;<\/p>\n<p>&nbsp;<\/p>\n<p>&nbsp;<\/p>\n<hr \/>\n<ul>\n<li><strong>Susele Pinho da Costa<\/strong><\/li>\n<\/ul>\n<hr \/>\n<p style=\"text-align: justify;\"><img loading=\"lazy\" decoding=\"async\" class=\"wp-image-897 alignright\" src=\"https:\/\/wp.ufpel.edu.br\/laffimat\/files\/2024\/07\/Susele-208x318.jpg\" alt=\"\" width=\"138\" height=\"206\" \/>Formada em Engenharia de Materiais (2022) pela Universidade Federal de Pelotas. Durante a minha trajet\u00f3ria na gradua\u00e7\u00e3o participei como volunt\u00e1ria de inicia\u00e7\u00e3o cient\u00edfica que envolviam o desenvolvimento de filmes finos para aplica\u00e7\u00f5es de placas solares, janelas inteligentes entre outros. Com Experi\u00eancia profissional na \u00e1rea de planejamento e controle de produ\u00e7\u00e3o em empresa de metal\u00fargica. Atualmente estudante de mestrado, pela Universidade Federal de Pelotas, sobre o estudo de propriedades do transporte de eletr\u00f3lito gel \u00e0 base de pectina-PVA.<\/p>\n<p><span style=\"font-size: 10pt;\">Curr\u00edculo Lattes: <a href=\"http:\/\/lattes.cnpq.br\/5485429222725867\">http:\/\/lattes.cnpq.br\/5485429222725867<\/a><\/span><\/p>\n","protected":false},"excerpt":{"rendered":"<p>Aldelainy Menezes da Silva Bacharela em Qu\u00edmica Industrial pela Universidade Federal de Pelotas, atualmente mestranda no curso de Qu\u00edmica pelo PPGQ &#8211; UFPel. Possui experi\u00eancia nas \u00e1reas de qu\u00edmica inorg\u00e2nica e f\u00edsico-qu\u00edmica, com \u00eanfase em materiais silicatos do tipo SBA-15 &hellip; <a href=\"https:\/\/wp.ufpel.edu.br\/laffimat\/equipe\/doutorandos\/mestrado\/\">Continue lendo <span class=\"meta-nav\">&rarr;<\/span><\/a><\/p>\n","protected":false},"author":733,"featured_media":0,"parent":127,"menu_order":0,"comment_status":"closed","ping_status":"closed","template":"","meta":{"footnotes":""},"class_list":["post-134","page","type-page","status-publish","hentry"],"jetpack_sharing_enabled":true,"_links":{"self":[{"href":"https:\/\/wp.ufpel.edu.br\/laffimat\/wp-json\/wp\/v2\/pages\/134","targetHints":{"allow":["GET"]}}],"collection":[{"href":"https:\/\/wp.ufpel.edu.br\/laffimat\/wp-json\/wp\/v2\/pages"}],"about":[{"href":"https:\/\/wp.ufpel.edu.br\/laffimat\/wp-json\/wp\/v2\/types\/page"}],"author":[{"embeddable":true,"href":"https:\/\/wp.ufpel.edu.br\/laffimat\/wp-json\/wp\/v2\/users\/733"}],"replies":[{"embeddable":true,"href":"https:\/\/wp.ufpel.edu.br\/laffimat\/wp-json\/wp\/v2\/comments?post=134"}],"version-history":[{"count":40,"href":"https:\/\/wp.ufpel.edu.br\/laffimat\/wp-json\/wp\/v2\/pages\/134\/revisions"}],"predecessor-version":[{"id":930,"href":"https:\/\/wp.ufpel.edu.br\/laffimat\/wp-json\/wp\/v2\/pages\/134\/revisions\/930"}],"up":[{"embeddable":true,"href":"https:\/\/wp.ufpel.edu.br\/laffimat\/wp-json\/wp\/v2\/pages\/127"}],"wp:attachment":[{"href":"https:\/\/wp.ufpel.edu.br\/laffimat\/wp-json\/wp\/v2\/media?parent=134"}],"curies":[{"name":"wp","href":"https:\/\/api.w.org\/{rel}","templated":true}]}}