{"id":129,"date":"2019-06-13T00:28:02","date_gmt":"2019-06-13T03:28:02","guid":{"rendered":"https:\/\/wp.ufpel.edu.br\/laffimat\/?page_id=129"},"modified":"2024-07-22T12:47:57","modified_gmt":"2024-07-22T15:47:57","slug":"ic","status":"publish","type":"page","link":"https:\/\/wp.ufpel.edu.br\/laffimat\/equipe\/ic\/","title":{"rendered":"Inicia\u00e7\u00e3o Cient\u00edfica"},"content":{"rendered":"<p>&nbsp;<\/p>\n<ul>\n<li>\n<h2 class=\"nome\" tabindex=\"0\">Suelen Guerreiro Nunes<\/h2>\n<\/li>\n<\/ul>\n<hr \/>\n<p style=\"text-align: justify;\"><img loading=\"lazy\" decoding=\"async\" class=\" wp-image-902 alignleft\" src=\"https:\/\/wp.ufpel.edu.br\/laffimat\/files\/2024\/07\/Suelen-191x318.jpg\" alt=\"\" width=\"118\" height=\"192\" \/>Graduanda no Curso de Engenharia de Materiais, pela Universidade Federal de Pelotas (UFPel).<\/p>\n<p><span style=\"font-size: 10pt;\">Curr\u00edculo Lattes: <a href=\"http:\/\/lattes.cnpq.br\/8174240703033787\">http:\/\/lattes.cnpq.br\/8174240703033787<\/a><\/span><\/p>\n<p>&nbsp;<\/p>\n","protected":false},"excerpt":{"rendered":"<p>&nbsp; Suelen Guerreiro Nunes Graduanda no Curso de Engenharia de Materiais, pela Universidade Federal de Pelotas (UFPel). Curr\u00edculo Lattes: http:\/\/lattes.cnpq.br\/8174240703033787 &nbsp;<\/p>\n","protected":false},"author":733,"featured_media":0,"parent":46,"menu_order":0,"comment_status":"closed","ping_status":"closed","template":"","meta":{"footnotes":""},"class_list":["post-129","page","type-page","status-publish","hentry"],"jetpack_sharing_enabled":true,"_links":{"self":[{"href":"https:\/\/wp.ufpel.edu.br\/laffimat\/wp-json\/wp\/v2\/pages\/129","targetHints":{"allow":["GET"]}}],"collection":[{"href":"https:\/\/wp.ufpel.edu.br\/laffimat\/wp-json\/wp\/v2\/pages"}],"about":[{"href":"https:\/\/wp.ufpel.edu.br\/laffimat\/wp-json\/wp\/v2\/types\/page"}],"author":[{"embeddable":true,"href":"https:\/\/wp.ufpel.edu.br\/laffimat\/wp-json\/wp\/v2\/users\/733"}],"replies":[{"embeddable":true,"href":"https:\/\/wp.ufpel.edu.br\/laffimat\/wp-json\/wp\/v2\/comments?post=129"}],"version-history":[{"count":34,"href":"https:\/\/wp.ufpel.edu.br\/laffimat\/wp-json\/wp\/v2\/pages\/129\/revisions"}],"predecessor-version":[{"id":903,"href":"https:\/\/wp.ufpel.edu.br\/laffimat\/wp-json\/wp\/v2\/pages\/129\/revisions\/903"}],"up":[{"embeddable":true,"href":"https:\/\/wp.ufpel.edu.br\/laffimat\/wp-json\/wp\/v2\/pages\/46"}],"wp:attachment":[{"href":"https:\/\/wp.ufpel.edu.br\/laffimat\/wp-json\/wp\/v2\/media?parent=129"}],"curies":[{"name":"wp","href":"https:\/\/api.w.org\/{rel}","templated":true}]}}