{"id":127,"date":"2019-06-13T00:26:38","date_gmt":"2019-06-13T03:26:38","guid":{"rendered":"https:\/\/wp.ufpel.edu.br\/laffimat\/?page_id=127"},"modified":"2025-02-22T22:21:36","modified_gmt":"2025-02-23T01:21:36","slug":"doutorandos","status":"publish","type":"page","link":"https:\/\/wp.ufpel.edu.br\/laffimat\/equipe\/doutorandos\/","title":{"rendered":"Doutorado"},"content":{"rendered":"<ul>\n<li>\n<h2 class=\"nome\" tabindex=\"0\">Adalberto Gularte Schafer<\/h2>\n<\/li>\n<\/ul>\n<hr \/>\n<p style=\"text-align: justify;\"><img loading=\"lazy\" decoding=\"async\" class=\"wp-image-833 alignleft\" src=\"https:\/\/wp.ufpel.edu.br\/laffimat\/files\/2023\/07\/servletrecuperafoto-239x318.jpg\" alt=\"\" width=\"134\" height=\"175\" \/>Possui gradua\u00e7\u00e3o em Engenharia Civil Empresarial pela Universidade Federal do Rio Grande (2005) e mestrado em Engenharia e ci\u00eancia dos materiais pela Universidade Federal do Pampa (2022). Atualmente \u00e9 doutorando no Programa de p\u00f3s Gradua\u00e7\u00e3o em Ci\u00eancias e Engenharia de Materiais na Ufpel, engenheiro civil da Prefeitura Municipal de Bag\u00e9, coordenador de curso da Universidade da Regi\u00e3o da Campanha e professor gradua\u00e7\u00e3o da Universidade da Regi\u00e3o da Campanha. Tem experi\u00eancia na \u00e1rea de Engenharia Civil, com \u00eanfase em Engenharia Civil, atuando principalmente nos seguintes temas: projeto, ppci &#8211; plano de preven\u00e7\u00e3o de incendio, pavimenta\u00e7\u00e3o, drenagem e gest\u00e3o de projetos.<\/p>\n<p><span style=\"font-size: 10pt;\"><span style=\"color: #000000;\">Curr\u00edculo Lattes: <a href=\"http:\/\/lattes.cnpq.br\/7920717389530625\">http:\/\/lattes.cnpq.br\/7920717389530625<\/a><\/span><\/span><\/p>\n<hr \/>\n<ul>\n<li>\n<p class=\"nome\" tabindex=\"0\"><strong><span style=\"font-size: 12pt;\">Bruno Gomes da Silva<\/span><\/strong><\/p>\n<\/li>\n<\/ul>\n<hr \/>\n<p style=\"text-align: justify;\"><img loading=\"lazy\" decoding=\"async\" class=\"alignright\" src=\"http:\/\/servicosweb.cnpq.br\/wspessoa\/servletrecuperafoto?tipo=1&amp;id=K8471216J7\" width=\"143\" height=\"103\" \/>Graduado em F\u00edsica pelo IFSUL (2015) e em Engenharia Civil &#8211; Anhanguera de Pelotas (2020). Especialista em Ci\u00eancias e Tecnologias na Educa\u00e7\u00e3o pelo IFSUL (2017). Mestre em Ensino de Ci\u00eancias pelo Instituto Polit\u00e9cnico de Bragan\u00e7a de Portugal (2017). Doutorando em Ci\u00eancia e Engenharia dos Materiais UFPel.<\/p>\n<p><span style=\"font-size: 10pt;\"><span style=\"color: #000000;\">Curr\u00edculo Lattes: <a href=\"http:\/\/lattes.cnpq.br\/4664074533120078\">http:\/\/lattes.cnpq.br\/4664074533120078<\/a><\/span><\/span><\/p>\n<hr \/>\n<ul>\n<li>\n<h1 class=\"nome\" tabindex=\"0\">Cristian Rog\u00e9rio Guidotti Aguiar<\/h1>\n<\/li>\n<\/ul>\n<hr \/>\n<p><img loading=\"lazy\" decoding=\"async\" class=\"wp-image-894 alignleft\" style=\"text-align: justify;\" src=\"https:\/\/wp.ufpel.edu.br\/laffimat\/files\/2024\/07\/cristian-239x318.jpg\" alt=\"\" width=\"151\" height=\"196\" \/><\/p>\n<p style=\"text-align: justify;\">Possui gradua\u00e7\u00e3o em Engenharia El\u00e9trica pela Universidade Cat\u00f3lica de Pelotas. Especialista em Educa\u00e7\u00e3o pela Faculdade de Educa\u00e7\u00e3o S\u00e3o Lu\u00eds. Mestrado em Ci\u00eancias e Tecnologias na Educa\u00e7\u00e3o &#8211; Ensino de F\u00edsica pelo Instituto Federal de Educa\u00e7\u00e3o, Ci\u00eancia e Tecnologia Sul-rio-grandense &#8211; C\u00e2mpus CAVG. Doutorando no Programa de P\u00f3s-Gradua\u00e7\u00e3o em Ci\u00eancia e Engenharia de Materiais (PPGCEM) da Universidade Federal de Pelotas. Atualmente \u00e9 professor EBTT do Instituto Federal de Educa\u00e7\u00e3o, Ci\u00eancia e Tecnologia Sul-rio-grandense &#8211; C\u00e2mpus Pelotas.<\/p>\n<p><span style=\"font-size: 10pt;\"><span style=\"color: #000000;\">Curr\u00edculo Lattes: <a href=\"http:\/\/lattes.cnpq.br\/5913541959658589\">http:\/\/lattes.cnpq.br\/5913541959658589<\/a><\/span><\/span><\/p>\n<hr \/>\n<ul>\n<li><span style=\"font-size: 12pt;\"><strong>Daniele Ferreira Lopes<\/strong><\/span><\/li>\n<\/ul>\n<hr \/>\n<p style=\"text-align: justify;\"><img loading=\"lazy\" decoding=\"async\" class=\"alignright\" src=\"http:\/\/servicosweb.cnpq.br\/wspessoa\/servletrecuperafoto?tipo=1&amp;id=K4431996Z4\" width=\"144\" height=\"137\" \/>Graduada em Engenharia de Produ\u00e7\u00e3o (2018) pela Universidade Federal do Pampa, (UNIPAMPA). Mestre em Engenharia e Ci\u00eancia de Materiais (2021) pelo Programa de P\u00f3s-gradua\u00e7\u00e3o em Engenharia e Ci\u00eancia de Materiais (PPCEM) da UNIPAMPA. Especialista em Modelagem Computacional em Ensino, Experimenta\u00e7\u00e3o e Simula\u00e7\u00e3o pela UNIPAMPA (2021) e Doutoranda do Programa de P\u00f3s-gradua\u00e7\u00e3o em Engenharia e Ci\u00eancia de Materiais (PPGCEM) pela Universidade Federal de Pelotas (2021). Tem experi\u00eancia na \u00e1rea de Engenharia de Produ\u00e7\u00e3o com \u00eanfase em: Pesquisa Operacional e Simula\u00e7\u00e3o. Experi\u00eancia em Engenharia de Materiais com \u00eanfase no desenvolvimento de concretos e argamassas sustent\u00e1veis com pozolanas minerais, avalia\u00e7\u00e3o do comportamento mec\u00e2nico e caracteriza\u00e7\u00e3o espectrosc\u00f3pica de materiais, ensaios eletroqu\u00edmicos e corros\u00e3o met\u00e1lica. E experi\u00eancia na \u00e1rea de modelagem e simula\u00e7\u00e3o computacional de dados experimentais. Atua como professora e coordenadora do Curso de Engenharia de Produ\u00e7\u00e3o da Universidade da Regi\u00e3o da Campanha.<\/p>\n<p><span style=\"font-size: 10pt;\">Curr\u00edculo Lattes: <a href=\"http:\/\/lattes.cnpq.br\/4565695777098376\">http:\/\/lattes.cnpq.br\/4565695777098376<\/a><\/span><\/p>\n<p><span style=\"font-size: 10pt;\">E-mail: epdaniele@gmail.com<\/span><\/p>\n<div class=\"infpessoa\"><\/div>\n<hr \/>\n<ul>\n<li><strong><span style=\"font-size: 12pt;\">Giovani Lucas Coimbra<\/span><\/strong><\/li>\n<\/ul>\n<p><img loading=\"lazy\" decoding=\"async\" class=\"wp-image-835 alignright\" src=\"https:\/\/wp.ufpel.edu.br\/laffimat\/files\/2023\/07\/servletrecuperafoto-2-241x318.jpg\" alt=\"\" width=\"168\" height=\"218\" \/><\/p>\n<p style=\"text-align: justify;\">Mestrando em Engenharia de Materiais pelo Programa de P\u00f3s Gradua\u00e7\u00e3o em Ci\u00eancia e Engenharia de Materiais da Universidade Federal de Pelotas UFPEL. Possui gradua\u00e7\u00e3o em Engenharia El\u00e9trica pelo Instituto Federal Sul-rio-grandense IFSUL &#8211; C\u00e2mpus Pelotas (2015). Atualmente \u00e9 professor substituto do Curso T\u00e9cnico de Eletr\u00f4nica do Instituto Federal Sul-rio-grandense IFSUL &#8211; C\u00e2mpus Pelotas. Atuou como professor substituto do Curso T\u00e9cnico em Automa\u00e7\u00e3o Industrial do Instituto Federal de Educa\u00e7\u00e3o, Ci\u00eancia e Tecnologia do Rio Grande do Sul IFRS &#8211; Campus Rio Grande (2021 a 2022). Atuou como professor substituto do Curso T\u00e9cnico de Telecomunica\u00e7\u00f5es do Instituto Federal Sul-rio-grandense IFSUL &#8211; C\u00e2mpus Pelotas (2017 a 2019). Possui Curso T\u00e9cnico em Eletr\u00f4nica pelo Instituto Federal Sul-rio-grandense IFSUL &#8211; C\u00e2mpus Pelotas (2004). Tem experi\u00eancia profissional como celetista na \u00e1rea da eletr\u00f4nica em empresa privada por aproximadamente 10 anos (2011 a 2020).<\/p>\n<p><span style=\"font-size: 10pt;\">Curr\u00edculo Lattes: <a href=\"http:\/\/lattes.cnpq.br\/3561461226877505\">http:\/\/lattes.cnpq.br\/3561461226877505<\/a><\/span><\/p>\n<p><span style=\"font-size: 10pt;\">E-mail: giovanilcoimbra@gmail.com<\/span><\/p>\n<hr \/>\n<ul>\n<li style=\"list-style-type: none;\">Luiz Alberto de Moraes Salcedo<\/li>\n<\/ul>\n<hr \/>\n<p style=\"text-align: justify;\"><img loading=\"lazy\" decoding=\"async\" class=\" wp-image-920 alignleft\" src=\"https:\/\/wp.ufpel.edu.br\/laffimat\/files\/2024\/07\/Luiz-239x318.jpg\" alt=\"\" width=\"147\" height=\"192\" \/>Possui gradua\u00e7\u00e3o em Bacharelado Em F\u00edsica pela Universidade Federal do Rio Grande (2001) e mestrado em F\u00edsica pelo Instituto Tecnol\u00f3gico de Aeron\u00e1utica (2004). Licenciado em Matem\u00e1tica pelo Centro Universit\u00e1rio de Maring\u00e1 (2019). \u00c9 professor de cursos pr\u00e9-vestibulares e cursos preparat\u00f3rios para concursos p\u00fablicos desde 2012 atuando nas \u00e1reas de Matem\u00e1tica, F\u00edsica e Racioc\u00ednio L\u00f3gico.<\/p>\n<p><span style=\"font-size: 10pt;\"><span style=\"color: #000000;\">Curr\u00edculo Lattes: <a href=\"http:\/\/lattes.cnpq.br\/6647142376892920\">http:\/\/lattes.cnpq.br\/6647142376892920<\/a><\/span><\/span><\/p>\n<h2 class=\"nome\" tabindex=\"0\"><\/h2>\n<hr \/>\n<ul>\n<li>\n<p class=\"nome\" tabindex=\"0\"><strong><span style=\"font-size: 12pt;\">Michele da Cruz Larrossa<\/span><\/strong><\/p>\n<\/li>\n<\/ul>\n<hr \/>\n<p style=\"text-align: justify;\"><img loading=\"lazy\" decoding=\"async\" class=\"alignright\" src=\"http:\/\/servicosweb.cnpq.br\/wspessoa\/servletrecuperafoto?tipo=1&amp;id=K4421511H3\" width=\"121\" height=\"157\" \/>Mestre em Engenharia Oce\u00e2nica pela Universidade Federal de Rio Grande (FURG) e Engenheira Civil pela FURG desde 2008. \u00c9 Doutoranda no Programa de P\u00f3s-Gradua\u00e7\u00e3o em Ci\u00eancia e Engenharia de Materiais (PPGCEM) da Universidade Federal de Pelotas (UFPEL). Atuou como coordenadora e engenheira civil em empresas privadas entre os anos de 2008 e 2016 com atividades em planejamento de opera\u00e7\u00f5es navais e gest\u00e3o e, desde 2016 atua como Engenheira Civil na Universidade Federal do Rio Grande, tendo atuado durante 2021 e 2022 como Coordenadora de Garantia e Manuten\u00e7\u00e3o Predial de todos os Campi da Universidade. \u00c9 especialista em Engenharia de Planejamento e possui aperfei\u00e7oamento em Metodologia do Ensino Profissionalizante.<\/p>\n<p><span style=\"font-size: 10pt;\"><span style=\"color: #000000;\">Curr\u00edculo Lattes:<a href=\"http:\/\/lattes.cnpq.br\/4257991422095085\"> http:\/\/lattes.cnpq.br\/4257991422095085<\/a><\/span><\/span><\/p>\n<hr \/>\n<ul>\n<li><span style=\"font-size: 12pt;\"><strong>Richard Gustavo Pereira Gonzalez<\/strong><\/span><\/li>\n<\/ul>\n<hr \/>\n<p style=\"text-align: justify;\"><img loading=\"lazy\" decoding=\"async\" class=\"wp-image-603 size-thumbnail alignleft\" src=\"https:\/\/wp.ufpel.edu.br\/laffimat\/files\/2020\/06\/Richard-159x159.jpg\" alt=\"\" width=\"159\" height=\"159\" srcset=\"https:\/\/wp.ufpel.edu.br\/laffimat\/files\/2020\/06\/Richard-159x159.jpg 159w, https:\/\/wp.ufpel.edu.br\/laffimat\/files\/2020\/06\/Richard-318x318.jpg 318w, https:\/\/wp.ufpel.edu.br\/laffimat\/files\/2020\/06\/Richard-300x300.jpg 300w, https:\/\/wp.ufpel.edu.br\/laffimat\/files\/2020\/06\/Richard.jpg 640w\" sizes=\"auto, (max-width: 159px) 100vw, 159px\" \/>Possui gradua\u00e7\u00e3o em F\u00edsica (Consejo de Educaci\u00f3n Secundaria) (2018). Atualmente \u00e9 professor (Consejo de Educaci\u00f3n Secundaria), e faz mestrado em Ci\u00eancia e Engenharia de Materiais pela UFPEL.<\/p>\n<p style=\"text-align: justify;\"><span style=\"font-size: 10pt;\">Curr\u00edculo Lattes: <a href=\"http:\/\/lattes.cnpq.br\/5638634955050135\">http:\/\/lattes.cnpq.br\/5638634955050135<\/a><\/span><\/p>\n<p style=\"text-align: justify;\"><span style=\"font-size: 10pt;\">E-mail: ric20527@gmail.com<\/span><\/p>\n<p>&nbsp;<\/p>\n<p>&nbsp;<\/p>\n","protected":false},"excerpt":{"rendered":"<p>Adalberto Gularte Schafer Possui gradua\u00e7\u00e3o em Engenharia Civil Empresarial pela Universidade Federal do Rio Grande (2005) e mestrado em Engenharia e ci\u00eancia dos materiais pela Universidade Federal do Pampa (2022). Atualmente \u00e9 doutorando no Programa de p\u00f3s Gradua\u00e7\u00e3o em Ci\u00eancias &hellip; <a href=\"https:\/\/wp.ufpel.edu.br\/laffimat\/equipe\/doutorandos\/\">Continue lendo <span class=\"meta-nav\">&rarr;<\/span><\/a><\/p>\n","protected":false},"author":733,"featured_media":0,"parent":46,"menu_order":0,"comment_status":"closed","ping_status":"closed","template":"","meta":{"footnotes":""},"class_list":["post-127","page","type-page","status-publish","hentry"],"jetpack_sharing_enabled":true,"_links":{"self":[{"href":"https:\/\/wp.ufpel.edu.br\/laffimat\/wp-json\/wp\/v2\/pages\/127","targetHints":{"allow":["GET"]}}],"collection":[{"href":"https:\/\/wp.ufpel.edu.br\/laffimat\/wp-json\/wp\/v2\/pages"}],"about":[{"href":"https:\/\/wp.ufpel.edu.br\/laffimat\/wp-json\/wp\/v2\/types\/page"}],"author":[{"embeddable":true,"href":"https:\/\/wp.ufpel.edu.br\/laffimat\/wp-json\/wp\/v2\/users\/733"}],"replies":[{"embeddable":true,"href":"https:\/\/wp.ufpel.edu.br\/laffimat\/wp-json\/wp\/v2\/comments?post=127"}],"version-history":[{"count":37,"href":"https:\/\/wp.ufpel.edu.br\/laffimat\/wp-json\/wp\/v2\/pages\/127\/revisions"}],"predecessor-version":[{"id":929,"href":"https:\/\/wp.ufpel.edu.br\/laffimat\/wp-json\/wp\/v2\/pages\/127\/revisions\/929"}],"up":[{"embeddable":true,"href":"https:\/\/wp.ufpel.edu.br\/laffimat\/wp-json\/wp\/v2\/pages\/46"}],"wp:attachment":[{"href":"https:\/\/wp.ufpel.edu.br\/laffimat\/wp-json\/wp\/v2\/media?parent=127"}],"curies":[{"name":"wp","href":"https:\/\/api.w.org\/{rel}","templated":true}]}}