{"id":546,"date":"2021-04-13T17:25:08","date_gmt":"2021-04-13T20:25:08","guid":{"rendered":"https:\/\/wp.ufpel.edu.br\/ladrateatro\/?page_id=546"},"modified":"2021-09-27T22:56:08","modified_gmt":"2021-09-28T01:56:08","slug":"mini-historias-para-infancia-2","status":"publish","type":"page","link":"https:\/\/wp.ufpel.edu.br\/ladrateatro\/mini-historias-para-infancia-2\/","title":{"rendered":"Reconta\u00e7\u00e3o de hist\u00f3rias para a inf\u00e2ncia 2"},"content":{"rendered":"","protected":false},"excerpt":{"rendered":"","protected":false},"author":949,"featured_media":0,"parent":0,"menu_order":0,"comment_status":"closed","ping_status":"closed","template":"","meta":{"footnotes":""},"class_list":["post-546","page","type-page","status-publish","hentry"],"_links":{"self":[{"href":"https:\/\/wp.ufpel.edu.br\/ladrateatro\/wp-json\/wp\/v2\/pages\/546","targetHints":{"allow":["GET"]}}],"collection":[{"href":"https:\/\/wp.ufpel.edu.br\/ladrateatro\/wp-json\/wp\/v2\/pages"}],"about":[{"href":"https:\/\/wp.ufpel.edu.br\/ladrateatro\/wp-json\/wp\/v2\/types\/page"}],"author":[{"embeddable":true,"href":"https:\/\/wp.ufpel.edu.br\/ladrateatro\/wp-json\/wp\/v2\/users\/949"}],"replies":[{"embeddable":true,"href":"https:\/\/wp.ufpel.edu.br\/ladrateatro\/wp-json\/wp\/v2\/comments?post=546"}],"version-history":[{"count":3,"href":"https:\/\/wp.ufpel.edu.br\/ladrateatro\/wp-json\/wp\/v2\/pages\/546\/revisions"}],"predecessor-version":[{"id":621,"href":"https:\/\/wp.ufpel.edu.br\/ladrateatro\/wp-json\/wp\/v2\/pages\/546\/revisions\/621"}],"wp:attachment":[{"href":"https:\/\/wp.ufpel.edu.br\/ladrateatro\/wp-json\/wp\/v2\/media?parent=546"}],"curies":[{"name":"wp","href":"https:\/\/api.w.org\/{rel}","templated":true}]}}