{"id":536,"date":"2021-04-13T17:00:48","date_gmt":"2021-04-13T20:00:48","guid":{"rendered":"https:\/\/wp.ufpel.edu.br\/ladrateatro\/?page_id=536"},"modified":"2021-04-13T17:00:48","modified_gmt":"2021-04-13T20:00:48","slug":"pequena-misteriosa-leticia-conter","status":"publish","type":"page","link":"https:\/\/wp.ufpel.edu.br\/ladrateatro\/fotodramas\/pequena-misteriosa-leticia-conter\/","title":{"rendered":"Pequena misteriosa &#8211; Let\u00edcia Conter"},"content":{"rendered":"<p><iframe title=\"Pequena misteriosa - Let\u00edcia Conter.\" width=\"500\" height=\"281\" src=\"https:\/\/www.youtube.com\/embed\/Yc29Zb7XwjQ?feature=oembed\" frameborder=\"0\" allow=\"accelerometer; autoplay; clipboard-write; encrypted-media; gyroscope; picture-in-picture; web-share\" referrerpolicy=\"strict-origin-when-cross-origin\" allowfullscreen><\/iframe><\/p>\n<p>Baseei meu trabalho em uma hist\u00f3ria contada por uma amiga, fiz algumas adapta\u00e7\u00f5es, criei um final e parti para a caracteriza\u00e7\u00e3o das personagens. J\u00e1 tinha algumas ideias formadas antes de decidir a hist\u00f3ria: eu faria uma fotonovela; as atrizes seriam minha m\u00e3e e eu, independente da quantidade de personagens; tentaria fazer uma ambienta\u00e7\u00e3o mais antiga; as imagens seriam em preto e branco.<br \/>\nAssim que montei a hist\u00f3ria na minha cabe\u00e7a, tive uma ideia de como seriam as cenas e as intera\u00e7\u00f5es entre as personagens, caracterizei minha m\u00e3e e eu e come\u00e7amos a tirar as fotos.<br \/>\nA dire\u00e7\u00e3o foi baseada em algumas emo\u00e7\u00f5es ou situa\u00e7\u00f5es, eu dizia &#8220;Agora n\u00f3s estamos bravas com ele&#8221; ou &#8220;Agora n\u00f3s queremos matar ele&#8221; e tir\u00e1vamos as fotos. Depois selecionei as que melhor se encaixariam em um roteiro da hist\u00f3ria e criei o di\u00e1logo. Tentei aproximar o m\u00e1ximo poss\u00edvel de uma verdadeira fotonovela, daquelas bem antigas que eu at\u00e9 encontrei em umas revistas aqui em casa. Mas como optei pelo formato em v\u00eddeo, achei que uma m\u00fasica bem animada e com aspecto antigo cairia bem.<br \/>\nAcredito que a atmosfera liter\u00e1ria que predominou foi a dram\u00e1tica, com uma estrutura cl\u00e1ssica, onde um objeto causa o conflito.<\/p>\n","protected":false},"excerpt":{"rendered":"<p>Baseei meu trabalho em uma hist\u00f3ria contada por uma amiga, fiz algumas adapta\u00e7\u00f5es, criei um final e parti para a caracteriza\u00e7\u00e3o das personagens. J\u00e1 tinha algumas ideias formadas antes de decidir a hist\u00f3ria: eu faria uma fotonovela; as atrizes seriam minha m\u00e3e e eu, independente da quantidade de personagens; tentaria fazer uma ambienta\u00e7\u00e3o mais antiga; [&hellip;]<\/p>\n","protected":false},"author":949,"featured_media":0,"parent":242,"menu_order":5,"comment_status":"closed","ping_status":"closed","template":"","meta":{"footnotes":""},"class_list":["post-536","page","type-page","status-publish","hentry"],"_links":{"self":[{"href":"https:\/\/wp.ufpel.edu.br\/ladrateatro\/wp-json\/wp\/v2\/pages\/536","targetHints":{"allow":["GET"]}}],"collection":[{"href":"https:\/\/wp.ufpel.edu.br\/ladrateatro\/wp-json\/wp\/v2\/pages"}],"about":[{"href":"https:\/\/wp.ufpel.edu.br\/ladrateatro\/wp-json\/wp\/v2\/types\/page"}],"author":[{"embeddable":true,"href":"https:\/\/wp.ufpel.edu.br\/ladrateatro\/wp-json\/wp\/v2\/users\/949"}],"replies":[{"embeddable":true,"href":"https:\/\/wp.ufpel.edu.br\/ladrateatro\/wp-json\/wp\/v2\/comments?post=536"}],"version-history":[{"count":1,"href":"https:\/\/wp.ufpel.edu.br\/ladrateatro\/wp-json\/wp\/v2\/pages\/536\/revisions"}],"predecessor-version":[{"id":538,"href":"https:\/\/wp.ufpel.edu.br\/ladrateatro\/wp-json\/wp\/v2\/pages\/536\/revisions\/538"}],"up":[{"embeddable":true,"href":"https:\/\/wp.ufpel.edu.br\/ladrateatro\/wp-json\/wp\/v2\/pages\/242"}],"wp:attachment":[{"href":"https:\/\/wp.ufpel.edu.br\/ladrateatro\/wp-json\/wp\/v2\/media?parent=536"}],"curies":[{"name":"wp","href":"https:\/\/api.w.org\/{rel}","templated":true}]}}