{"id":533,"date":"2021-04-13T16:58:02","date_gmt":"2021-04-13T19:58:02","guid":{"rendered":"https:\/\/wp.ufpel.edu.br\/ladrateatro\/?page_id=533"},"modified":"2021-04-13T16:58:02","modified_gmt":"2021-04-13T19:58:02","slug":"conto-de-fadas-de-2020-claudia-gigante","status":"publish","type":"page","link":"https:\/\/wp.ufpel.edu.br\/ladrateatro\/fotodramas\/conto-de-fadas-de-2020-claudia-gigante\/","title":{"rendered":"Conto de fadas de 2020 &#8211; Cl\u00e1udia Gigante"},"content":{"rendered":"<p><iframe title=\"Conto de fadas de 2020 - Cl\u00e1udia Gigante.\" width=\"500\" height=\"281\" src=\"https:\/\/www.youtube.com\/embed\/JgECc0m7sso?feature=oembed\" frameborder=\"0\" allow=\"accelerometer; autoplay; clipboard-write; encrypted-media; gyroscope; picture-in-picture; web-share\" referrerpolicy=\"strict-origin-when-cross-origin\" allowfullscreen><\/iframe><\/p>\n<p>Senti muita dificuldade e conheci, finalmente, o famoso &#8220;bloqueio criativo&#8221;.<br \/>\nTive algumas dificuldades f\u00edsicas, mas o que realmente me incapacitou foi a minha cabe\u00e7a.<br \/>\nDe qualquer forma, acabei transpondo para o fotodrama de forma figurada o que estou sentindo no momento: um muro de conten\u00e7\u00e3o intranspon\u00edvel na minha vida (principalmente acad\u00eamica).<br \/>\nAcredito que a atmosfera foi a dram\u00e1tica&#8230;<\/p>\n","protected":false},"excerpt":{"rendered":"<p>Senti muita dificuldade e conheci, finalmente, o famoso &#8220;bloqueio criativo&#8221;. Tive algumas dificuldades f\u00edsicas, mas o que realmente me incapacitou foi a minha cabe\u00e7a. De qualquer forma, acabei transpondo para o fotodrama de forma figurada o que estou sentindo no momento: um muro de conten\u00e7\u00e3o intranspon\u00edvel na minha vida (principalmente acad\u00eamica). Acredito que a atmosfera [&hellip;]<\/p>\n","protected":false},"author":949,"featured_media":0,"parent":242,"menu_order":4,"comment_status":"closed","ping_status":"closed","template":"","meta":{"footnotes":""},"class_list":["post-533","page","type-page","status-publish","hentry"],"_links":{"self":[{"href":"https:\/\/wp.ufpel.edu.br\/ladrateatro\/wp-json\/wp\/v2\/pages\/533","targetHints":{"allow":["GET"]}}],"collection":[{"href":"https:\/\/wp.ufpel.edu.br\/ladrateatro\/wp-json\/wp\/v2\/pages"}],"about":[{"href":"https:\/\/wp.ufpel.edu.br\/ladrateatro\/wp-json\/wp\/v2\/types\/page"}],"author":[{"embeddable":true,"href":"https:\/\/wp.ufpel.edu.br\/ladrateatro\/wp-json\/wp\/v2\/users\/949"}],"replies":[{"embeddable":true,"href":"https:\/\/wp.ufpel.edu.br\/ladrateatro\/wp-json\/wp\/v2\/comments?post=533"}],"version-history":[{"count":1,"href":"https:\/\/wp.ufpel.edu.br\/ladrateatro\/wp-json\/wp\/v2\/pages\/533\/revisions"}],"predecessor-version":[{"id":535,"href":"https:\/\/wp.ufpel.edu.br\/ladrateatro\/wp-json\/wp\/v2\/pages\/533\/revisions\/535"}],"up":[{"embeddable":true,"href":"https:\/\/wp.ufpel.edu.br\/ladrateatro\/wp-json\/wp\/v2\/pages\/242"}],"wp:attachment":[{"href":"https:\/\/wp.ufpel.edu.br\/ladrateatro\/wp-json\/wp\/v2\/media?parent=533"}],"curies":[{"name":"wp","href":"https:\/\/api.w.org\/{rel}","templated":true}]}}