{"id":530,"date":"2021-04-13T16:54:50","date_gmt":"2021-04-13T19:54:50","guid":{"rendered":"https:\/\/wp.ufpel.edu.br\/ladrateatro\/?page_id=530"},"modified":"2021-04-13T16:54:50","modified_gmt":"2021-04-13T19:54:50","slug":"drama-felino-rodrigo-reis","status":"publish","type":"page","link":"https:\/\/wp.ufpel.edu.br\/ladrateatro\/fotodramas\/drama-felino-rodrigo-reis\/","title":{"rendered":"Drama felino &#8211; Rodrigo Reis"},"content":{"rendered":"<p>&nbsp;<\/p>\n<p><iframe title=\"Drama felino - Rodrigo Reis.\" width=\"500\" height=\"281\" src=\"https:\/\/www.youtube.com\/embed\/gg0GzWxaL-I?feature=oembed\" frameborder=\"0\" allow=\"accelerometer; autoplay; clipboard-write; encrypted-media; gyroscope; picture-in-picture; web-share\" referrerpolicy=\"strict-origin-when-cross-origin\" allowfullscreen><\/iframe><\/p>\n<p>Criei uma fotonovela baseado nas idiossincrasias dos felinos dom\u00e9sticos, que pedem comida mesmo quando existe ra\u00e7\u00e3o no pote. A partir da\u00ed imaginei o que se passaria na cabe\u00e7a da minha gata como justificativa para tal comportamento, a partir de uma interpreta\u00e7\u00e3o filos\u00f3fica-art\u00edstica do ato de miar para pedir comida, e n\u00e3o biol\u00f3gica-comportamental.<br \/>\nA atmosfera liter\u00e1ria que escolhi envolve o l\u00edrico-dram\u00e1tico, pois eu construo a narrativa al\u00e9m da minha gata que possui falas. Escolhi um tema melanc\u00f3lico para dar atmosfera, por\u00e9m com algo de c\u00f4mico. Fiquei na d\u00favida entre uma m\u00fasica de fundo dram\u00e1tica ou c\u00f4mica. Acabei optando pela dram\u00e1tica, e o lado c\u00f4mico ficou como elemento subjetivo. Como fotonovela, o ru\u00eddo e a m\u00fasica, tom e a palavra s\u00e3o os elementos que perfazem meu v\u00eddeo.<\/p>\n","protected":false},"excerpt":{"rendered":"<p>&nbsp; Criei uma fotonovela baseado nas idiossincrasias dos felinos dom\u00e9sticos, que pedem comida mesmo quando existe ra\u00e7\u00e3o no pote. A partir da\u00ed imaginei o que se passaria na cabe\u00e7a da minha gata como justificativa para tal comportamento, a partir de uma interpreta\u00e7\u00e3o filos\u00f3fica-art\u00edstica do ato de miar para pedir comida, e n\u00e3o biol\u00f3gica-comportamental. A atmosfera [&hellip;]<\/p>\n","protected":false},"author":949,"featured_media":0,"parent":242,"menu_order":3,"comment_status":"closed","ping_status":"closed","template":"","meta":{"footnotes":""},"class_list":["post-530","page","type-page","status-publish","hentry"],"_links":{"self":[{"href":"https:\/\/wp.ufpel.edu.br\/ladrateatro\/wp-json\/wp\/v2\/pages\/530","targetHints":{"allow":["GET"]}}],"collection":[{"href":"https:\/\/wp.ufpel.edu.br\/ladrateatro\/wp-json\/wp\/v2\/pages"}],"about":[{"href":"https:\/\/wp.ufpel.edu.br\/ladrateatro\/wp-json\/wp\/v2\/types\/page"}],"author":[{"embeddable":true,"href":"https:\/\/wp.ufpel.edu.br\/ladrateatro\/wp-json\/wp\/v2\/users\/949"}],"replies":[{"embeddable":true,"href":"https:\/\/wp.ufpel.edu.br\/ladrateatro\/wp-json\/wp\/v2\/comments?post=530"}],"version-history":[{"count":1,"href":"https:\/\/wp.ufpel.edu.br\/ladrateatro\/wp-json\/wp\/v2\/pages\/530\/revisions"}],"predecessor-version":[{"id":532,"href":"https:\/\/wp.ufpel.edu.br\/ladrateatro\/wp-json\/wp\/v2\/pages\/530\/revisions\/532"}],"up":[{"embeddable":true,"href":"https:\/\/wp.ufpel.edu.br\/ladrateatro\/wp-json\/wp\/v2\/pages\/242"}],"wp:attachment":[{"href":"https:\/\/wp.ufpel.edu.br\/ladrateatro\/wp-json\/wp\/v2\/media?parent=530"}],"curies":[{"name":"wp","href":"https:\/\/api.w.org\/{rel}","templated":true}]}}