{"id":527,"date":"2021-04-13T16:51:57","date_gmt":"2021-04-13T19:51:57","guid":{"rendered":"https:\/\/wp.ufpel.edu.br\/ladrateatro\/?page_id=527"},"modified":"2021-04-13T16:51:57","modified_gmt":"2021-04-13T19:51:57","slug":"sweeney-todd-louis-wotter","status":"publish","type":"page","link":"https:\/\/wp.ufpel.edu.br\/ladrateatro\/fotodramas\/sweeney-todd-louis-wotter\/","title":{"rendered":"Sweeney Todd &#8211; Louis Wotter"},"content":{"rendered":"<p><iframe title=\"Sweeney Todd - Louis.\" width=\"500\" height=\"281\" src=\"https:\/\/www.youtube.com\/embed\/k48b6XmFoJI?feature=oembed\" frameborder=\"0\" allow=\"accelerometer; autoplay; clipboard-write; encrypted-media; gyroscope; picture-in-picture; web-share\" referrerpolicy=\"strict-origin-when-cross-origin\" allowfullscreen><\/iframe><\/p>\n<p>Acredito que minha hist\u00f3ria seja totalmente dram\u00e1tica j\u00e1 que n\u00e3o teve narra\u00e7\u00e3o, foram apenas os personagens falando por si mesmos e construindo a hist\u00f3ria.<br \/>\nBasicamente, eu apenas converti a hist\u00f3ria contada em um filme para o formato de HQ\/Fotonovela, com imagens e falas ao longo dos quadrinhos. No v\u00eddeo, coloquei a trilha sonora do filme para deixar com o mesmo clima que se sente ao assistir o filme. Apenas diminu\u00ed os frames em que a hist\u00f3ria \u00e9 contada, limitando-os \u00e0s cenas mais importantes para o entendimento do que ocorre em cena. A sonoplastia constr\u00f3i, junto das cenas, a tens\u00e3o e suspense que era preciso para capturar a aten\u00e7\u00e3o.<br \/>\nMeu processo criativo foi pegar algo que eu amo muito e mostrar para os outros de uma forma diferente da contada originalmente.<\/p>\n","protected":false},"excerpt":{"rendered":"<p>Acredito que minha hist\u00f3ria seja totalmente dram\u00e1tica j\u00e1 que n\u00e3o teve narra\u00e7\u00e3o, foram apenas os personagens falando por si mesmos e construindo a hist\u00f3ria. Basicamente, eu apenas converti a hist\u00f3ria contada em um filme para o formato de HQ\/Fotonovela, com imagens e falas ao longo dos quadrinhos. No v\u00eddeo, coloquei a trilha sonora do filme [&hellip;]<\/p>\n","protected":false},"author":949,"featured_media":0,"parent":242,"menu_order":2,"comment_status":"closed","ping_status":"closed","template":"","meta":{"footnotes":""},"class_list":["post-527","page","type-page","status-publish","hentry"],"_links":{"self":[{"href":"https:\/\/wp.ufpel.edu.br\/ladrateatro\/wp-json\/wp\/v2\/pages\/527","targetHints":{"allow":["GET"]}}],"collection":[{"href":"https:\/\/wp.ufpel.edu.br\/ladrateatro\/wp-json\/wp\/v2\/pages"}],"about":[{"href":"https:\/\/wp.ufpel.edu.br\/ladrateatro\/wp-json\/wp\/v2\/types\/page"}],"author":[{"embeddable":true,"href":"https:\/\/wp.ufpel.edu.br\/ladrateatro\/wp-json\/wp\/v2\/users\/949"}],"replies":[{"embeddable":true,"href":"https:\/\/wp.ufpel.edu.br\/ladrateatro\/wp-json\/wp\/v2\/comments?post=527"}],"version-history":[{"count":1,"href":"https:\/\/wp.ufpel.edu.br\/ladrateatro\/wp-json\/wp\/v2\/pages\/527\/revisions"}],"predecessor-version":[{"id":529,"href":"https:\/\/wp.ufpel.edu.br\/ladrateatro\/wp-json\/wp\/v2\/pages\/527\/revisions\/529"}],"up":[{"embeddable":true,"href":"https:\/\/wp.ufpel.edu.br\/ladrateatro\/wp-json\/wp\/v2\/pages\/242"}],"wp:attachment":[{"href":"https:\/\/wp.ufpel.edu.br\/ladrateatro\/wp-json\/wp\/v2\/media?parent=527"}],"curies":[{"name":"wp","href":"https:\/\/api.w.org\/{rel}","templated":true}]}}