{"id":524,"date":"2021-04-13T16:48:38","date_gmt":"2021-04-13T19:48:38","guid":{"rendered":"https:\/\/wp.ufpel.edu.br\/ladrateatro\/?page_id=524"},"modified":"2021-04-13T23:04:52","modified_gmt":"2021-04-14T02:04:52","slug":"afrotopia-de-dandara-nay-costa","status":"publish","type":"page","link":"https:\/\/wp.ufpel.edu.br\/ladrateatro\/outras-criacoes\/afrotopia-de-dandara-nay-costa\/","title":{"rendered":"AFROTOPIA de Dandara &#8211; Nay Costa"},"content":{"rendered":"<p>&nbsp;<\/p>\n<p><iframe title=\"AFROTOPIA de Dandara - NAY.\" width=\"500\" height=\"281\" src=\"https:\/\/www.youtube.com\/embed\/gGN8DvMPR84?feature=oembed\" frameborder=\"0\" allow=\"accelerometer; autoplay; clipboard-write; encrypted-media; gyroscope; picture-in-picture; web-share\" referrerpolicy=\"strict-origin-when-cross-origin\" allowfullscreen><\/iframe><\/p>\n<p>A narrativa que eu constru\u00ed \u00e9 \u00e9pica, pois \u00e9 um narrador contando a trajet\u00f3ria da personagens Dandara.\u00a0 Eu escolhi experimentar desta forma a partir de v\u00e1rios atravessamentos que ocorreram nos \u00faltimos dias, estive lendo alguns mat\u00e9rias que me trouxeram outras inquieta\u00e7\u00f5es a respeito da minha pr\u00e1tica e forma de estar e pertencer. Outro fator foi participar da I mostra de artes c\u00eanicas negras de Porto Alegre &#8211; Cura, que me inseriu num processo de reflex\u00e3o, sobre o meu corpo preto e a minha ancestralidade.<br \/>\nEscolhi trabalhar elementos narrativos que criassem novos imagin\u00e1rios e novas narrativas e, ao mesmo tempo, refletir sobre a estrutura ao qual vivemos.<\/p>\n","protected":false},"excerpt":{"rendered":"<p>&nbsp; A narrativa que eu constru\u00ed \u00e9 \u00e9pica, pois \u00e9 um narrador contando a trajet\u00f3ria da personagens Dandara.\u00a0 Eu escolhi experimentar desta forma a partir de v\u00e1rios atravessamentos que ocorreram nos \u00faltimos dias, estive lendo alguns mat\u00e9rias que me trouxeram outras inquieta\u00e7\u00f5es a respeito da minha pr\u00e1tica e forma de estar e pertencer. Outro fator [&hellip;]<\/p>\n","protected":false},"author":949,"featured_media":0,"parent":340,"menu_order":1,"comment_status":"closed","ping_status":"closed","template":"","meta":{"footnotes":""},"class_list":["post-524","page","type-page","status-publish","hentry"],"_links":{"self":[{"href":"https:\/\/wp.ufpel.edu.br\/ladrateatro\/wp-json\/wp\/v2\/pages\/524","targetHints":{"allow":["GET"]}}],"collection":[{"href":"https:\/\/wp.ufpel.edu.br\/ladrateatro\/wp-json\/wp\/v2\/pages"}],"about":[{"href":"https:\/\/wp.ufpel.edu.br\/ladrateatro\/wp-json\/wp\/v2\/types\/page"}],"author":[{"embeddable":true,"href":"https:\/\/wp.ufpel.edu.br\/ladrateatro\/wp-json\/wp\/v2\/users\/949"}],"replies":[{"embeddable":true,"href":"https:\/\/wp.ufpel.edu.br\/ladrateatro\/wp-json\/wp\/v2\/comments?post=524"}],"version-history":[{"count":3,"href":"https:\/\/wp.ufpel.edu.br\/ladrateatro\/wp-json\/wp\/v2\/pages\/524\/revisions"}],"predecessor-version":[{"id":578,"href":"https:\/\/wp.ufpel.edu.br\/ladrateatro\/wp-json\/wp\/v2\/pages\/524\/revisions\/578"}],"up":[{"embeddable":true,"href":"https:\/\/wp.ufpel.edu.br\/ladrateatro\/wp-json\/wp\/v2\/pages\/340"}],"wp:attachment":[{"href":"https:\/\/wp.ufpel.edu.br\/ladrateatro\/wp-json\/wp\/v2\/media?parent=524"}],"curies":[{"name":"wp","href":"https:\/\/api.w.org\/{rel}","templated":true}]}}