{"id":518,"date":"2021-04-13T16:44:06","date_gmt":"2021-04-13T19:44:06","guid":{"rendered":"https:\/\/wp.ufpel.edu.br\/ladrateatro\/?page_id=518"},"modified":"2021-04-13T16:44:19","modified_gmt":"2021-04-13T19:44:19","slug":"amigo-estou-aqui-karol-mendes","status":"publish","type":"page","link":"https:\/\/wp.ufpel.edu.br\/ladrateatro\/cenas-de-animacao\/amigo-estou-aqui-karol-mendes\/","title":{"rendered":"Amigo estou aqui &#8211; Karol Mendes"},"content":{"rendered":"<p><iframe title=\"Amigo estou aqui - Karol Mendes.\" width=\"500\" height=\"281\" src=\"https:\/\/www.youtube.com\/embed\/Ip17RXYxR48?feature=oembed\" frameborder=\"0\" allow=\"accelerometer; autoplay; clipboard-write; encrypted-media; gyroscope; picture-in-picture; web-share\" referrerpolicy=\"strict-origin-when-cross-origin\" allowfullscreen><\/iframe><\/p>\n<p>Desde o in\u00edcio eu tinha muito claro que seguiria a proposta de anima\u00e7\u00e3o aos moldes do curta sugerido em aula, assim, o grande desafio foi construir a narrativa. A ideia era que a m\u00fasica ditasse o ritmo do v\u00eddeo e a partir da\u00ed desenvolver a trama e foi exatamente assim que aconteceu. A montagem foi algo simples de fazer e o resultado me deixou bastante satisfeita. Acredito que tenha seguido uma linha dram\u00e1tica, levando em considera\u00e7\u00e3o a aus\u00eancia de um narrador e sabendo que a hist\u00f3ria \u00e9 exposta atrav\u00e9s das pr\u00f3prias personagens.<\/p>\n","protected":false},"excerpt":{"rendered":"<p>Desde o in\u00edcio eu tinha muito claro que seguiria a proposta de anima\u00e7\u00e3o aos moldes do curta sugerido em aula, assim, o grande desafio foi construir a narrativa. A ideia era que a m\u00fasica ditasse o ritmo do v\u00eddeo e a partir da\u00ed desenvolver a trama e foi exatamente assim que aconteceu. A montagem foi [&hellip;]<\/p>\n","protected":false},"author":949,"featured_media":0,"parent":243,"menu_order":1,"comment_status":"closed","ping_status":"closed","template":"","meta":{"footnotes":""},"class_list":["post-518","page","type-page","status-publish","hentry"],"_links":{"self":[{"href":"https:\/\/wp.ufpel.edu.br\/ladrateatro\/wp-json\/wp\/v2\/pages\/518","targetHints":{"allow":["GET"]}}],"collection":[{"href":"https:\/\/wp.ufpel.edu.br\/ladrateatro\/wp-json\/wp\/v2\/pages"}],"about":[{"href":"https:\/\/wp.ufpel.edu.br\/ladrateatro\/wp-json\/wp\/v2\/types\/page"}],"author":[{"embeddable":true,"href":"https:\/\/wp.ufpel.edu.br\/ladrateatro\/wp-json\/wp\/v2\/users\/949"}],"replies":[{"embeddable":true,"href":"https:\/\/wp.ufpel.edu.br\/ladrateatro\/wp-json\/wp\/v2\/comments?post=518"}],"version-history":[{"count":1,"href":"https:\/\/wp.ufpel.edu.br\/ladrateatro\/wp-json\/wp\/v2\/pages\/518\/revisions"}],"predecessor-version":[{"id":523,"href":"https:\/\/wp.ufpel.edu.br\/ladrateatro\/wp-json\/wp\/v2\/pages\/518\/revisions\/523"}],"up":[{"embeddable":true,"href":"https:\/\/wp.ufpel.edu.br\/ladrateatro\/wp-json\/wp\/v2\/pages\/243"}],"wp:attachment":[{"href":"https:\/\/wp.ufpel.edu.br\/ladrateatro\/wp-json\/wp\/v2\/media?parent=518"}],"curies":[{"name":"wp","href":"https:\/\/api.w.org\/{rel}","templated":true}]}}