{"id":511,"date":"2021-04-13T16:25:52","date_gmt":"2021-04-13T19:25:52","guid":{"rendered":"https:\/\/wp.ufpel.edu.br\/ladrateatro\/?page_id=511"},"modified":"2021-04-13T18:41:37","modified_gmt":"2021-04-13T21:41:37","slug":"a-vila-de-rapunzel","status":"publish","type":"page","link":"https:\/\/wp.ufpel.edu.br\/ladrateatro\/mini-historias\/a-vila-de-rapunzel\/","title":{"rendered":"A vil\u00e3 de Rapunzel"},"content":{"rendered":"<p><iframe title=\"Catarina Rassier conta A Vil\u00e3 de Rapunzel\" width=\"500\" height=\"281\" src=\"https:\/\/www.youtube.com\/embed\/N_2uDUygddA?feature=oembed\" frameborder=\"0\" allow=\"accelerometer; autoplay; clipboard-write; encrypted-media; gyroscope; picture-in-picture; web-share\" referrerpolicy=\"strict-origin-when-cross-origin\" allowfullscreen><\/iframe><\/p>\n<article id=\"p108056\" class=\"forum-post-container mb-2\" data-post-id=\"108056\" data-region=\"post\" data-target=\"108056-target\" aria-labelledby=\"post-header-108056-60760dec1bf2160760dec08bfe17\" aria-describedby=\"post-content-108056\">\n<div id=\"yui_3_17_2_1_1618349547844_40\" class=\"d-flex border p-2 mb-2 forumpost focus-target  \" aria-label=\"Re: Cole aqui a sua reflex\u00e3o acerca do processo criativo para a produ\u00e7\u00e3o da tarefa 1.  por CATARINA LEITE RASSIER\" data-post-id=\"108056\" data-content=\"forum-post\">\n<div id=\"yui_3_17_2_1_1618349547844_39\" class=\"d-flex flex-column w-100\" data-region-content=\"forum-post-core\">\n<div id=\"yui_3_17_2_1_1618349547844_38\" class=\"d-flex body-content-container\">\n<div id=\"yui_3_17_2_1_1618349547844_37\" class=\"no-overflow w-100 content-alignment-container\">\n<div id=\"post-content-108056\" class=\"post-content-container\">\n<div class=\"text_to_html\">Eu sempre gostei da hist\u00f3ria da Rapunzel e dos contos infantis. E o que me instiga at\u00e9 hoje, s\u00e3o os vil\u00f5es e vil\u00e3s desses mesmos. Me anima poder imaginar o que eles diriam sobre a maneira que eles s\u00e3o vistos pelo espectadores se tivessem direito de fala. Por isso escolhi a Mam\u00e3e Gothel (vil\u00e3 de Rapunzel em &#8220;enrolados&#8221;) para ser a protagonista da minha hist\u00f3ria. Acredito que ela \u00e9 uma personagem que tem muitos atributos a serem usados tanto para modo c\u00f4mico quando dram\u00e1tico, podendo trazer mensagens, li\u00e7\u00f5es importantes e \u00e9 claro, boas risadas. Tentei fazer uso da import\u00e2ncia que a juventude e est\u00e9tica tem para ela, representando-a de modo &#8220;exagerado&#8221; exaltando essa sua caracter\u00edstica, sem deixar de lembrar que ela \u00e9 uma bruxa, mostrando tamb\u00e9m que por ser bruxa, n\u00e3o necessariamente tem a ver com maldade.<br \/>\nQuis de modo geral, mostrar que os vil\u00f5es apenas s\u00e3o pessoas que com seu lado ruim, que todos tem, s\u00e3o vistas somente por ele, sendo assim, mal interpretados.<\/div>\n<div class=\"text_to_html\">Resolvi fazer um mon\u00f3logo, representando a mam\u00e3e Gothel. Pensei nos recursos como luz (mais escura), maquiagem, roupa, cen\u00e1rio etc. Fiz quest\u00e3o de prestar aten\u00e7\u00e3o nos detalhes nos elementos adicionais, como a toalha de mesa e os produtos de beleza. O texto foi feito por mim, mas mais como um eixo para saber em qual linha seguir. Quis falar de tudo um pouco, para dar amplitude a hist\u00f3ria. Falei do como foi o desfecho a partir da rela\u00e7\u00e3o que ela tinha com a Rapunzel e de como sua vida \u00e9 agora. Fiquei muito satisfeita com o resultado, apesar de querer ter realizado um pouco melhor as minha falas, tanto na pron\u00fancia quanto no texto.<\/div>\n<\/div>\n<div class=\"d-flex flex-wrap\">\n<div class=\"post-actions d-flex align-self-end justify-content-end flex-wrap ml-auto\" role=\"menubar\" data-region=\"post-actions-container\" aria-label=\"Re: Cole aqui a sua reflex\u00e3o acerca do processo criativo para a produ\u00e7\u00e3o da tarefa 1.  por CATARINA LEITE RASSIER\"><\/div>\n<\/div>\n<\/div>\n<\/div>\n<\/div>\n<\/div>\n<div data-region=\"replies-container\"><\/div>\n<\/article>\n<article id=\"p112050\" class=\"forum-post-container mb-2\" data-post-id=\"112050\" data-region=\"post\" data-target=\"112050-target\" aria-labelledby=\"post-header-112050-60760dec1bf2160760dec08bfe17\" aria-describedby=\"post-content-112050\">\n<div class=\"d-flex border p-2 mb-2 forumpost focus-target  \" aria-label=\"Re: Cole aqui a sua reflex\u00e3o acerca do processo criativo para a produ\u00e7\u00e3o da tarefa 1.  por Stefania Pacheco Acosta\" data-post-id=\"112050\" data-content=\"forum-post\">\n<div class=\"d-flex flex-column w-100\" data-region-content=\"forum-post-core\"><\/div>\n<\/div>\n<\/article>\n","protected":false},"excerpt":{"rendered":"<p>Eu sempre gostei da hist\u00f3ria da Rapunzel e dos contos infantis. E o que me instiga at\u00e9 hoje, s\u00e3o os vil\u00f5es e vil\u00e3s desses mesmos. Me anima poder imaginar o que eles diriam sobre a maneira que eles s\u00e3o vistos pelo espectadores se tivessem direito de fala. Por isso escolhi a Mam\u00e3e Gothel (vil\u00e3 de [&hellip;]<\/p>\n","protected":false},"author":949,"featured_media":0,"parent":241,"menu_order":1,"comment_status":"closed","ping_status":"closed","template":"","meta":{"footnotes":""},"class_list":["post-511","page","type-page","status-publish","hentry"],"_links":{"self":[{"href":"https:\/\/wp.ufpel.edu.br\/ladrateatro\/wp-json\/wp\/v2\/pages\/511","targetHints":{"allow":["GET"]}}],"collection":[{"href":"https:\/\/wp.ufpel.edu.br\/ladrateatro\/wp-json\/wp\/v2\/pages"}],"about":[{"href":"https:\/\/wp.ufpel.edu.br\/ladrateatro\/wp-json\/wp\/v2\/types\/page"}],"author":[{"embeddable":true,"href":"https:\/\/wp.ufpel.edu.br\/ladrateatro\/wp-json\/wp\/v2\/users\/949"}],"replies":[{"embeddable":true,"href":"https:\/\/wp.ufpel.edu.br\/ladrateatro\/wp-json\/wp\/v2\/comments?post=511"}],"version-history":[{"count":3,"href":"https:\/\/wp.ufpel.edu.br\/ladrateatro\/wp-json\/wp\/v2\/pages\/511\/revisions"}],"predecessor-version":[{"id":571,"href":"https:\/\/wp.ufpel.edu.br\/ladrateatro\/wp-json\/wp\/v2\/pages\/511\/revisions\/571"}],"up":[{"embeddable":true,"href":"https:\/\/wp.ufpel.edu.br\/ladrateatro\/wp-json\/wp\/v2\/pages\/241"}],"wp:attachment":[{"href":"https:\/\/wp.ufpel.edu.br\/ladrateatro\/wp-json\/wp\/v2\/media?parent=511"}],"curies":[{"name":"wp","href":"https:\/\/api.w.org\/{rel}","templated":true}]}}