{"id":490,"date":"2021-02-05T17:38:42","date_gmt":"2021-02-05T20:38:42","guid":{"rendered":"https:\/\/wp.ufpel.edu.br\/ladrateatro\/?page_id=490"},"modified":"2023-08-30T23:16:30","modified_gmt":"2023-08-31T02:16:30","slug":"ladra-na-escola","status":"publish","type":"page","link":"https:\/\/wp.ufpel.edu.br\/ladrateatro\/ladra-na-escola\/","title":{"rendered":"Hist\u00f3rico de chamadas para escolas"},"content":{"rendered":"<p>O LADRA, Laborat\u00f3rio de dramaturgia da UFPel, coordenado pela prof\u00aa Marina de Oliveira do curso de Teatro, divulga a 2\u00aa Oficina de Cria\u00e7\u00e3o dramat\u00fargica direcionada para alunos do ensino m\u00e9dio da rede p\u00fablica de Pelotas.<\/p>\n<div>Inscri\u00e7\u00f5es: de 2 a 22 de agosto de 2021 pelo mail:\u00a0<a href=\"mailto:labdedramaturgiaufpel@gmail.com\" target=\"_blank\" rel=\"noopener\">labdedramaturgiaufpel@gmail.com<\/a><\/div>\n<div>Ministrantes: Alice Buchweitz e Caio Tavares<\/div>\n<div>Vagas: 15<\/div>\n<div>Modo: remoto pela plataforma Jitsi Meet<\/div>\n<div>Quando: Quartas-feiras, das 19h \u00e0s 20h30<\/div>\n<div>Per\u00edodo: de 1 de set a 3 de nov.<\/div>\n<div>Carga hor\u00e1ria: 30 horas<\/div>\n<div>O certificado de 30 horas considera 15 horas de encontros s\u00edncronos e 15 horas de atividades ass\u00edncronas, o aluno deve ter 75% de frequ\u00eancia para obter o certificado.<\/div>\n<p><img class=\" wp-image-580 alignleft\" src=\"https:\/\/wp.ufpel.edu.br\/ladrateatro\/files\/2021\/07\/cartaz-divulgacao-2a-turma-oficina-LADRA-283x400.jpg\" alt=\"\" width=\"366\" height=\"517\" srcset=\"https:\/\/wp.ufpel.edu.br\/ladrateatro\/files\/2021\/07\/cartaz-divulgacao-2a-turma-oficina-LADRA-283x400.jpg 283w, https:\/\/wp.ufpel.edu.br\/ladrateatro\/files\/2021\/07\/cartaz-divulgacao-2a-turma-oficina-LADRA-724x1024.jpg 724w, https:\/\/wp.ufpel.edu.br\/ladrateatro\/files\/2021\/07\/cartaz-divulgacao-2a-turma-oficina-LADRA-768x1086.jpg 768w, https:\/\/wp.ufpel.edu.br\/ladrateatro\/files\/2021\/07\/cartaz-divulgacao-2a-turma-oficina-LADRA.jpg 905w\" sizes=\"(max-width: 366px) 100vw, 366px\" \/><\/p>\n<p>&nbsp;<\/p>\n<p>&nbsp;<\/p>\n<p>&nbsp;<\/p>\n<p>&nbsp;<\/p>\n<p>&nbsp;<\/p>\n<p>&nbsp;<\/p>\n<p>&nbsp;<\/p>\n<p>&nbsp;<\/p>\n<p>&nbsp;<\/p>\n<p>&nbsp;<\/p>\n<p>&nbsp;<\/p>\n<p>&nbsp;<\/p>\n<p>&nbsp;<\/p>\n<p>&nbsp;<\/p>\n<p>A a\u00e7\u00e3o &#8220;Laborat\u00f3rio de dramaturgia na escola&#8221;, vinculada ao projeto unificado LADRA, consiste em oficinas de cria\u00e7\u00e3o dramat\u00fargica desenvolvidas com alunos do ensino m\u00e9dio, no contraturno das aulas.<\/p>\n<p><img class=\"alignnone wp-image-508\" src=\"https:\/\/wp.ufpel.edu.br\/ladrateatro\/files\/2021\/03\/Selecao-LADRA-prof.-colaborador-400x225.jpg\" alt=\"\" width=\"504\" height=\"284\" srcset=\"https:\/\/wp.ufpel.edu.br\/ladrateatro\/files\/2021\/03\/Selecao-LADRA-prof.-colaborador-400x225.jpg 400w, https:\/\/wp.ufpel.edu.br\/ladrateatro\/files\/2021\/03\/Selecao-LADRA-prof.-colaborador-1024x576.jpg 1024w, https:\/\/wp.ufpel.edu.br\/ladrateatro\/files\/2021\/03\/Selecao-LADRA-prof.-colaborador-768x432.jpg 768w, https:\/\/wp.ufpel.edu.br\/ladrateatro\/files\/2021\/03\/Selecao-LADRA-prof.-colaborador.jpg 1280w\" sizes=\"(max-width: 504px) 100vw, 504px\" \/><\/p>\n<p>Inscri\u00e7\u00f5es para professor colaborador: de 1\u00ba a 31 de mar\u00e7o de 2021, atrav\u00e9s do mail: <span class=\"qu\" role=\"gridcell\"><span class=\"go\"><span aria-hidden=\"true\">&lt;<\/span>labdedramaturgiaufpel@gmail.com<span aria-hidden=\"true\">&gt;<\/span><\/span><\/span><\/p>\n<p>O professor colaborador \u00e9 algu\u00e9m interessado na investiga\u00e7\u00e3o da cria\u00e7\u00e3o dramat\u00fargica como ferramenta pedag\u00f3gica na escola. Ser\u00e1 o intermediador das oficinas na escola e tamb\u00e9m participante do projeto, recebendo certificado pela sua colabora\u00e7\u00e3o. Caber\u00e1 ao prof. colaborador a divulga\u00e7\u00e3o do projeto na escola, incentivando a participa\u00e7\u00e3o dos alunos. Poder\u00e1 acompanhar os encontros, conforme seu interesse e disponibilidade. Avaliar\u00e1 as a\u00e7\u00f5es do projeto na escola, sendo um parceiro na identifica\u00e7\u00e3o de adequa\u00e7\u00f5es que levem a uma melhor realiza\u00e7\u00e3o das atividades.<\/p>\n<p>Dados da primeira oficina:<\/p>\n<p>Per\u00edodo: de abril a julho de 2021, uma vez por semana, em dia e turno a ser combinado com o professor colaborador.<\/p>\n<p>Ministrante: Alice Buchwetz.<\/p>\n<p>Coordena\u00e7\u00e3o: Marina de Oliveira.<\/p>\n<p>Modo remoto.<\/p>\n<p>Carga hor\u00e1ria: 30h<\/p>\n<p>P\u00fablico-alvo: alunos do ensino m\u00e9dio.<\/p>\n<p>Vagas: 20.<\/p>\n<p>Objetivos gerais:<br \/>\n&#8211; Ampliar o conhecimento acerca da dramaturgia expandida na escola e na universidade.<br \/>\n&#8211; Investigar distintas possibilidades de cria\u00e7\u00e3o dramat\u00fargica junto aos participantes do projeto.<br \/>\n&#8211; Potencializar a cria\u00e7\u00e3o dramat\u00fargica como ferramenta pedag\u00f3gica.<\/p>\n<p>Objetivos espec\u00edficos:<\/p>\n<p>&#8211; Estudar a estrutura da dramaturgia em diferentes formatos.<br \/>\n&#8211; Incentivar os alunos da escola a se perceberem como potenciais dramaturgos.<br \/>\n&#8211; Instrumentalizar alunos do curso de teatro e professores da escola a utilizarem a cria\u00e7\u00e3o dramat\u00fargica como ferramenta pedag\u00f3gica.<br \/>\n&#8211; Estimular o potencial criativo e a autonomia dos alunos da escola atrav\u00e9s do exerc\u00edcio de produ\u00e7\u00f5es dramat\u00fargicas.<br \/>\n&#8211; Discutir temas relevantes atrav\u00e9s da investiga\u00e7\u00e3o de est\u00e9ticas autorais.<\/p>\n<p>Os participantes da oficina poder\u00e3o exercitar a sua criatividade e a sua autonomia atrav\u00e9s da elabora\u00e7\u00e3o de produtos dramat\u00fargicos diversos, como cenas teatrais, fotodramas, cenas de anima\u00e7\u00e3o, v\u00eddeo performances, hist\u00f3rias para a inf\u00e2ncia, pe\u00e7as publicit\u00e1rias etc. A compreens\u00e3o da estrutura da dramaturgia, em diversos formatos, associada ao uso de tecnologias presentes na vida cotidiana de alunos e professores permite um amplo campo de explora\u00e7\u00e3o est\u00e9tica. Investigar distintas possibilidades de cria\u00e7\u00e3o dramat\u00fargica junto a alunos e professores constitui-se como uma ferramenta de inova\u00e7\u00e3o para a constru\u00e7\u00e3o de novos conhecimentos.<\/p>\n","protected":false},"excerpt":{"rendered":"<p>O LADRA, Laborat\u00f3rio de dramaturgia da UFPel, coordenado pela prof\u00aa Marina de Oliveira do curso de Teatro, divulga a 2\u00aa Oficina de Cria\u00e7\u00e3o dramat\u00fargica direcionada para alunos do ensino m\u00e9dio da rede p\u00fablica de Pelotas. Inscri\u00e7\u00f5es: de 2 a 22 de agosto de 2021 pelo mail:\u00a0labdedramaturgiaufpel@gmail.com Ministrantes: Alice Buchweitz e Caio Tavares Vagas: 15 Modo: [&hellip;]<\/p>\n","protected":false},"author":949,"featured_media":0,"parent":0,"menu_order":5,"comment_status":"closed","ping_status":"closed","template":"","meta":{"footnotes":""},"class_list":["post-490","page","type-page","status-publish","hentry"],"_links":{"self":[{"href":"https:\/\/wp.ufpel.edu.br\/ladrateatro\/wp-json\/wp\/v2\/pages\/490","targetHints":{"allow":["GET"]}}],"collection":[{"href":"https:\/\/wp.ufpel.edu.br\/ladrateatro\/wp-json\/wp\/v2\/pages"}],"about":[{"href":"https:\/\/wp.ufpel.edu.br\/ladrateatro\/wp-json\/wp\/v2\/types\/page"}],"author":[{"embeddable":true,"href":"https:\/\/wp.ufpel.edu.br\/ladrateatro\/wp-json\/wp\/v2\/users\/949"}],"replies":[{"embeddable":true,"href":"https:\/\/wp.ufpel.edu.br\/ladrateatro\/wp-json\/wp\/v2\/comments?post=490"}],"version-history":[{"count":17,"href":"https:\/\/wp.ufpel.edu.br\/ladrateatro\/wp-json\/wp\/v2\/pages\/490\/revisions"}],"predecessor-version":[{"id":736,"href":"https:\/\/wp.ufpel.edu.br\/ladrateatro\/wp-json\/wp\/v2\/pages\/490\/revisions\/736"}],"wp:attachment":[{"href":"https:\/\/wp.ufpel.edu.br\/ladrateatro\/wp-json\/wp\/v2\/media?parent=490"}],"curies":[{"name":"wp","href":"https:\/\/api.w.org\/{rel}","templated":true}]}}