{"id":411,"date":"2020-12-14T22:35:42","date_gmt":"2020-12-15T01:35:42","guid":{"rendered":"https:\/\/wp.ufpel.edu.br\/ladrateatro\/?page_id=411"},"modified":"2021-04-13T18:20:53","modified_gmt":"2021-04-13T21:20:53","slug":"carlos-matteus-os-tres-porquinhos","status":"publish","type":"page","link":"https:\/\/wp.ufpel.edu.br\/ladrateatro\/carlos-matteus-os-tres-porquinhos\/","title":{"rendered":"Carlos Matteus &#8211; Os tr\u00eas porquinhos"},"content":{"rendered":"<p><iframe title=\"Carlos Matteus conta Os Tr\u00eas Porquinhos\" width=\"500\" height=\"375\" src=\"https:\/\/www.youtube.com\/embed\/l4TFOy9xNIo?feature=oembed\" frameborder=\"0\" allow=\"accelerometer; autoplay; clipboard-write; encrypted-media; gyroscope; picture-in-picture; web-share\" referrerpolicy=\"strict-origin-when-cross-origin\" allowfullscreen><\/iframe><\/p>\n<p>Eu tentei pensar em v\u00e1rias hist\u00f3rias infanto-juvenis, mas por algum motivo a primeira que me veio \u00e0 mente foi a dos tr\u00eas porquinhos, tentei pensar em outras hist\u00f3rias que eu pudesse fazer algo em cima, mas a que eu achei que ficaria melhor foi essa.<br \/>\nDepois de ter escolhido a hist\u00f3ria eu assisti um epis\u00f3dio de um desenho animado dos tr\u00eas porquinhos, acho que da MGM, depois de assistir eu tive a ideia de fazer um document\u00e1rio em que os porquinhos contassem o que aconteceu aquele dia que o lobo os \u201catacou\u201d, pensei em fazer algo como os programas do History channel, que tem a dublagem Brasileira por cima do \u00e1udio original, foi o que me deu mais trabalho dublar e tentar ajeitar o \u00e1udio por que ficou um chiado terr\u00edvel do meu microfone. Depois de ter a ideia eu assisti o desenho novamente, e comecei a escrever o roteiro e pensando em piadas que se encaixassem no formato.<br \/>\nO pr\u00f3ximo passo foi a grava\u00e7\u00e3o, em que minha namorada me ajudou com a maquiagem eu usei a mesma maquiagem para os tr\u00eas, mas fui alterando o figurino, escolhi as roupas pensando em dar uma personalidade diferente para cada porco.<br \/>\nEu tentei dar um efeito na hist\u00f3ria, com que cada personagem contasse a sua \u00f3tica do acontecimento, poderia ter aprofundado mais isso, se eu refizer o document\u00e1rio tenho certeza que acrescentaria muito mais elementos e melhoraria a edi\u00e7\u00e3o e n\u00e3o faria o trabalho em dois dias.<\/p>\n","protected":false},"excerpt":{"rendered":"<p>Eu tentei pensar em v\u00e1rias hist\u00f3rias infanto-juvenis, mas por algum motivo a primeira que me veio \u00e0 mente foi a dos tr\u00eas porquinhos, tentei pensar em outras hist\u00f3rias que eu pudesse fazer algo em cima, mas a que eu achei que ficaria melhor foi essa. Depois de ter escolhido a hist\u00f3ria eu assisti um epis\u00f3dio [&hellip;]<\/p>\n","protected":false},"author":949,"featured_media":0,"parent":0,"menu_order":0,"comment_status":"closed","ping_status":"closed","template":"","meta":{"footnotes":""},"class_list":["post-411","page","type-page","status-publish","hentry"],"_links":{"self":[{"href":"https:\/\/wp.ufpel.edu.br\/ladrateatro\/wp-json\/wp\/v2\/pages\/411","targetHints":{"allow":["GET"]}}],"collection":[{"href":"https:\/\/wp.ufpel.edu.br\/ladrateatro\/wp-json\/wp\/v2\/pages"}],"about":[{"href":"https:\/\/wp.ufpel.edu.br\/ladrateatro\/wp-json\/wp\/v2\/types\/page"}],"author":[{"embeddable":true,"href":"https:\/\/wp.ufpel.edu.br\/ladrateatro\/wp-json\/wp\/v2\/users\/949"}],"replies":[{"embeddable":true,"href":"https:\/\/wp.ufpel.edu.br\/ladrateatro\/wp-json\/wp\/v2\/comments?post=411"}],"version-history":[{"count":3,"href":"https:\/\/wp.ufpel.edu.br\/ladrateatro\/wp-json\/wp\/v2\/pages\/411\/revisions"}],"predecessor-version":[{"id":559,"href":"https:\/\/wp.ufpel.edu.br\/ladrateatro\/wp-json\/wp\/v2\/pages\/411\/revisions\/559"}],"wp:attachment":[{"href":"https:\/\/wp.ufpel.edu.br\/ladrateatro\/wp-json\/wp\/v2\/media?parent=411"}],"curies":[{"name":"wp","href":"https:\/\/api.w.org\/{rel}","templated":true}]}}