{"id":405,"date":"2020-12-14T22:34:08","date_gmt":"2020-12-15T01:34:08","guid":{"rendered":"https:\/\/wp.ufpel.edu.br\/ladrateatro\/?page_id=405"},"modified":"2021-04-13T18:24:16","modified_gmt":"2021-04-13T21:24:16","slug":"louis-macedo-angelique-e-a-duquesa","status":"publish","type":"page","link":"https:\/\/wp.ufpel.edu.br\/ladrateatro\/louis-macedo-angelique-e-a-duquesa\/","title":{"rendered":"Angelique e a Duquesa &#8211; Louis Macedo"},"content":{"rendered":"<p><iframe title=\"Louis Macedo conta\" width=\"500\" height=\"375\" src=\"https:\/\/www.youtube.com\/embed\/ljUoi527ews?feature=oembed\" frameborder=\"0\" allow=\"accelerometer; autoplay; clipboard-write; encrypted-media; gyroscope; picture-in-picture; web-share\" referrerpolicy=\"strict-origin-when-cross-origin\" allowfullscreen><\/iframe><\/p>\n<p>Quis fazer a hist\u00f3ria sobre uma jovem que se apaixonava por um homem em uma festa, mas o irm\u00e3o dele j\u00e1 era apaixonado pela mo\u00e7a. Ent\u00e3o ele a envenena, ela morre, e o homem se vinga matando o pr\u00f3prio irm\u00e3o. Seria uma hist\u00f3ria com atua\u00e7\u00e3o minha e da minha esposa, com trilha sonora cl\u00e1ssica e algumas coisas para serem lidas na tela, por\u00e9m&#8230; O tema era pesado, eu n\u00e3o encontrava tempo para fazer as grava\u00e7\u00f5es e minha disforia n\u00e3o parava de me atormentar. Ent\u00e3o decidi pegar algumas cenas de um filme, mantendo alguns elementos da hist\u00f3ria original (Baile, veneno, um casal que algu\u00e9m tenta separar) e deu no que deu. Fiz o v\u00eddeo durante a madrugada, acordei tarde e enviei o link atrasado kkkk<br \/>\nEu realmente gostaria de ter atuado na cena (minha esposa fez teatro por 4\/5 anos e tamb\u00e9m estava animada), mas houve contratempos e eu gostei do resultado desse v\u00eddeo. Hist\u00f3ria simples, narra\u00e7\u00e3o escrita e uma boa trilha sonora de fundo.<br \/>\nN\u00e3o sei em que g\u00eanero se encaixa, talvez no \u00e9pico\/narrativo.<br \/>\nO clima do v\u00eddeo seria algo como Sweeney Todd e A Colina Escarlate, algo da era vitoriana com tons monocrom\u00e1ticos. Seria um cinema mudo, onde os personagens iriam falar (mover a boca), mas as falas seriam em texto. Mas, como n\u00e3o foi poss\u00edvel, aquele foi o v\u00eddeo que consegui fazer a tempo.<\/p>\n","protected":false},"excerpt":{"rendered":"<p>Quis fazer a hist\u00f3ria sobre uma jovem que se apaixonava por um homem em uma festa, mas o irm\u00e3o dele j\u00e1 era apaixonado pela mo\u00e7a. Ent\u00e3o ele a envenena, ela morre, e o homem se vinga matando o pr\u00f3prio irm\u00e3o. Seria uma hist\u00f3ria com atua\u00e7\u00e3o minha e da minha esposa, com trilha sonora cl\u00e1ssica e [&hellip;]<\/p>\n","protected":false},"author":949,"featured_media":0,"parent":0,"menu_order":0,"comment_status":"closed","ping_status":"closed","template":"","meta":{"_crdt_document":"","footnotes":""},"class_list":["post-405","page","type-page","status-publish","hentry"],"_links":{"self":[{"href":"https:\/\/wp.ufpel.edu.br\/ladrateatro\/wp-json\/wp\/v2\/pages\/405","targetHints":{"allow":["GET"]}}],"collection":[{"href":"https:\/\/wp.ufpel.edu.br\/ladrateatro\/wp-json\/wp\/v2\/pages"}],"about":[{"href":"https:\/\/wp.ufpel.edu.br\/ladrateatro\/wp-json\/wp\/v2\/types\/page"}],"author":[{"embeddable":true,"href":"https:\/\/wp.ufpel.edu.br\/ladrateatro\/wp-json\/wp\/v2\/users\/949"}],"replies":[{"embeddable":true,"href":"https:\/\/wp.ufpel.edu.br\/ladrateatro\/wp-json\/wp\/v2\/comments?post=405"}],"version-history":[{"count":4,"href":"https:\/\/wp.ufpel.edu.br\/ladrateatro\/wp-json\/wp\/v2\/pages\/405\/revisions"}],"predecessor-version":[{"id":561,"href":"https:\/\/wp.ufpel.edu.br\/ladrateatro\/wp-json\/wp\/v2\/pages\/405\/revisions\/561"}],"wp:attachment":[{"href":"https:\/\/wp.ufpel.edu.br\/ladrateatro\/wp-json\/wp\/v2\/media?parent=405"}],"curies":[{"name":"wp","href":"https:\/\/api.w.org\/{rel}","templated":true}]}}