{"id":399,"date":"2020-12-14T22:28:50","date_gmt":"2020-12-15T01:28:50","guid":{"rendered":"https:\/\/wp.ufpel.edu.br\/ladrateatro\/?page_id=399"},"modified":"2021-04-13T18:25:51","modified_gmt":"2021-04-13T21:25:51","slug":"nay-costa-em-cima-daquela-ponte","status":"publish","type":"page","link":"https:\/\/wp.ufpel.edu.br\/ladrateatro\/nay-costa-em-cima-daquela-ponte\/","title":{"rendered":"Nay Costa &#8211; Em cima Daquela Ponte"},"content":{"rendered":"<p><iframe title=\"Nay Costa conta Em cima Daquela Ponte\" width=\"500\" height=\"281\" src=\"https:\/\/www.youtube.com\/embed\/FUoXPjxV44o?feature=oembed\" frameborder=\"0\" allow=\"accelerometer; autoplay; clipboard-write; encrypted-media; gyroscope; picture-in-picture; web-share\" referrerpolicy=\"strict-origin-when-cross-origin\" allowfullscreen><\/iframe><\/p>\n<p>Neste semestre o meu processo criativo tem sido atravessado pela aus\u00eancia do olho-no-olho, pela aus\u00eancia de est\u00edmulos advindos deste ensino remoto, em alguns momentos da frustra\u00e7\u00e3o de n\u00e3o finalizar este ciclo acad\u00eamico em 2020 e principalmente pela aus\u00eancia de n\u00e3o estar exercendo o meu trabalho enquanto professor de teatro.<br \/>\nAcredito que se eu tivesse feito esta disciplina no 5\u00b0 semestre, ssria completamente diferente e talvez este processo de criar uma conta\u00e7\u00e3o de hist\u00f3rias teria fritado o meu c\u00e9rebro com centenas de ideias sobre o que fazer.<br \/>\nCom isso fica evidente que neste semestre tenho optado pelo simples, por estar num processo em que minhas energias se encontram baixa. Mas sempre pensando, como oferecer o meu melhor, mesmo quando n\u00e3o me sinto estimulado.<br \/>\nPortanto &#8220;encima daquela ponte&#8221; \u00e9 uma adapta\u00e7\u00e3o de &#8220;Em cima daquela Serra&#8221; de Eucana\u00e3 Ferraz, na qual eu proponho uma narrativa em que v\u00e1rios elementos passam por cima da ponte, encruzilhando o literal e Po\u00e9tico. E tamb\u00e9m pensando neste contexto passageiro, como uma forma de materializar o que a pandemia tem causado em meu corpo e em minha subjetividade. Os elementos que trago como frutas, legumes, objetos de limpeza, m\u00e1scara, o ato de n\u00e3o fazer nada, as plenitude do espa\u00e7o, tudo isso s\u00e3o fragmentos que fazem parte do meu dia-a-dia e que eu ressignifico em signos.<\/p>\n","protected":false},"excerpt":{"rendered":"<p>Neste semestre o meu processo criativo tem sido atravessado pela aus\u00eancia do olho-no-olho, pela aus\u00eancia de est\u00edmulos advindos deste ensino remoto, em alguns momentos da frustra\u00e7\u00e3o de n\u00e3o finalizar este ciclo acad\u00eamico em 2020 e principalmente pela aus\u00eancia de n\u00e3o estar exercendo o meu trabalho enquanto professor de teatro. Acredito que se eu tivesse feito [&hellip;]<\/p>\n","protected":false},"author":949,"featured_media":0,"parent":0,"menu_order":0,"comment_status":"closed","ping_status":"closed","template":"","meta":{"footnotes":""},"class_list":["post-399","page","type-page","status-publish","hentry"],"_links":{"self":[{"href":"https:\/\/wp.ufpel.edu.br\/ladrateatro\/wp-json\/wp\/v2\/pages\/399","targetHints":{"allow":["GET"]}}],"collection":[{"href":"https:\/\/wp.ufpel.edu.br\/ladrateatro\/wp-json\/wp\/v2\/pages"}],"about":[{"href":"https:\/\/wp.ufpel.edu.br\/ladrateatro\/wp-json\/wp\/v2\/types\/page"}],"author":[{"embeddable":true,"href":"https:\/\/wp.ufpel.edu.br\/ladrateatro\/wp-json\/wp\/v2\/users\/949"}],"replies":[{"embeddable":true,"href":"https:\/\/wp.ufpel.edu.br\/ladrateatro\/wp-json\/wp\/v2\/comments?post=399"}],"version-history":[{"count":2,"href":"https:\/\/wp.ufpel.edu.br\/ladrateatro\/wp-json\/wp\/v2\/pages\/399\/revisions"}],"predecessor-version":[{"id":562,"href":"https:\/\/wp.ufpel.edu.br\/ladrateatro\/wp-json\/wp\/v2\/pages\/399\/revisions\/562"}],"wp:attachment":[{"href":"https:\/\/wp.ufpel.edu.br\/ladrateatro\/wp-json\/wp\/v2\/media?parent=399"}],"curies":[{"name":"wp","href":"https:\/\/api.w.org\/{rel}","templated":true}]}}