{"id":381,"date":"2020-12-14T22:22:25","date_gmt":"2020-12-15T01:22:25","guid":{"rendered":"https:\/\/wp.ufpel.edu.br\/ladrateatro\/?page_id=381"},"modified":"2021-04-13T18:52:17","modified_gmt":"2021-04-13T21:52:17","slug":"melanie-wrege-rapunzel-valente","status":"publish","type":"page","link":"https:\/\/wp.ufpel.edu.br\/ladrateatro\/melanie-wrege-rapunzel-valente\/","title":{"rendered":"M\u00e9lanie Wrege &#8211; Rapunzel Valente"},"content":{"rendered":"<p><iframe title=\"M\u00e9lanie Wrege conta Rapunzel Valente\" width=\"500\" height=\"375\" src=\"https:\/\/www.youtube.com\/embed\/6eC7c0UdHLA?feature=oembed\" frameborder=\"0\" allow=\"accelerometer; autoplay; clipboard-write; encrypted-media; gyroscope; picture-in-picture; web-share\" referrerpolicy=\"strict-origin-when-cross-origin\" allowfullscreen><\/iframe><\/p>\n<p dir=\"ltr\">O processo come\u00e7ou atrav\u00e9s da reflex\u00e3o de que na maioria dos contos infantis, existe uma princesa (branca, loira, de olhos claros; dentro de padr\u00f5es estipulados pela sociedade) e um homem her\u00f3i.: que salva vidas, enquanto a donzela \u00e9 inofensiva e indefesa.<br \/>\nComo j\u00e1 havia assistido anima\u00e7\u00f5es questionando estas hist\u00f3rias; resolvi tamb\u00e9m recontar um cl\u00e1ssico de outra maneira. Empoderar uma Mulher, dando for\u00e7a e valentia para o estar sozinha, destacar suas capacidades e fazer com que enfrente os desafios da vida utilizando o racional \u00e9 imprescind\u00edvel. Acredito que ter refer\u00eancias \u00e9 importante para as crian\u00e7as, por isso resolvi utilizar uma protagonista negra, de tran\u00e7as e que se salva sozinha. A montagem: Foi inspirada em aprendizados na produ\u00e7\u00e3o do curta para o Coletivo Libert\u00e9. Como eram &#8220;miniaturas&#8221;\/bonecos\/anima\u00e7\u00e3o (ainda refletindo sobre como definir), ficou mais acess\u00edvel explorar a imagina\u00e7\u00e3o, pois o cen\u00e1rio, a ilumina\u00e7\u00e3o e os figurinos eram mais f\u00e1ceis de confeccionar. Ainda t\u00eam detalhes que quero organizar\/arrumar. Misturar elementos reais com a anima\u00e7\u00e3o d\u00e1 a dimens\u00e3o de que os dois se misturam na vida real, trazendo certa magia para cena. A ideia de transformar em uma pe\u00e7a existe. Tentei fazer o mais simples poss\u00edvel, chegar onde imaginava que ficaria interessante e a narra\u00e7\u00e3o foi inspirada em filmes infantis. Adorei realizar a atividade.<\/p>\n","protected":false},"excerpt":{"rendered":"<p>O processo come\u00e7ou atrav\u00e9s da reflex\u00e3o de que na maioria dos contos infantis, existe uma princesa (branca, loira, de olhos claros; dentro de padr\u00f5es estipulados pela sociedade) e um homem her\u00f3i.: que salva vidas, enquanto a donzela \u00e9 inofensiva e indefesa. Como j\u00e1 havia assistido anima\u00e7\u00f5es questionando estas hist\u00f3rias; resolvi tamb\u00e9m recontar um cl\u00e1ssico de [&hellip;]<\/p>\n","protected":false},"author":949,"featured_media":0,"parent":0,"menu_order":0,"comment_status":"closed","ping_status":"closed","template":"","meta":{"footnotes":""},"class_list":["post-381","page","type-page","status-publish","hentry"],"_links":{"self":[{"href":"https:\/\/wp.ufpel.edu.br\/ladrateatro\/wp-json\/wp\/v2\/pages\/381","targetHints":{"allow":["GET"]}}],"collection":[{"href":"https:\/\/wp.ufpel.edu.br\/ladrateatro\/wp-json\/wp\/v2\/pages"}],"about":[{"href":"https:\/\/wp.ufpel.edu.br\/ladrateatro\/wp-json\/wp\/v2\/types\/page"}],"author":[{"embeddable":true,"href":"https:\/\/wp.ufpel.edu.br\/ladrateatro\/wp-json\/wp\/v2\/users\/949"}],"replies":[{"embeddable":true,"href":"https:\/\/wp.ufpel.edu.br\/ladrateatro\/wp-json\/wp\/v2\/comments?post=381"}],"version-history":[{"count":5,"href":"https:\/\/wp.ufpel.edu.br\/ladrateatro\/wp-json\/wp\/v2\/pages\/381\/revisions"}],"predecessor-version":[{"id":575,"href":"https:\/\/wp.ufpel.edu.br\/ladrateatro\/wp-json\/wp\/v2\/pages\/381\/revisions\/575"}],"wp:attachment":[{"href":"https:\/\/wp.ufpel.edu.br\/ladrateatro\/wp-json\/wp\/v2\/media?parent=381"}],"curies":[{"name":"wp","href":"https:\/\/api.w.org\/{rel}","templated":true}]}}