{"id":375,"date":"2020-12-14T22:21:22","date_gmt":"2020-12-15T01:21:22","guid":{"rendered":"https:\/\/wp.ufpel.edu.br\/ladrateatro\/?page_id=375"},"modified":"2021-04-13T18:18:33","modified_gmt":"2021-04-13T21:18:33","slug":"thays-alencar-lily-e-tulipa","status":"publish","type":"page","link":"https:\/\/wp.ufpel.edu.br\/ladrateatro\/thays-alencar-lily-e-tulipa\/","title":{"rendered":"Thays Alencar &#8211; Lily e Tulipa"},"content":{"rendered":"<div class=\"\" data-block=\"true\" data-editor=\"7eouj\" data-offset-key=\"7qa83-0-0\"><\/div>\n<div class=\"\" data-block=\"true\" data-editor=\"7eouj\" data-offset-key=\"f4mp0-0-0\">\n<div class=\"_1mf _1mj\" data-offset-key=\"f4mp0-0-0\">\n<p><iframe title=\"Thays Alencar conta Lily e Tulipa\" width=\"500\" height=\"281\" src=\"https:\/\/www.youtube.com\/embed\/rQ5RZip_adY?feature=oembed\" frameborder=\"0\" allow=\"accelerometer; autoplay; clipboard-write; encrypted-media; gyroscope; picture-in-picture; web-share\" referrerpolicy=\"strict-origin-when-cross-origin\" allowfullscreen><\/iframe><\/p>\n<div class=\"\" data-block=\"true\" data-editor=\"7eouj\" data-offset-key=\"f4mp0-0-0\">\n<div class=\"_1mf _1mj\" data-offset-key=\"f4mp0-0-0\"><span data-offset-key=\"f4mp0-0-0\">Para essa tarefa eu quis fazer algo totalmente novo e voltado exclusivamente para essa disciplina. Inicialmente, n\u00e3o era a inten\u00e7\u00e3o abordar esse tema, mas tive uma inspira\u00e7\u00e3o de citar sobre a morte que \u00e9 muito pouco falada para o p\u00fablico infanto-juvenil. Apesar desse tema ser delicado para a idade, infelizmente ele acontece na realidade de muitas crian\u00e7as e pode ter grande impacto na sa\u00fade mental delas. Para levar a hist\u00f3ria para cena sem que fosse apenas uma leitura, tentei explorar ideias criativas simples mas com materiais acess\u00edveis. Para isso, criei dedoches dos <\/span>personagens atrav\u00e9s de origamis, ou seja, um papel qualquer que possamos ter em casa.<\/div>\n<div data-offset-key=\"f4mp0-0-0\">Ao gravar o v\u00eddeo me deparei com v\u00e1rias quest\u00f5es. Uma delas era que, apesar de curta, para ser apresentada em v\u00eddeo a hist\u00f3ria estava muito longa. E pela delicadeza do assunto, fiquei receosa de cortar muitos elementos do texto ou gravar de maneira mais \u00e1gil e acabar comprometendo a compreens\u00e3o. Cogitei trocar de texto, mas mas me contive na proposta da professora de &#8220;me divertir&#8221; com o processo. E esse processo foi t\u00e3o gostoso que resolvi manter com a mesma dramaturgia.<\/div>\n<\/div>\n<\/div>\n<\/div>\n<div class=\"\" data-block=\"true\" data-editor=\"7eouj\" data-offset-key=\"43dlk-0-0\"><\/div>\n","protected":false},"excerpt":{"rendered":"<p>Para essa tarefa eu quis fazer algo totalmente novo e voltado exclusivamente para essa disciplina. Inicialmente, n\u00e3o era a inten\u00e7\u00e3o abordar esse tema, mas tive uma inspira\u00e7\u00e3o de citar sobre a morte que \u00e9 muito pouco falada para o p\u00fablico infanto-juvenil. Apesar desse tema ser delicado para a idade, infelizmente ele acontece na realidade de [&hellip;]<\/p>\n","protected":false},"author":949,"featured_media":0,"parent":0,"menu_order":0,"comment_status":"closed","ping_status":"closed","template":"","meta":{"footnotes":""},"class_list":["post-375","page","type-page","status-publish","hentry"],"_links":{"self":[{"href":"https:\/\/wp.ufpel.edu.br\/ladrateatro\/wp-json\/wp\/v2\/pages\/375","targetHints":{"allow":["GET"]}}],"collection":[{"href":"https:\/\/wp.ufpel.edu.br\/ladrateatro\/wp-json\/wp\/v2\/pages"}],"about":[{"href":"https:\/\/wp.ufpel.edu.br\/ladrateatro\/wp-json\/wp\/v2\/types\/page"}],"author":[{"embeddable":true,"href":"https:\/\/wp.ufpel.edu.br\/ladrateatro\/wp-json\/wp\/v2\/users\/949"}],"replies":[{"embeddable":true,"href":"https:\/\/wp.ufpel.edu.br\/ladrateatro\/wp-json\/wp\/v2\/comments?post=375"}],"version-history":[{"count":7,"href":"https:\/\/wp.ufpel.edu.br\/ladrateatro\/wp-json\/wp\/v2\/pages\/375\/revisions"}],"predecessor-version":[{"id":558,"href":"https:\/\/wp.ufpel.edu.br\/ladrateatro\/wp-json\/wp\/v2\/pages\/375\/revisions\/558"}],"wp:attachment":[{"href":"https:\/\/wp.ufpel.edu.br\/ladrateatro\/wp-json\/wp\/v2\/media?parent=375"}],"curies":[{"name":"wp","href":"https:\/\/api.w.org\/{rel}","templated":true}]}}