{"id":369,"date":"2020-12-14T22:19:51","date_gmt":"2020-12-15T01:19:51","guid":{"rendered":"https:\/\/wp.ufpel.edu.br\/ladrateatro\/?page_id=369"},"modified":"2021-04-13T18:49:21","modified_gmt":"2021-04-13T21:49:21","slug":"wesley-coitinho-snow-white","status":"publish","type":"page","link":"https:\/\/wp.ufpel.edu.br\/ladrateatro\/wesley-coitinho-snow-white\/","title":{"rendered":"Wesley Coitinho &#8211; Snow White"},"content":{"rendered":"<div class=\"kvgmc6g5 cxmmr5t8 oygrvhab hcukyx3x c1et5uql ii04i59q\">\n<div dir=\"auto\">\n<p><iframe title=\"Wesley Coitinho conta Snow White\" width=\"500\" height=\"375\" src=\"https:\/\/www.youtube.com\/embed\/K-tc47mgVp0?feature=oembed\" frameborder=\"0\" allow=\"accelerometer; autoplay; clipboard-write; encrypted-media; gyroscope; picture-in-picture; web-share\" referrerpolicy=\"strict-origin-when-cross-origin\" allowfullscreen><\/iframe><\/p>\n<\/div>\n<\/div>\n<div class=\"o9v6fnle cxmmr5t8 oygrvhab hcukyx3x c1et5uql ii04i59q\">\n<div dir=\"auto\">\n<article id=\"p103665\" class=\"forum-post-container mb-2\" data-post-id=\"103665\" data-region=\"post\" data-target=\"103665-target\" aria-labelledby=\"post-header-103665-60760dec1bf2160760dec08bfe17\" aria-describedby=\"post-content-103665\">\n<div id=\"yui_3_17_2_1_1618349547844_49\" class=\"d-flex border p-2 mb-2 forumpost focus-target  \" aria-label=\"Re: Cole aqui a sua reflex\u00e3o acerca do processo criativo para a produ\u00e7\u00e3o da tarefa 1.  por WESLEY GOULART COITINHO\" data-post-id=\"103665\" data-content=\"forum-post\">\n<div id=\"yui_3_17_2_1_1618349547844_48\" class=\"d-flex flex-column w-100\" data-region-content=\"forum-post-core\">\n<div id=\"yui_3_17_2_1_1618349547844_47\" class=\"d-flex body-content-container\">\n<div id=\"yui_3_17_2_1_1618349547844_46\" class=\"no-overflow w-100 content-alignment-container\">\n<div id=\"post-content-103665\" class=\"post-content-container\">\n<div class=\"text_to_html\">Pensando em que hist\u00f3ria eu poderia recontar a primeira que me veio na cabe\u00e7a foi algum conto sobre os orix\u00e1s, mas s\u00e3o in\u00fameros contos, um mais maravilhoso que o outro e eu n\u00e3o consegui escolher um. Ent\u00e3o, me surgiu a ideia de transformar uma princesa da Disney em uma mulher africana e como a Branca de Neve \u00e9 uma das primeiras hist\u00f3rias que eu ouvi, resolvi trabalhar com ela. Eu achei muito interessante desenvolver o in\u00edcio desta hist\u00f3ria (confesso que pretendo dar continuidade a ela), pois eu fui conectando Snow White aos orix\u00e1s, na forma como ela chega a aldeia protegida pelas correntezas do mar, ou seja protegida por Iemanj\u00e1, nos seus conhecimentos sobre plantas e ervas medicinais que vem de Ossaim e at\u00e9 mesmo a maneira como o pai de Snow fica sabendo sobre o paradeiro de sua filha, podemos dizer que Exu entregou esta mensagem ao rei.<br \/>\nTer desenvolvido este conto \u00e9 importante para o Wesley de 7 anos que escutou essa hist\u00f3ria, pois naquela \u00e9poca ele jamais sonhou imaginar uma Branca de Neve negra. Sempre que se escutava esta hist\u00f3ria na escola ou tinha alguma atividade teatral envolvendo a mesma as alunas negras sempre davam um passo para tr\u00e1s j\u00e1 que a Branca de Neve sempre foi vista como a garota que tem a &#8220;pele branquinha como a neve&#8221;, ent\u00e3o &#8220;criar&#8221; este conto que eu amei o resultado foi um passo importante para o Wesley de hoje e eu espero poder contar um pouquinho mais sobre a Snow e o que aconteceu depois de seu retorno para If\u00e1.<\/div>\n<\/div>\n<div class=\"d-flex flex-wrap\">\n<div class=\"post-actions d-flex align-self-end justify-content-end flex-wrap ml-auto\" role=\"menubar\" data-region=\"post-actions-container\" aria-label=\"Re: Cole aqui a sua reflex\u00e3o acerca do processo criativo para a produ\u00e7\u00e3o da tarefa 1.  por WESLEY GOULART COITINHO\"><\/div>\n<\/div>\n<\/div>\n<\/div>\n<\/div>\n<\/div>\n<div data-region=\"replies-container\"><\/div>\n<\/article>\n<article id=\"p108056\" class=\"forum-post-container mb-2\" data-post-id=\"108056\" data-region=\"post\" data-target=\"108056-target\" aria-labelledby=\"post-header-108056-60760dec1bf2160760dec08bfe17\" aria-describedby=\"post-content-108056\">\n<div id=\"yui_3_17_2_1_1618349547844_40\" class=\"d-flex border p-2 mb-2 forumpost focus-target  \" aria-label=\"Re: Cole aqui a sua reflex\u00e3o acerca do processo criativo para a produ\u00e7\u00e3o da tarefa 1.  por CATARINA LEITE RASSIER\" data-post-id=\"108056\" data-content=\"forum-post\">\n<div id=\"yui_3_17_2_1_1618349547844_39\" class=\"d-flex flex-column w-100\" data-region-content=\"forum-post-core\"><\/div>\n<\/div>\n<\/article>\n<\/div>\n<div dir=\"auto\"><\/div>\n<\/div>\n","protected":false},"excerpt":{"rendered":"<p>Pensando em que hist\u00f3ria eu poderia recontar a primeira que me veio na cabe\u00e7a foi algum conto sobre os orix\u00e1s, mas s\u00e3o in\u00fameros contos, um mais maravilhoso que o outro e eu n\u00e3o consegui escolher um. Ent\u00e3o, me surgiu a ideia de transformar uma princesa da Disney em uma mulher africana e como a Branca [&hellip;]<\/p>\n","protected":false},"author":949,"featured_media":0,"parent":0,"menu_order":0,"comment_status":"closed","ping_status":"closed","template":"","meta":{"footnotes":""},"class_list":["post-369","page","type-page","status-publish","hentry"],"_links":{"self":[{"href":"https:\/\/wp.ufpel.edu.br\/ladrateatro\/wp-json\/wp\/v2\/pages\/369","targetHints":{"allow":["GET"]}}],"collection":[{"href":"https:\/\/wp.ufpel.edu.br\/ladrateatro\/wp-json\/wp\/v2\/pages"}],"about":[{"href":"https:\/\/wp.ufpel.edu.br\/ladrateatro\/wp-json\/wp\/v2\/types\/page"}],"author":[{"embeddable":true,"href":"https:\/\/wp.ufpel.edu.br\/ladrateatro\/wp-json\/wp\/v2\/users\/949"}],"replies":[{"embeddable":true,"href":"https:\/\/wp.ufpel.edu.br\/ladrateatro\/wp-json\/wp\/v2\/comments?post=369"}],"version-history":[{"count":6,"href":"https:\/\/wp.ufpel.edu.br\/ladrateatro\/wp-json\/wp\/v2\/pages\/369\/revisions"}],"predecessor-version":[{"id":574,"href":"https:\/\/wp.ufpel.edu.br\/ladrateatro\/wp-json\/wp\/v2\/pages\/369\/revisions\/574"}],"wp:attachment":[{"href":"https:\/\/wp.ufpel.edu.br\/ladrateatro\/wp-json\/wp\/v2\/media?parent=369"}],"curies":[{"name":"wp","href":"https:\/\/api.w.org\/{rel}","templated":true}]}}