{"id":363,"date":"2020-12-14T22:18:28","date_gmt":"2020-12-15T01:18:28","guid":{"rendered":"https:\/\/wp.ufpel.edu.br\/ladrateatro\/?page_id=363"},"modified":"2021-04-13T18:33:43","modified_gmt":"2021-04-13T21:33:43","slug":"leticia-conter-gato-malhado-andorinha-sinha","status":"publish","type":"page","link":"https:\/\/wp.ufpel.edu.br\/ladrateatro\/leticia-conter-gato-malhado-andorinha-sinha\/","title":{"rendered":"Let\u00edcia Conter &#8211; Gato Malhado &amp; Andorinha Sinh\u00e1"},"content":{"rendered":"<div class=\"o9v6fnle cxmmr5t8 oygrvhab hcukyx3x c1et5uql ii04i59q\"><\/div>\n<p><iframe title=\"Let\u00edcia Conter conta Gato Malhado &amp; Andorinha Sinh\u00e1\" width=\"500\" height=\"375\" src=\"https:\/\/www.youtube.com\/embed\/4Z8Cva0hUtw?feature=oembed\" frameborder=\"0\" allow=\"accelerometer; autoplay; clipboard-write; encrypted-media; gyroscope; picture-in-picture; web-share\" referrerpolicy=\"strict-origin-when-cross-origin\" allowfullscreen><\/iframe><\/p>\n<div class=\"kvgmc6g5 cxmmr5t8 oygrvhab hcukyx3x c1et5uql ii04i59q\"><\/div>\n<div class=\"o9v6fnle cxmmr5t8 oygrvhab hcukyx3x c1et5uql ii04i59q\">\n<div dir=\"auto\">Ano passado ouvi coment\u00e1rios sobre esse texto e adapta\u00e7\u00f5es dele para teatro, mas foi s\u00f3 durante a quarentena que parei para ler pela primeira vez. \u00c9 uma hist\u00f3ria de Jorge Amado, que ele mesmo descreve como \u201cuma hist\u00f3ria de amor\u201d.<br \/>\nUma das grandes dificuldades que tive foi em resumir a hist\u00f3ria em apenas uma p\u00e1gina, pois a original tem setenta, e cada detalhe deixa a narrativa ainda mais bonita. Todos os personagens s\u00e3o animais ou elementos da natureza. Vento, Manh\u00e3, Tempo s\u00e3o personificados e tem uma hist\u00f3ria pr\u00f3pria. Infelizmente os resumi em duas frases.<br \/>\nO amor de Gato Malhado e Andorinha Sinh\u00e1 metaforicamente acompanha as esta\u00e7\u00f5es do ano. Na primavera acontece o desabrochar, depois h\u00e1 um envolvimento maior no calor do ver\u00e3o, at\u00e9 que no outono come\u00e7am os primeiros dias cinzas, at\u00e9 o fim, na chegada do inverno, triste e sombrio.<br \/>\nPor isso optei por narrar a hist\u00f3ria utilizando pequenos v\u00eddeos que simulassem as esta\u00e7\u00f5es. Todos foram gravados aqui em casa, ao longo de dois dias, em momentos diferentes, com participa\u00e7\u00e3o especial da minha gata Em\u00edlia e de um p\u00e1ssaro de bom cora\u00e7\u00e3o que parou na minha janela. Na realidade, recebi o apoio de v\u00e1rios p\u00e1ssaros: durante todo o tempo em que gravei a narra\u00e7\u00e3o eles n\u00e3o pararam de cantar, o que resultou em um efeito muito interessante que parecia proposital.<br \/>\nSenti que n\u00e3o devia alterar o desenrolar da hist\u00f3ria, por isso, mudei apenas o final. Jorge Amado finalizava o texto com a morte do Gato Malhado, quando este vai se encontrar com a Cobra Cascavel. Ao inv\u00e9s disso, deixei mais abertura para que os dois pudessem estar vivos e felizes, adicionando o sumi\u00e7o da Andorinha e a impossibilidade do Vento de contar essa parta da hist\u00f3ria. A\u00ed vai do ponto de vista de quem assiste.<\/div>\n<\/div>\n","protected":false},"excerpt":{"rendered":"<p>Ano passado ouvi coment\u00e1rios sobre esse texto e adapta\u00e7\u00f5es dele para teatro, mas foi s\u00f3 durante a quarentena que parei para ler pela primeira vez. \u00c9 uma hist\u00f3ria de Jorge Amado, que ele mesmo descreve como \u201cuma hist\u00f3ria de amor\u201d. Uma das grandes dificuldades que tive foi em resumir a hist\u00f3ria em apenas uma p\u00e1gina, [&hellip;]<\/p>\n","protected":false},"author":949,"featured_media":0,"parent":0,"menu_order":0,"comment_status":"closed","ping_status":"closed","template":"","meta":{"footnotes":""},"class_list":["post-363","page","type-page","status-publish","hentry"],"_links":{"self":[{"href":"https:\/\/wp.ufpel.edu.br\/ladrateatro\/wp-json\/wp\/v2\/pages\/363","targetHints":{"allow":["GET"]}}],"collection":[{"href":"https:\/\/wp.ufpel.edu.br\/ladrateatro\/wp-json\/wp\/v2\/pages"}],"about":[{"href":"https:\/\/wp.ufpel.edu.br\/ladrateatro\/wp-json\/wp\/v2\/types\/page"}],"author":[{"embeddable":true,"href":"https:\/\/wp.ufpel.edu.br\/ladrateatro\/wp-json\/wp\/v2\/users\/949"}],"replies":[{"embeddable":true,"href":"https:\/\/wp.ufpel.edu.br\/ladrateatro\/wp-json\/wp\/v2\/comments?post=363"}],"version-history":[{"count":7,"href":"https:\/\/wp.ufpel.edu.br\/ladrateatro\/wp-json\/wp\/v2\/pages\/363\/revisions"}],"predecessor-version":[{"id":566,"href":"https:\/\/wp.ufpel.edu.br\/ladrateatro\/wp-json\/wp\/v2\/pages\/363\/revisions\/566"}],"wp:attachment":[{"href":"https:\/\/wp.ufpel.edu.br\/ladrateatro\/wp-json\/wp\/v2\/media?parent=363"}],"curies":[{"name":"wp","href":"https:\/\/api.w.org\/{rel}","templated":true}]}}