{"id":359,"date":"2020-12-14T22:15:45","date_gmt":"2020-12-15T01:15:45","guid":{"rendered":"https:\/\/wp.ufpel.edu.br\/ladrateatro\/?page_id=359"},"modified":"2021-04-13T18:30:58","modified_gmt":"2021-04-13T21:30:58","slug":"claudia-gigante-a-raposinha-e-as-uvas","status":"publish","type":"page","link":"https:\/\/wp.ufpel.edu.br\/ladrateatro\/mini-historias\/claudia-gigante-a-raposinha-e-as-uvas\/","title":{"rendered":"Cl\u00e1udia Gigante &#8211; A raposinha e as uvas"},"content":{"rendered":"<p><iframe title=\"Cl\u00e1udia Gigante conta A Raposinha e as Uvas\" width=\"500\" height=\"281\" src=\"https:\/\/www.youtube.com\/embed\/WSIgK2x7REk?feature=oembed\" frameborder=\"0\" allow=\"accelerometer; autoplay; clipboard-write; encrypted-media; gyroscope; picture-in-picture; web-share\" referrerpolicy=\"strict-origin-when-cross-origin\" allowfullscreen><\/iframe><\/p>\n<p>Apesar de ter tido uma inf\u00e2ncia repleta de livros e hist\u00f3rias infantis, senti que nenhuma daquela que eu j\u00e1 conhecia iriam me satisfazer quanto a tarefa de Dramaturgia. Queria fugir do que est\u00e1 tornando-se mais repetitivo \u2013 para mim \u2013 que princesa que se casa: a princesa que n\u00e3o se casa. E senti que o meu repert\u00f3rio de conto de fadas me amarraria na hist\u00f3ria da mulher empoderada que decide seu pr\u00f3prio destino por renegar o casamento quando, na verdade, eu queria atingir um p\u00fablico mais jovem e que, n\u00e3o necessariamente, tem que estar em contato com o questionamento \u201ccasar ou n\u00e3o casar\u201d j\u00e1.<\/p>\n<p>Para isso, pesquisei no Google f\u00e1bulas e hist\u00f3rias infantis e, dentre elas escolhi cinco que eu gostaria de trabalhar: A formiga e o gafanhoto; A princesa e o sapo; A Bela e a Fera; A raposa e as uvas; e A princesa e a ervilha. Por fim, escolhi a que me levantou mais questionamentos: A raposa e as uvas, de Esopo.<\/p>\n","protected":false},"excerpt":{"rendered":"<p>Apesar de ter tido uma inf\u00e2ncia repleta de livros e hist\u00f3rias infantis, senti que nenhuma daquela que eu j\u00e1 conhecia iriam me satisfazer quanto a tarefa de Dramaturgia. Queria fugir do que est\u00e1 tornando-se mais repetitivo \u2013 para mim \u2013 que princesa que se casa: a princesa que n\u00e3o se casa. E senti que o [&hellip;]<\/p>\n","protected":false},"author":949,"featured_media":0,"parent":241,"menu_order":2,"comment_status":"closed","ping_status":"closed","template":"","meta":{"footnotes":""},"class_list":["post-359","page","type-page","status-publish","hentry"],"_links":{"self":[{"href":"https:\/\/wp.ufpel.edu.br\/ladrateatro\/wp-json\/wp\/v2\/pages\/359","targetHints":{"allow":["GET"]}}],"collection":[{"href":"https:\/\/wp.ufpel.edu.br\/ladrateatro\/wp-json\/wp\/v2\/pages"}],"about":[{"href":"https:\/\/wp.ufpel.edu.br\/ladrateatro\/wp-json\/wp\/v2\/types\/page"}],"author":[{"embeddable":true,"href":"https:\/\/wp.ufpel.edu.br\/ladrateatro\/wp-json\/wp\/v2\/users\/949"}],"replies":[{"embeddable":true,"href":"https:\/\/wp.ufpel.edu.br\/ladrateatro\/wp-json\/wp\/v2\/comments?post=359"}],"version-history":[{"count":3,"href":"https:\/\/wp.ufpel.edu.br\/ladrateatro\/wp-json\/wp\/v2\/pages\/359\/revisions"}],"predecessor-version":[{"id":564,"href":"https:\/\/wp.ufpel.edu.br\/ladrateatro\/wp-json\/wp\/v2\/pages\/359\/revisions\/564"}],"up":[{"embeddable":true,"href":"https:\/\/wp.ufpel.edu.br\/ladrateatro\/wp-json\/wp\/v2\/pages\/241"}],"wp:attachment":[{"href":"https:\/\/wp.ufpel.edu.br\/ladrateatro\/wp-json\/wp\/v2\/media?parent=359"}],"curies":[{"name":"wp","href":"https:\/\/api.w.org\/{rel}","templated":true}]}}