{"id":354,"date":"2020-12-11T17:39:28","date_gmt":"2020-12-11T20:39:28","guid":{"rendered":"https:\/\/wp.ufpel.edu.br\/ladrateatro\/?page_id=354"},"modified":"2021-04-13T18:54:30","modified_gmt":"2021-04-13T21:54:30","slug":"karol-mendes-benedita-dourado","status":"publish","type":"page","link":"https:\/\/wp.ufpel.edu.br\/ladrateatro\/mini-historias\/karol-mendes-benedita-dourado\/","title":{"rendered":"Karol Mendes &#8211; Benedita Dourado"},"content":{"rendered":"<div class=\"o9v6fnle cxmmr5t8 oygrvhab hcukyx3x c1et5uql ii04i59q\">\n<div dir=\"auto\"><\/div>\n<div dir=\"auto\">\n<p><iframe title=\"Karol Mendes conta Benedita Dourado\" width=\"500\" height=\"281\" src=\"https:\/\/www.youtube.com\/embed\/z6b5tUIDV7U?feature=oembed\" frameborder=\"0\" allow=\"accelerometer; autoplay; clipboard-write; encrypted-media; gyroscope; picture-in-picture; web-share\" referrerpolicy=\"strict-origin-when-cross-origin\" allowfullscreen><\/iframe><\/p>\n<\/div>\n<p>Como n\u00e3o \u00e9 segredo pra ningu\u00e9m, eu sou completamente apaixonada pelo universo magico de Harry Potter, e depois de tanto pensar cheguei ao questionamento \u201cporque n\u00e3o us\u00e1-lo?\u201d.<br \/>\nMinha ideia inicial foi recontar os principais fatos da saga j\u00e1 conhecida, por\u00e9m trazendo para o centro a melhor amiga de Harry, Hermione. Aos que n\u00e3o sabem em 2018 estreou em Londres a pe\u00e7a teatral \u201cHarry Potter e a Crian\u00e7a Amaldi\u00e7oada\u201d, que narra acontecimentos envolvendo o filho do meio de Harry. No elenco, a atriz africana\/brit\u00e2nica Noma Dumezweni, uma mulher negra, foi a escolhida para viver Hermione, fato que gerou muita como\u00e7\u00e3o (positiva e negativa) e acabou quando a autora resolveu se posicionar dizendo que \u201cnunca havia descrito se a personagem era branca ou negra\u201d. Era com esse vi\u00e9s que eu queria trabalhar ao trazer a personagem ao centro da hist\u00f3ria, uma menina negra que foi pe\u00e7a chave para a salva\u00e7\u00e3o do mundo bruxo.<br \/>\nMais alguns dias pensando e cheguei a outro questionamento \u201cPor que ela se temos outras personagens negras e menos conhecidas? Por que l\u00e1 na Europa se temos tudo isso aqui no Brasil?\u201d. Tamb\u00e9m j\u00e1 foi publicado pela autora que o universo m\u00e1gico \u00e9 imenso e obviamente inclui o Brasil, ou seja, Castelobruxo e Benedita (assim como a escola africana que menciono, Uagadou) n\u00e3o s\u00e3o cria\u00e7\u00f5es minhas, elas fazem parte do universo oficial. O que eu criei foi a hist\u00f3ria de Benedita, a qual ainda n\u00e3o tivemos acesso. S\u00f3 sabemos que ela foi a diretora da escola e nada mais. Os pais dela e sua vinda para o Brasil, sua trajet\u00f3ria na escola e suas habilidades foi o que acrescentei.Quanto ao formato da minha conta\u00e7\u00e3o, tamb\u00e9m mantive a ideia do mundo m\u00e1gico, tomando como inspira\u00e7\u00e3o os programas de r\u00e1dio mostrados no universo expandido, trazendo junto um pouco do \u201cmundo trouxa\u201d (n\u00e3o m\u00e1gico) com a ascens\u00e3o dos youtubers.Foi prazeroso pra mim realizar a atividade, pois misturou muitas coisas que eu gosto e me divirto fazendo. E fiquei muito feliz em saber que a turma gostou do trabalho.<\/p>\n<\/div>\n<div dir=\"auto\"><\/div>\n<div dir=\"auto\"><\/div>\n","protected":false},"excerpt":{"rendered":"<p>Como n\u00e3o \u00e9 segredo pra ningu\u00e9m, eu sou completamente apaixonada pelo universo magico de Harry Potter, e depois de tanto pensar cheguei ao questionamento \u201cporque n\u00e3o us\u00e1-lo?\u201d. Minha ideia inicial foi recontar os principais fatos da saga j\u00e1 conhecida, por\u00e9m trazendo para o centro a melhor amiga de Harry, Hermione. Aos que n\u00e3o sabem em [&hellip;]<\/p>\n","protected":false},"author":949,"featured_media":0,"parent":241,"menu_order":1,"comment_status":"closed","ping_status":"closed","template":"","meta":{"footnotes":""},"class_list":["post-354","page","type-page","status-publish","hentry"],"_links":{"self":[{"href":"https:\/\/wp.ufpel.edu.br\/ladrateatro\/wp-json\/wp\/v2\/pages\/354","targetHints":{"allow":["GET"]}}],"collection":[{"href":"https:\/\/wp.ufpel.edu.br\/ladrateatro\/wp-json\/wp\/v2\/pages"}],"about":[{"href":"https:\/\/wp.ufpel.edu.br\/ladrateatro\/wp-json\/wp\/v2\/types\/page"}],"author":[{"embeddable":true,"href":"https:\/\/wp.ufpel.edu.br\/ladrateatro\/wp-json\/wp\/v2\/users\/949"}],"replies":[{"embeddable":true,"href":"https:\/\/wp.ufpel.edu.br\/ladrateatro\/wp-json\/wp\/v2\/comments?post=354"}],"version-history":[{"count":7,"href":"https:\/\/wp.ufpel.edu.br\/ladrateatro\/wp-json\/wp\/v2\/pages\/354\/revisions"}],"predecessor-version":[{"id":576,"href":"https:\/\/wp.ufpel.edu.br\/ladrateatro\/wp-json\/wp\/v2\/pages\/354\/revisions\/576"}],"up":[{"embeddable":true,"href":"https:\/\/wp.ufpel.edu.br\/ladrateatro\/wp-json\/wp\/v2\/pages\/241"}],"wp:attachment":[{"href":"https:\/\/wp.ufpel.edu.br\/ladrateatro\/wp-json\/wp\/v2\/media?parent=354"}],"curies":[{"name":"wp","href":"https:\/\/api.w.org\/{rel}","templated":true}]}}