{"id":340,"date":"2020-12-11T16:51:43","date_gmt":"2020-12-11T19:51:43","guid":{"rendered":"https:\/\/wp.ufpel.edu.br\/ladrateatro\/?page_id=340"},"modified":"2020-12-11T17:43:43","modified_gmt":"2020-12-11T20:43:43","slug":"outras-criacoes","status":"publish","type":"page","link":"https:\/\/wp.ufpel.edu.br\/ladrateatro\/outras-criacoes\/","title":{"rendered":"Outras cria\u00e7\u00f5es"},"content":{"rendered":"<p>Aqui ficam as constru\u00e7\u00f5es dramat\u00fargicas que n\u00e3o foram inspiradas nem em cenas de anima\u00e7\u00e3o, nem nas fotonovelas. Configuram-se como estruturas outras que os alunes estavam interessados em investigar.<\/p>\n<p>&nbsp;<\/p>\n<p><img class=\" wp-image-314 aligncenter\" src=\"https:\/\/wp.ufpel.edu.br\/ladrateatro\/files\/2020\/12\/LADRA-1-e1607716650114-400x98.png\" alt=\"\" width=\"820\" height=\"201\" srcset=\"https:\/\/wp.ufpel.edu.br\/ladrateatro\/files\/2020\/12\/LADRA-1-e1607716650114-400x98.png 400w, https:\/\/wp.ufpel.edu.br\/ladrateatro\/files\/2020\/12\/LADRA-1-e1607716650114-1024x252.png 1024w, https:\/\/wp.ufpel.edu.br\/ladrateatro\/files\/2020\/12\/LADRA-1-e1607716650114-768x189.png 768w, https:\/\/wp.ufpel.edu.br\/ladrateatro\/files\/2020\/12\/LADRA-1-e1607716650114.png 1134w\" sizes=\"(max-width: 820px) 100vw, 820px\" \/><\/p>\n","protected":false},"excerpt":{"rendered":"<p>Aqui ficam as constru\u00e7\u00f5es dramat\u00fargicas que n\u00e3o foram inspiradas nem em cenas de anima\u00e7\u00e3o, nem nas fotonovelas. Configuram-se como estruturas outras que os alunes estavam interessados em investigar. &nbsp;<\/p>\n","protected":false},"author":949,"featured_media":0,"parent":0,"menu_order":5,"comment_status":"closed","ping_status":"closed","template":"","meta":{"footnotes":""},"class_list":["post-340","page","type-page","status-publish","hentry"],"_links":{"self":[{"href":"https:\/\/wp.ufpel.edu.br\/ladrateatro\/wp-json\/wp\/v2\/pages\/340","targetHints":{"allow":["GET"]}}],"collection":[{"href":"https:\/\/wp.ufpel.edu.br\/ladrateatro\/wp-json\/wp\/v2\/pages"}],"about":[{"href":"https:\/\/wp.ufpel.edu.br\/ladrateatro\/wp-json\/wp\/v2\/types\/page"}],"author":[{"embeddable":true,"href":"https:\/\/wp.ufpel.edu.br\/ladrateatro\/wp-json\/wp\/v2\/users\/949"}],"replies":[{"embeddable":true,"href":"https:\/\/wp.ufpel.edu.br\/ladrateatro\/wp-json\/wp\/v2\/comments?post=340"}],"version-history":[{"count":5,"href":"https:\/\/wp.ufpel.edu.br\/ladrateatro\/wp-json\/wp\/v2\/pages\/340\/revisions"}],"predecessor-version":[{"id":350,"href":"https:\/\/wp.ufpel.edu.br\/ladrateatro\/wp-json\/wp\/v2\/pages\/340\/revisions\/350"}],"wp:attachment":[{"href":"https:\/\/wp.ufpel.edu.br\/ladrateatro\/wp-json\/wp\/v2\/media?parent=340"}],"curies":[{"name":"wp","href":"https:\/\/api.w.org\/{rel}","templated":true}]}}