{"id":243,"date":"2020-10-10T16:37:28","date_gmt":"2020-10-10T19:37:28","guid":{"rendered":"https:\/\/wp.ufpel.edu.br\/ladrateatro\/?page_id=243"},"modified":"2020-12-11T17:43:26","modified_gmt":"2020-12-11T20:43:26","slug":"cenas-de-animacao","status":"publish","type":"page","link":"https:\/\/wp.ufpel.edu.br\/ladrateatro\/cenas-de-animacao\/","title":{"rendered":"Cenas de anima\u00e7\u00e3o"},"content":{"rendered":"<p>A partir do filme <em>Homemade <\/em>(2020), mais especificamente do epis\u00f3dio do diretor italiano Paolo Sorrentino, os alunes foram convidados a realizar uma produ\u00e7\u00e3o dramat\u00fargica audiovisual denominada &#8220;Cenas de anima\u00e7\u00e3o&#8221;, em que poderiam utilizar objetos j\u00e1 existentes ou produzir objetos para contar a sua hist\u00f3ria.<\/p>\n<p>&nbsp;<\/p>\n<p><img class=\"size-medium wp-image-332 aligncenter\" src=\"https:\/\/wp.ufpel.edu.br\/ladrateatro\/files\/2020\/12\/homemade-sorrentino-corto-netflix-2-400x225.jpg\" alt=\"\" width=\"400\" height=\"225\" srcset=\"https:\/\/wp.ufpel.edu.br\/ladrateatro\/files\/2020\/12\/homemade-sorrentino-corto-netflix-2-400x225.jpg 400w, https:\/\/wp.ufpel.edu.br\/ladrateatro\/files\/2020\/12\/homemade-sorrentino-corto-netflix-2.jpg 736w\" sizes=\"(max-width: 400px) 100vw, 400px\" \/><\/p>\n<p style=\"text-align: center\">\u00a0 \u00a0 \u00a0 cena do epis\u00f3dio de Sorrentino em <em>Homemade<\/em><\/p>\n","protected":false},"excerpt":{"rendered":"<p>A partir do filme Homemade (2020), mais especificamente do epis\u00f3dio do diretor italiano Paolo Sorrentino, os alunes foram convidados a realizar uma produ\u00e7\u00e3o dramat\u00fargica audiovisual denominada &#8220;Cenas de anima\u00e7\u00e3o&#8221;, em que poderiam utilizar objetos j\u00e1 existentes ou produzir objetos para contar a sua hist\u00f3ria. &nbsp; \u00a0 \u00a0 \u00a0 cena do epis\u00f3dio de Sorrentino em Homemade<\/p>\n","protected":false},"author":949,"featured_media":0,"parent":0,"menu_order":4,"comment_status":"closed","ping_status":"closed","template":"","meta":{"footnotes":""},"class_list":["post-243","page","type-page","status-publish","hentry"],"_links":{"self":[{"href":"https:\/\/wp.ufpel.edu.br\/ladrateatro\/wp-json\/wp\/v2\/pages\/243","targetHints":{"allow":["GET"]}}],"collection":[{"href":"https:\/\/wp.ufpel.edu.br\/ladrateatro\/wp-json\/wp\/v2\/pages"}],"about":[{"href":"https:\/\/wp.ufpel.edu.br\/ladrateatro\/wp-json\/wp\/v2\/types\/page"}],"author":[{"embeddable":true,"href":"https:\/\/wp.ufpel.edu.br\/ladrateatro\/wp-json\/wp\/v2\/users\/949"}],"replies":[{"embeddable":true,"href":"https:\/\/wp.ufpel.edu.br\/ladrateatro\/wp-json\/wp\/v2\/comments?post=243"}],"version-history":[{"count":4,"href":"https:\/\/wp.ufpel.edu.br\/ladrateatro\/wp-json\/wp\/v2\/pages\/243\/revisions"}],"predecessor-version":[{"id":334,"href":"https:\/\/wp.ufpel.edu.br\/ladrateatro\/wp-json\/wp\/v2\/pages\/243\/revisions\/334"}],"wp:attachment":[{"href":"https:\/\/wp.ufpel.edu.br\/ladrateatro\/wp-json\/wp\/v2\/media?parent=243"}],"curies":[{"name":"wp","href":"https:\/\/api.w.org\/{rel}","templated":true}]}}