{"id":242,"date":"2020-10-10T16:37:28","date_gmt":"2020-10-10T19:37:28","guid":{"rendered":"https:\/\/wp.ufpel.edu.br\/ladrateatro\/?page_id=242"},"modified":"2020-12-11T17:43:08","modified_gmt":"2020-12-11T20:43:08","slug":"fotodramas","status":"publish","type":"page","link":"https:\/\/wp.ufpel.edu.br\/ladrateatro\/fotodramas\/","title":{"rendered":"Fotodramas"},"content":{"rendered":"<p>Inspirados na fotonovela dos anos 1960\/70, os alunes foram convidados a criar hist\u00f3rias a partir de imagens est\u00e1ticas, j\u00e1 existentes ou produzidas por eles especificamente para contar a sua hist\u00f3ria.<\/p>\n<p>&nbsp;<\/p>\n<p><img class=\"aligncenter\" src=\"https:\/\/wp.ufpel.edu.br\/ladrateatro\/wp-admin\/admin-ajax.php?action=imgedit-preview&amp;_ajax_nonce=d084025816&amp;postid=298&amp;rand=41534\" \/><\/p>\n<p style=\"text-align: center\">cena de Let\u00edcia Conter em <em>Pequena misteriosa<\/em><\/p>\n","protected":false},"excerpt":{"rendered":"<p>Inspirados na fotonovela dos anos 1960\/70, os alunes foram convidados a criar hist\u00f3rias a partir de imagens est\u00e1ticas, j\u00e1 existentes ou produzidas por eles especificamente para contar a sua hist\u00f3ria. &nbsp; cena de Let\u00edcia Conter em Pequena misteriosa<\/p>\n","protected":false},"author":949,"featured_media":0,"parent":0,"menu_order":3,"comment_status":"closed","ping_status":"closed","template":"","meta":{"footnotes":""},"class_list":["post-242","page","type-page","status-publish","hentry"],"_links":{"self":[{"href":"https:\/\/wp.ufpel.edu.br\/ladrateatro\/wp-json\/wp\/v2\/pages\/242","targetHints":{"allow":["GET"]}}],"collection":[{"href":"https:\/\/wp.ufpel.edu.br\/ladrateatro\/wp-json\/wp\/v2\/pages"}],"about":[{"href":"https:\/\/wp.ufpel.edu.br\/ladrateatro\/wp-json\/wp\/v2\/types\/page"}],"author":[{"embeddable":true,"href":"https:\/\/wp.ufpel.edu.br\/ladrateatro\/wp-json\/wp\/v2\/users\/949"}],"replies":[{"embeddable":true,"href":"https:\/\/wp.ufpel.edu.br\/ladrateatro\/wp-json\/wp\/v2\/comments?post=242"}],"version-history":[{"count":4,"href":"https:\/\/wp.ufpel.edu.br\/ladrateatro\/wp-json\/wp\/v2\/pages\/242\/revisions"}],"predecessor-version":[{"id":339,"href":"https:\/\/wp.ufpel.edu.br\/ladrateatro\/wp-json\/wp\/v2\/pages\/242\/revisions\/339"}],"wp:attachment":[{"href":"https:\/\/wp.ufpel.edu.br\/ladrateatro\/wp-json\/wp\/v2\/media?parent=242"}],"curies":[{"name":"wp","href":"https:\/\/api.w.org\/{rel}","templated":true}]}}