{"id":234,"date":"2020-10-10T16:17:33","date_gmt":"2020-10-10T19:17:33","guid":{"rendered":"https:\/\/wp.ufpel.edu.br\/ladrateatro\/?page_id=234"},"modified":"2023-08-30T23:39:32","modified_gmt":"2023-08-31T02:39:32","slug":"o-laboratorio-de-dramaturgia","status":"publish","type":"page","link":"https:\/\/wp.ufpel.edu.br\/ladrateatro\/o-laboratorio-de-dramaturgia\/","title":{"rendered":"O LADRA na pesquisa e na escola"},"content":{"rendered":"<p>O LADRA &#8211; Laborat\u00f3rio de dramaturgia &#8211; \u00e9 um projeto unificado, com a\u00e7\u00f5es de extens\u00e3o e pesquisa., mas que tem desdobramentos tamb\u00e9m no ensino. O eixo da extens\u00e3o tem como cerne oficinas de cria\u00e7\u00e3o dramat\u00fargica desenvolvidas na escola municipal da rede p\u00fablica, Col\u00e9gio Pelotense. O eixo do ensino abriga o trabalho desenvolvido por alunos do curso de Teatro e de outras gradua\u00e7\u00f5es na disciplina &#8220;Laborat\u00f3rio de cria\u00e7\u00e3o dramat\u00fargica&#8221;. A pesquisa, por seu turno, trata da investiga\u00e7\u00e3o dos processos de cria\u00e7\u00e3o de dramaturgia via processo colaborativo, a partir de um texto pr\u00e9-existente.<\/p>\n<p>&nbsp;<\/p>\n<p>Na a\u00e7\u00e3o de extens\u00e3o &#8220;Teatro dos Gatos Pelados&#8221;, Barbara Cruz Nunes, Nicole Pires Gonzales e Marina de Lima Lopes ministram uma oficina de jogos teatrais para cerca de 20 alunos do Col\u00e9gio Municipal Pelotense, no contraturno das aulas, nas sextas-feiras das 15h \u00e0s 17h. A coordena\u00e7\u00e3o \u00e9 da professora Marina de Oliveira, tendo como colaborador e organizador o professor Joaquim Lucas Dias dos Santos.<\/p>\n<p><img class=\"wp-image-731 alignleft\" src=\"https:\/\/wp.ufpel.edu.br\/ladrateatro\/files\/2023\/08\/Ladra-no-Pelotense-400x300.jpg\" alt=\"\" width=\"408\" height=\"306\" srcset=\"https:\/\/wp.ufpel.edu.br\/ladrateatro\/files\/2023\/08\/Ladra-no-Pelotense-400x300.jpg 400w, https:\/\/wp.ufpel.edu.br\/ladrateatro\/files\/2023\/08\/Ladra-no-Pelotense-768x576.jpg 768w, https:\/\/wp.ufpel.edu.br\/ladrateatro\/files\/2023\/08\/Ladra-no-Pelotense.jpg 825w\" sizes=\"(max-width: 408px) 100vw, 408px\" \/><img class=\"size-medium wp-image-741 alignright\" src=\"https:\/\/wp.ufpel.edu.br\/ladrateatro\/files\/2023\/08\/Imagem1-400x300.jpg\" alt=\"\" width=\"400\" height=\"300\" srcset=\"https:\/\/wp.ufpel.edu.br\/ladrateatro\/files\/2023\/08\/Imagem1-400x300.jpg 400w, https:\/\/wp.ufpel.edu.br\/ladrateatro\/files\/2023\/08\/Imagem1.jpg 741w\" sizes=\"(max-width: 400px) 100vw, 400px\" \/><\/p>\n<p>&nbsp;<\/p>\n<p>&nbsp;<\/p>\n<p>&nbsp;<\/p>\n<p>&nbsp;<\/p>\n<p>&nbsp;<\/p>\n<p>&nbsp;<\/p>\n<p>&nbsp;<\/p>\n<p>&nbsp;<\/p>\n<p>&nbsp;<\/p>\n<p>&nbsp;<\/p>\n<p>Na a\u00e7\u00e3o de extens\u00e3o &#8220;Oficina de Jogos Teatrais&#8221;, Ana Laura Bianchini e Leonan Fernandes da Costa ministram uma oficina de teatro para cerca de 18 alunos dos sextos e s\u00e9timos anos, no contraturno das aulas, nas quartas-feiras, das 10h \u00e0s 12h. A coordena\u00e7\u00e3o \u00e9 da professora Marina de Oliveira, tendo como colaborador e organizador o professor Joaquim Lucas Dias dos Santos.<\/p>\n<p><img class=\"wp-image-733 alignright\" style=\"color: var(--cor-texto); font-family: var(--fonte-corpo);\" src=\"https:\/\/wp.ufpel.edu.br\/ladrateatro\/files\/2023\/08\/Ladra-no-pelotense-3-400x300.jpg\" alt=\"\" width=\"460\" height=\"345\" srcset=\"https:\/\/wp.ufpel.edu.br\/ladrateatro\/files\/2023\/08\/Ladra-no-pelotense-3-400x300.jpg 400w, https:\/\/wp.ufpel.edu.br\/ladrateatro\/files\/2023\/08\/Ladra-no-pelotense-3-768x576.jpg 768w, https:\/\/wp.ufpel.edu.br\/ladrateatro\/files\/2023\/08\/Ladra-no-pelotense-3.jpg 825w\" sizes=\"(max-width: 460px) 100vw, 460px\" \/> <img class=\"alignnone wp-image-740 alignright\" src=\"https:\/\/wp.ufpel.edu.br\/ladrateatro\/files\/2023\/08\/Ladra-no-pelotense-4-400x300.jpg\" alt=\"\" width=\"460\" height=\"345\" srcset=\"https:\/\/wp.ufpel.edu.br\/ladrateatro\/files\/2023\/08\/Ladra-no-pelotense-4-400x300.jpg 400w, https:\/\/wp.ufpel.edu.br\/ladrateatro\/files\/2023\/08\/Ladra-no-pelotense-4-768x576.jpg 768w, https:\/\/wp.ufpel.edu.br\/ladrateatro\/files\/2023\/08\/Ladra-no-pelotense-4.jpg 825w\" sizes=\"(max-width: 460px) 100vw, 460px\" \/><\/p>\n","protected":false},"excerpt":{"rendered":"<p>O LADRA &#8211; Laborat\u00f3rio de dramaturgia &#8211; \u00e9 um projeto unificado, com a\u00e7\u00f5es de extens\u00e3o e pesquisa., mas que tem desdobramentos tamb\u00e9m no ensino. O eixo da extens\u00e3o tem como cerne oficinas de cria\u00e7\u00e3o dramat\u00fargica desenvolvidas na escola municipal da rede p\u00fablica, Col\u00e9gio Pelotense. O eixo do ensino abriga o trabalho desenvolvido por alunos do [&hellip;]<\/p>\n","protected":false},"author":949,"featured_media":0,"parent":0,"menu_order":1,"comment_status":"closed","ping_status":"closed","template":"page-sem-sidebar.php","meta":{"footnotes":""},"class_list":["post-234","page","type-page","status-publish","hentry"],"_links":{"self":[{"href":"https:\/\/wp.ufpel.edu.br\/ladrateatro\/wp-json\/wp\/v2\/pages\/234","targetHints":{"allow":["GET"]}}],"collection":[{"href":"https:\/\/wp.ufpel.edu.br\/ladrateatro\/wp-json\/wp\/v2\/pages"}],"about":[{"href":"https:\/\/wp.ufpel.edu.br\/ladrateatro\/wp-json\/wp\/v2\/types\/page"}],"author":[{"embeddable":true,"href":"https:\/\/wp.ufpel.edu.br\/ladrateatro\/wp-json\/wp\/v2\/users\/949"}],"replies":[{"embeddable":true,"href":"https:\/\/wp.ufpel.edu.br\/ladrateatro\/wp-json\/wp\/v2\/comments?post=234"}],"version-history":[{"count":11,"href":"https:\/\/wp.ufpel.edu.br\/ladrateatro\/wp-json\/wp\/v2\/pages\/234\/revisions"}],"predecessor-version":[{"id":743,"href":"https:\/\/wp.ufpel.edu.br\/ladrateatro\/wp-json\/wp\/v2\/pages\/234\/revisions\/743"}],"wp:attachment":[{"href":"https:\/\/wp.ufpel.edu.br\/ladrateatro\/wp-json\/wp\/v2\/media?parent=234"}],"curies":[{"name":"wp","href":"https:\/\/api.w.org\/{rel}","templated":true}]}}