{"id":52,"date":"2021-07-14T15:28:52","date_gmt":"2021-07-14T18:28:52","guid":{"rendered":"https:\/\/wp.ufpel.edu.br\/ladob\/?page_id=52"},"modified":"2021-09-13T20:55:04","modified_gmt":"2021-09-13T23:55:04","slug":"links-relacionados","status":"publish","type":"page","link":"https:\/\/wp.ufpel.edu.br\/ladob\/links-relacionados\/","title":{"rendered":"LINKS RELACIONADOS"},"content":{"rendered":"<h2><span style=\"font-size: 12pt\"><strong>HIST\u00d3RIAS DO ROCK<\/strong><\/span><\/h2>\n<h2><span style=\"font-size: 12pt\"><strong>CURSOS ONLINE DE JOHN COVACH<\/strong><\/span><\/h2>\n<h3><span style=\"font-size: 12pt\">&#8211; <a href=\"https:\/\/www.coursera.org\/learn\/history-of-rock\" target=\"_blank\" rel=\"noopener\">HISTORY OF ROCK, PARTE 1<\/a><\/span><br \/>\n<span style=\"font-size: 12pt\">&#8211; <a href=\"https:\/\/www.coursera.org\/learn\/history-of-rock-2\" target=\"_blank\" rel=\"noopener\">HISTORY OF ROCK, PARTE 2<\/a><\/span><br \/>\n<span style=\"font-size: 12pt\">&#8211; <a href=\"https:\/\/www.coursera.org\/learn\/the-beatles\" target=\"_blank\" rel=\"noopener\">A M\u00daSICA DOS BEATLES<\/a><\/span><br \/>\n<span style=\"font-size: 12pt\">&#8211; <a href=\"https:\/\/www.coursera.org\/learn\/rolling-stones\" target=\"_blank\" rel=\"noopener\">A M\u00daSICA DOS ROLLING STONES 1962-1974<\/a><\/span><\/h3>\n<h3><strong><span style=\"font-size: 12pt\">ENCICLOP\u00c9DIA DO ROCK (PROGRAMA ALTO FALANTE)<\/span><\/strong><\/h3>\n<p>&#8211; <a href=\"https:\/\/www.youtube.com\/watch?v=Bon3NTk95Ck&amp;list=PLoAN0VreO4vnxgsIzgV-fVPVq8mRMxrGb&amp;index=6\">CANAL DO YOUTUBE<\/a><\/p>\n<h3><span style=\"font-size: 12pt\"><strong>CONSULTORIA DO ROCK<\/strong><\/span><br \/>\n<span style=\"font-size: 12pt\">&#8211; <a href=\"https:\/\/www.consultoriadorock.com\/\" target=\"_blank\" rel=\"noopener\">SITE<\/a><\/span><br \/>\n<span style=\"font-size: 12pt\">&#8211; <a href=\"https:\/\/www.youtube.com\/channel\/UCCrquvh9ws5GePbSCqTcJew\" target=\"_blank\" rel=\"noopener\">CANAL DO YOUTUBE<\/a><\/span><br \/>\n<span style=\"font-size: 12pt\">&#8211; <a href=\"https:\/\/www.consultoriadorock.com\/categoria\/capas-legais\/\" target=\"_blank\" rel=\"noopener\">CAPAS LEGAIS<\/a><\/span><\/h3>\n<h3><strong><span style=\"font-size: 12pt\">AULAS DA DISCIPLINA &#8220;HIST\u00d3RIA SOCIAL DO ROCK&#8221; (Prof. F\u00e1bio Cruz, o &#8220;Tela&#8221;) &#8211; CURSO DE JORNALISMO DA UFPEL<\/span><\/strong><\/h3>\n<p>&#8211; <a href=\"https:\/\/www.youtube.com\/watch?v=n9ZfdTKfSYU&amp;t=1s\">AULA 01<\/a><\/p>\n<h3><span style=\"font-size: 12pt\"><strong>HIST\u00d3RIA DA DISTOR\u00c7\u00c3O NA GUITARRA<\/strong><\/span><\/h3>\n<h3><span style=\"font-size: 12pt\"><a href=\"https:\/\/www.youtube.com\/watch?v=iYU90XajYmU\" target=\"_blank\" rel=\"noopener\">A Brief History of Electric Guitar Distortion<\/a><\/span><\/h3>\n","protected":false},"excerpt":{"rendered":"<p>HIST\u00d3RIAS DO ROCK CURSOS ONLINE DE JOHN COVACH &#8211; HISTORY OF ROCK, PARTE 1 &#8211; HISTORY OF ROCK, PARTE 2 &#8211; A M\u00daSICA DOS BEATLES &#8211; A M\u00daSICA DOS ROLLING STONES 1962-1974 ENCICLOP\u00c9DIA DO&#46;&#46;&#46;<\/p>\n","protected":false},"author":1153,"featured_media":0,"parent":0,"menu_order":0,"comment_status":"closed","ping_status":"closed","template":"","meta":{"footnotes":""},"class_list":["post-52","page","type-page","status-publish","hentry"],"_links":{"self":[{"href":"https:\/\/wp.ufpel.edu.br\/ladob\/wp-json\/wp\/v2\/pages\/52","targetHints":{"allow":["GET"]}}],"collection":[{"href":"https:\/\/wp.ufpel.edu.br\/ladob\/wp-json\/wp\/v2\/pages"}],"about":[{"href":"https:\/\/wp.ufpel.edu.br\/ladob\/wp-json\/wp\/v2\/types\/page"}],"author":[{"embeddable":true,"href":"https:\/\/wp.ufpel.edu.br\/ladob\/wp-json\/wp\/v2\/users\/1153"}],"replies":[{"embeddable":true,"href":"https:\/\/wp.ufpel.edu.br\/ladob\/wp-json\/wp\/v2\/comments?post=52"}],"version-history":[{"count":21,"href":"https:\/\/wp.ufpel.edu.br\/ladob\/wp-json\/wp\/v2\/pages\/52\/revisions"}],"predecessor-version":[{"id":367,"href":"https:\/\/wp.ufpel.edu.br\/ladob\/wp-json\/wp\/v2\/pages\/52\/revisions\/367"}],"wp:attachment":[{"href":"https:\/\/wp.ufpel.edu.br\/ladob\/wp-json\/wp\/v2\/media?parent=52"}],"curies":[{"name":"wp","href":"https:\/\/api.w.org\/{rel}","templated":true}]}}