{"id":376,"date":"2021-10-18T16:00:23","date_gmt":"2021-10-18T19:00:23","guid":{"rendered":"https:\/\/wp.ufpel.edu.br\/ladob\/?page_id=376"},"modified":"2021-10-18T16:26:44","modified_gmt":"2021-10-18T19:26:44","slug":"lado-b-na-midia","status":"publish","type":"page","link":"https:\/\/wp.ufpel.edu.br\/ladob\/lado-b-na-midia\/","title":{"rendered":"LADO B NA M\u00cdDIA"},"content":{"rendered":"<h5>Mat\u00e9rias publicadas na imprensa local<\/h5>\n<h6><a href=\"https:\/\/wp.ufpel.edu.br\/ladob\/files\/2021\/10\/2021-10-1617-Dia\u0301rio-Popular-_O-Outro-Lado-da-Mu\u0301sica_.pdf\">2021-10-16,17 Dia\u0301rio Popular _O Outro Lado da Mu\u0301sica<\/a><\/h6>\n<p><a href=\"https:\/\/www.diariopopular.com.br\/index.php?n_sistema=3056&amp;id_noticia=MTY1MzI1&amp;id_area=MTYz\" target=\"_blank\" rel=\"noopener\"><img loading=\"lazy\" decoding=\"async\" class=\"alignnone wp-image-383 size-medium\" src=\"https:\/\/wp.ufpel.edu.br\/ladob\/files\/2021\/10\/2021-10-1617-Dia\u0301rio-Popular-O-Outro-Lado-da-Mu\u0301sica-293x400.jpeg\" alt=\"\" width=\"293\" height=\"400\" srcset=\"https:\/\/wp.ufpel.edu.br\/ladob\/files\/2021\/10\/2021-10-1617-Dia\u0301rio-Popular-O-Outro-Lado-da-Mu\u0301sica-293x400.jpeg 293w, https:\/\/wp.ufpel.edu.br\/ladob\/files\/2021\/10\/2021-10-1617-Dia\u0301rio-Popular-O-Outro-Lado-da-Mu\u0301sica-751x1024.jpeg 751w, https:\/\/wp.ufpel.edu.br\/ladob\/files\/2021\/10\/2021-10-1617-Dia\u0301rio-Popular-O-Outro-Lado-da-Mu\u0301sica-768x1047.jpeg 768w, https:\/\/wp.ufpel.edu.br\/ladob\/files\/2021\/10\/2021-10-1617-Dia\u0301rio-Popular-O-Outro-Lado-da-Mu\u0301sica.jpeg 939w\" sizes=\"auto, (max-width: 293px) 100vw, 293px\" \/><\/a><\/p>\n<p>&nbsp;<\/p>\n<p><img loading=\"lazy\" decoding=\"async\" class=\"alignnone size-medium wp-image-394\" src=\"https:\/\/wp.ufpel.edu.br\/ladob\/files\/2021\/10\/2018-09-13-Dia\u0301rio-da-Manha\u0303-Redemoinho-de-Sonhos-249x400.jpg\" alt=\"\" width=\"249\" height=\"400\" srcset=\"https:\/\/wp.ufpel.edu.br\/ladob\/files\/2021\/10\/2018-09-13-Dia\u0301rio-da-Manha\u0303-Redemoinho-de-Sonhos-249x400.jpg 249w, https:\/\/wp.ufpel.edu.br\/ladob\/files\/2021\/10\/2018-09-13-Dia\u0301rio-da-Manha\u0303-Redemoinho-de-Sonhos-637x1024.jpg 637w, https:\/\/wp.ufpel.edu.br\/ladob\/files\/2021\/10\/2018-09-13-Dia\u0301rio-da-Manha\u0303-Redemoinho-de-Sonhos-768x1235.jpg 768w, https:\/\/wp.ufpel.edu.br\/ladob\/files\/2021\/10\/2018-09-13-Dia\u0301rio-da-Manha\u0303-Redemoinho-de-Sonhos-955x1536.jpg 955w, https:\/\/wp.ufpel.edu.br\/ladob\/files\/2021\/10\/2018-09-13-Dia\u0301rio-da-Manha\u0303-Redemoinho-de-Sonhos-1274x2048.jpg 1274w, https:\/\/wp.ufpel.edu.br\/ladob\/files\/2021\/10\/2018-09-13-Dia\u0301rio-da-Manha\u0303-Redemoinho-de-Sonhos-scaled.jpg 1592w\" sizes=\"auto, (max-width: 249px) 100vw, 249px\" \/><\/p>\n<p>&nbsp;<\/p>\n<p>&nbsp;<\/p>\n<h5>Not\u00edcias publicadas pela Coordena\u00e7\u00e3o de Comunica\u00e7\u00e3o Social da UFPEL<\/h5>\n<blockquote class=\"wp-embedded-content\" data-secret=\"YKyI3KC1qr\"><p><a href=\"https:\/\/ccs2.ufpel.edu.br\/wp\/2021\/05\/10\/projeto-lado-b-musicas-impopulares-lanca-serie-de-podcast-sobre-historias-do-rock\/\">Projeto &#8220;Lado B &#8211; m\u00fasicas impopulares&#8221; lan\u00e7a s\u00e9rie de podcast sobre Hist\u00f3rias do Rock<\/a><\/p><\/blockquote>\n<p><iframe loading=\"lazy\" class=\"wp-embedded-content\" sandbox=\"allow-scripts\" security=\"restricted\" style=\"position: absolute; clip: rect(1px, 1px, 1px, 1px);\" title=\"&#8220;Projeto &#8220;Lado B &#8211; m\u00fasicas impopulares&#8221; lan\u00e7a s\u00e9rie de podcast sobre Hist\u00f3rias do Rock&#8221; &#8212; Coordena\u00e7\u00e3o de Comunica\u00e7\u00e3o Social\" src=\"https:\/\/ccs2.ufpel.edu.br\/wp\/2021\/05\/10\/projeto-lado-b-musicas-impopulares-lanca-serie-de-podcast-sobre-historias-do-rock\/embed\/#?secret=od7RbtKD7w#?secret=YKyI3KC1qr\" data-secret=\"YKyI3KC1qr\" width=\"500\" height=\"282\" frameborder=\"0\" marginwidth=\"0\" marginheight=\"0\" scrolling=\"no\"><\/iframe><\/p>\n<blockquote class=\"wp-embedded-content\" data-secret=\"wT4gf4LYqy\"><p><a href=\"https:\/\/ccs2.ufpel.edu.br\/wp\/2018\/09\/11\/conservatorio-recebe-redemoinho-de-sonhos\/\">Conservat\u00f3rio recebe \u201cRedemoinho de Sonhos\u201d<\/a><\/p><\/blockquote>\n<p><iframe loading=\"lazy\" class=\"wp-embedded-content\" sandbox=\"allow-scripts\" security=\"restricted\" style=\"position: absolute; clip: rect(1px, 1px, 1px, 1px);\" title=\"&#8220;Conservat\u00f3rio recebe \u201cRedemoinho de Sonhos\u201d&#8221; &#8212; Coordena\u00e7\u00e3o de Comunica\u00e7\u00e3o Social\" src=\"https:\/\/ccs2.ufpel.edu.br\/wp\/2018\/09\/11\/conservatorio-recebe-redemoinho-de-sonhos\/embed\/#?secret=pXNUQStoeF#?secret=wT4gf4LYqy\" data-secret=\"wT4gf4LYqy\" width=\"500\" height=\"282\" frameborder=\"0\" marginwidth=\"0\" marginheight=\"0\" scrolling=\"no\"><\/iframe><\/p>\n","protected":false},"excerpt":{"rendered":"<p>Mat\u00e9rias publicadas na imprensa local 2021-10-16,17 Dia\u0301rio Popular _O Outro Lado da Mu\u0301sica &nbsp; &nbsp; &nbsp; Not\u00edcias publicadas pela Coordena\u00e7\u00e3o de Comunica\u00e7\u00e3o Social da UFPEL Projeto &#8220;Lado B &#8211; m\u00fasicas impopulares&#8221; lan\u00e7a s\u00e9rie de&#46;&#46;&#46;<\/p>\n","protected":false},"author":340,"featured_media":0,"parent":0,"menu_order":0,"comment_status":"closed","ping_status":"closed","template":"","meta":{"footnotes":""},"class_list":["post-376","page","type-page","status-publish","hentry"],"_links":{"self":[{"href":"https:\/\/wp.ufpel.edu.br\/ladob\/wp-json\/wp\/v2\/pages\/376","targetHints":{"allow":["GET"]}}],"collection":[{"href":"https:\/\/wp.ufpel.edu.br\/ladob\/wp-json\/wp\/v2\/pages"}],"about":[{"href":"https:\/\/wp.ufpel.edu.br\/ladob\/wp-json\/wp\/v2\/types\/page"}],"author":[{"embeddable":true,"href":"https:\/\/wp.ufpel.edu.br\/ladob\/wp-json\/wp\/v2\/users\/340"}],"replies":[{"embeddable":true,"href":"https:\/\/wp.ufpel.edu.br\/ladob\/wp-json\/wp\/v2\/comments?post=376"}],"version-history":[{"count":13,"href":"https:\/\/wp.ufpel.edu.br\/ladob\/wp-json\/wp\/v2\/pages\/376\/revisions"}],"predecessor-version":[{"id":395,"href":"https:\/\/wp.ufpel.edu.br\/ladob\/wp-json\/wp\/v2\/pages\/376\/revisions\/395"}],"wp:attachment":[{"href":"https:\/\/wp.ufpel.edu.br\/ladob\/wp-json\/wp\/v2\/media?parent=376"}],"curies":[{"name":"wp","href":"https:\/\/api.w.org\/{rel}","templated":true}]}}