{"id":16,"date":"2021-07-13T15:45:00","date_gmt":"2021-07-13T18:45:00","guid":{"rendered":"https:\/\/wp.ufpel.edu.br\/ladob\/?page_id=16"},"modified":"2021-09-13T16:58:45","modified_gmt":"2021-09-13T19:58:45","slug":"historias-do-rock-podcasts","status":"publish","type":"page","link":"https:\/\/wp.ufpel.edu.br\/ladob\/historias-do-rock-podcasts\/","title":{"rendered":"HIST\u00d3RIAS DO ROCK (podcasts)"},"content":{"rendered":"<h3 style=\"text-align: justify\">A s\u00e9rie Hist\u00f3rias do Rock, iniciada em 2020 e veiculada pelo programa Sala de Ensaio podcast, traz informa\u00e7\u00f5es sobre o Rock em suas diversas eras, desde sua pr\u00e9-hist\u00f3ria, abordando tamb\u00e9m recortes tem\u00e1ticos espec\u00edficos.<\/h3>\n<p><strong>Playlist no YouTube: <\/strong><a href=\"https:\/\/youtube.com\/playlist?list=PLoIok7XqySAWUHGTU6CtBgCmNAFa_vsVi\">https:\/\/youtube.com\/playlist?list=PLoIok7XqySAWUHGTU6CtBgCmNAFa_vsVi<\/a><\/p>\n<p><strong>Instagram Sala de Ensaio:<\/strong> <a href=\"http:\/\/instagram.com\/saladeensaio_podcast\" target=\"_blank\" rel=\"noopener\">http:\/\/instagram.com\/saladeensaio_podcast<\/a><\/p>\n<p>Tudo come\u00e7ou com a disciplina de Hist\u00f3ria do Rock, do Bacharelado em M\u00fasica Popular da UFPEL, criada e ministrada pelo prof. Guilherme Tavares, na qual estudaram juntos na mesma turma Henrique Costa e Bruno Moraes. H\u00e1 alguns anos Henrique, egresso do Bacharelado em Viol\u00e3o da UFPel e criador do Sala de Ensaio podcast, teve a ideia de dedicar um dos epis\u00f3dios a uma conversa sobre um panorama geral da hist\u00f3ria do Rock em suas primeiras d\u00e9cadas, englobando tamb\u00e9m algo de sua pr\u00e9-hist\u00f3ria. Para enriquecer esse bate-papo convidamos tamb\u00e9m Bruno Moraes, acad\u00eamico do Bacharelado em M\u00fasica Popular da UFPel e professor de Hist\u00f3ria do Rock na escola particular <em>O Batuta<\/em> (Pelotas-RS).<\/p>\n<p style=\"text-align: justify\">Assim foi gravado em 2020, por teleconfer\u00eancia, um epis\u00f3dio piloto com pouco mais de 1h de dura\u00e7\u00e3o, j\u00e1 com a indica\u00e7\u00e3o de que precisar\u00edamos de mais alguns epis\u00f3dios para dar conta do tema&#8230;\u00a0N\u00e3o tardou para que isso fosse formalizado como um projeto unificado da UFPel com \u00eanfase na extens\u00e3o universit\u00e1ria, e para que fosse estabelecido um planejamento para uma s\u00e9rie em que os primeiros epis\u00f3dios abordem, cronologicamente, desde a pr\u00e9-hist\u00f3ria do Rock at\u00e9 as suas primeiras d\u00e9cadas (ou seja, os mesmos t\u00f3picos do epis\u00f3dio 01, por\u00e9m mais aprofundados), partindo depois para recortes tem\u00e1ticos diversos at\u00e9 onde o projeto durar.<\/p>\n<p style=\"text-align: justify\">Por conta de todas as dificuldades pessoais e t\u00e9cnicas envolvidas durante a pandemia da COVID-19, o segundo epis\u00f3dio custou muito a ter sua produ\u00e7\u00e3o conclu\u00edda, por\u00e9m em 2021 a s\u00e9rie se estabeleceu em um fluxo inicialmente quinzenal e, posteriormente, mensal.<\/p>\n<p>EQUIPE:<\/p>\n<p>BRUNO SEXAS DE MORAES<br \/>\nDANIELA DA SILVA MOREIRA<br \/>\nEDUARDO MONTAGNA DA SILVEIRA<br \/>\nGUILHERME CAMPELO TAVARES<br \/>\nHENRIQUE SALDANHA DA COSTA<br \/>\nPABLO DE LIMA PI\u00d1EYRO<\/p>\n","protected":false},"excerpt":{"rendered":"<p>A s\u00e9rie Hist\u00f3rias do Rock, iniciada em 2020 e veiculada pelo programa Sala de Ensaio podcast, traz informa\u00e7\u00f5es sobre o Rock em suas diversas eras, desde sua pr\u00e9-hist\u00f3ria, abordando tamb\u00e9m recortes tem\u00e1ticos espec\u00edficos. Playlist&#46;&#46;&#46;<\/p>\n","protected":false},"author":340,"featured_media":0,"parent":0,"menu_order":0,"comment_status":"closed","ping_status":"closed","template":"","meta":{"footnotes":""},"class_list":["post-16","page","type-page","status-publish","hentry"],"_links":{"self":[{"href":"https:\/\/wp.ufpel.edu.br\/ladob\/wp-json\/wp\/v2\/pages\/16","targetHints":{"allow":["GET"]}}],"collection":[{"href":"https:\/\/wp.ufpel.edu.br\/ladob\/wp-json\/wp\/v2\/pages"}],"about":[{"href":"https:\/\/wp.ufpel.edu.br\/ladob\/wp-json\/wp\/v2\/types\/page"}],"author":[{"embeddable":true,"href":"https:\/\/wp.ufpel.edu.br\/ladob\/wp-json\/wp\/v2\/users\/340"}],"replies":[{"embeddable":true,"href":"https:\/\/wp.ufpel.edu.br\/ladob\/wp-json\/wp\/v2\/comments?post=16"}],"version-history":[{"count":29,"href":"https:\/\/wp.ufpel.edu.br\/ladob\/wp-json\/wp\/v2\/pages\/16\/revisions"}],"predecessor-version":[{"id":308,"href":"https:\/\/wp.ufpel.edu.br\/ladob\/wp-json\/wp\/v2\/pages\/16\/revisions\/308"}],"wp:attachment":[{"href":"https:\/\/wp.ufpel.edu.br\/ladob\/wp-json\/wp\/v2\/media?parent=16"}],"curies":[{"name":"wp","href":"https:\/\/api.w.org\/{rel}","templated":true}]}}