{"id":153,"date":"2021-08-18T14:40:16","date_gmt":"2021-08-18T17:40:16","guid":{"rendered":"https:\/\/wp.ufpel.edu.br\/ladob\/?page_id=153"},"modified":"2021-10-18T17:02:29","modified_gmt":"2021-10-18T20:02:29","slug":"historias-do-rock-2021","status":"publish","type":"page","link":"https:\/\/wp.ufpel.edu.br\/ladob\/historias-do-rock-podcasts\/historias-do-rock-2021\/","title":{"rendered":"Hist\u00f3rias do Rock 2021"},"content":{"rendered":"<table style=\"border-collapse: collapse;width: 100%\" border=\"1\">\n<tbody>\n<tr>\n<td style=\"width: 33.3333%\">\n<p style=\"text-align: center\"><strong>Hist\u00f3rias do Rock 01<\/strong><\/p>\n<p style=\"text-align: center\"><strong><span style=\"font-size: 10pt\">Panorama Geral<\/span><\/strong><\/p>\n<p style=\"text-align: center\"><a href=\"https:\/\/youtu.be\/ar4QTBqM-Tk\" target=\"_blank\" rel=\"noopener\"><img loading=\"lazy\" decoding=\"async\" class=\"alignnone wp-image-145\" src=\"https:\/\/wp.ufpel.edu.br\/ladob\/files\/2021\/08\/Historias-do-Rock-01-Panorama-Geral-400x400.jpg\" alt=\"\" width=\"200\" height=\"200\" srcset=\"https:\/\/wp.ufpel.edu.br\/ladob\/files\/2021\/08\/Historias-do-Rock-01-Panorama-Geral-400x400.jpg 400w, https:\/\/wp.ufpel.edu.br\/ladob\/files\/2021\/08\/Historias-do-Rock-01-Panorama-Geral-200x200.jpg 200w, https:\/\/wp.ufpel.edu.br\/ladob\/files\/2021\/08\/Historias-do-Rock-01-Panorama-Geral-768x768.jpg 768w, https:\/\/wp.ufpel.edu.br\/ladob\/files\/2021\/08\/Historias-do-Rock-01-Panorama-Geral-80x80.jpg 80w, https:\/\/wp.ufpel.edu.br\/ladob\/files\/2021\/08\/Historias-do-Rock-01-Panorama-Geral-320x320.jpg 320w, https:\/\/wp.ufpel.edu.br\/ladob\/files\/2021\/08\/Historias-do-Rock-01-Panorama-Geral.jpg 800w\" sizes=\"auto, (max-width: 200px) 100vw, 200px\" \/><\/a><\/p>\n<\/td>\n<td style=\"width: 33.3333%\">\n<p style=\"text-align: center\"><strong>Hist\u00f3rias do Rock 02<\/strong><\/p>\n<p style=\"text-align: center\"><strong><span style=\"font-size: 10pt\">A Pr\u00e9-Hist\u00f3ria<\/span><\/strong><\/p>\n<p style=\"text-align: center\"><strong><img loading=\"lazy\" decoding=\"async\" class=\"alignnone wp-image-188\" src=\"https:\/\/wp.ufpel.edu.br\/ladob\/files\/2021\/08\/Historias-do-Rock-02-A-Pre-Historia-1-400x400.jpg\" alt=\"\" width=\"200\" height=\"200\" srcset=\"https:\/\/wp.ufpel.edu.br\/ladob\/files\/2021\/08\/Historias-do-Rock-02-A-Pre-Historia-1-400x400.jpg 400w, https:\/\/wp.ufpel.edu.br\/ladob\/files\/2021\/08\/Historias-do-Rock-02-A-Pre-Historia-1-200x200.jpg 200w, https:\/\/wp.ufpel.edu.br\/ladob\/files\/2021\/08\/Historias-do-Rock-02-A-Pre-Historia-1-768x768.jpg 768w, https:\/\/wp.ufpel.edu.br\/ladob\/files\/2021\/08\/Historias-do-Rock-02-A-Pre-Historia-1-80x80.jpg 80w, https:\/\/wp.ufpel.edu.br\/ladob\/files\/2021\/08\/Historias-do-Rock-02-A-Pre-Historia-1-320x320.jpg 320w, https:\/\/wp.ufpel.edu.br\/ladob\/files\/2021\/08\/Historias-do-Rock-02-A-Pre-Historia-1.jpg 800w\" sizes=\"auto, (max-width: 200px) 100vw, 200px\" \/><\/strong><\/p>\n<\/td>\n<td style=\"width: 33.3333%\">\n<p style=\"text-align: center\"><strong>Hist\u00f3rias do Rock 02.5<\/strong><\/p>\n<p style=\"text-align: center\"><strong><span style=\"font-size: 10pt\">O Fim da Pr\u00e9-Hist\u00f3ria<\/span><\/strong><\/p>\n<p style=\"text-align: center\"><strong><span style=\"font-size: 10pt\"><a href=\"https:\/\/youtu.be\/Yxu7PnIYjl8\" target=\"_blank\" rel=\"noopener\"><img loading=\"lazy\" decoding=\"async\" class=\"alignnone wp-image-166\" src=\"https:\/\/wp.ufpel.edu.br\/ladob\/files\/2021\/08\/Historias-do-Rock-02.5-O-Fim-da-Pre-Historia-400x400.jpg\" alt=\"\" width=\"200\" height=\"200\" srcset=\"https:\/\/wp.ufpel.edu.br\/ladob\/files\/2021\/08\/Historias-do-Rock-02.5-O-Fim-da-Pre-Historia-400x400.jpg 400w, https:\/\/wp.ufpel.edu.br\/ladob\/files\/2021\/08\/Historias-do-Rock-02.5-O-Fim-da-Pre-Historia-200x200.jpg 200w, https:\/\/wp.ufpel.edu.br\/ladob\/files\/2021\/08\/Historias-do-Rock-02.5-O-Fim-da-Pre-Historia-768x768.jpg 768w, https:\/\/wp.ufpel.edu.br\/ladob\/files\/2021\/08\/Historias-do-Rock-02.5-O-Fim-da-Pre-Historia-80x80.jpg 80w, https:\/\/wp.ufpel.edu.br\/ladob\/files\/2021\/08\/Historias-do-Rock-02.5-O-Fim-da-Pre-Historia-320x320.jpg 320w, https:\/\/wp.ufpel.edu.br\/ladob\/files\/2021\/08\/Historias-do-Rock-02.5-O-Fim-da-Pre-Historia.jpg 800w\" sizes=\"auto, (max-width: 200px) 100vw, 200px\" \/><\/a><\/span><\/strong><\/p>\n<\/td>\n<\/tr>\n<tr>\n<td style=\"width: 33.3333%\">\n<p style=\"text-align: center\"><strong><span style=\"font-size: 12pt\">Hist\u00f3rias do Rock 03<\/span><\/strong><\/p>\n<p style=\"text-align: center\"><strong><span style=\"font-size: 10pt\">O Rock&#8217;n&#8217;Roll\u00a0dos Anos 1950<\/span><\/strong><\/p>\n<p style=\"text-align: center\"><strong><span style=\"font-size: 10pt\"><a href=\"https:\/\/youtu.be\/1xVVl8lChB0\"><img loading=\"lazy\" decoding=\"async\" class=\"alignnone wp-image-171\" src=\"https:\/\/wp.ufpel.edu.br\/ladob\/files\/2021\/08\/Historias-do-Rock-03-O-RocknRoll-dos-Anos-1950-400x400.jpg\" alt=\"\" width=\"200\" height=\"200\" srcset=\"https:\/\/wp.ufpel.edu.br\/ladob\/files\/2021\/08\/Historias-do-Rock-03-O-RocknRoll-dos-Anos-1950-400x400.jpg 400w, https:\/\/wp.ufpel.edu.br\/ladob\/files\/2021\/08\/Historias-do-Rock-03-O-RocknRoll-dos-Anos-1950-200x200.jpg 200w, https:\/\/wp.ufpel.edu.br\/ladob\/files\/2021\/08\/Historias-do-Rock-03-O-RocknRoll-dos-Anos-1950-768x768.jpg 768w, https:\/\/wp.ufpel.edu.br\/ladob\/files\/2021\/08\/Historias-do-Rock-03-O-RocknRoll-dos-Anos-1950-80x80.jpg 80w, https:\/\/wp.ufpel.edu.br\/ladob\/files\/2021\/08\/Historias-do-Rock-03-O-RocknRoll-dos-Anos-1950-320x320.jpg 320w, https:\/\/wp.ufpel.edu.br\/ladob\/files\/2021\/08\/Historias-do-Rock-03-O-RocknRoll-dos-Anos-1950.jpg 800w\" sizes=\"auto, (max-width: 200px) 100vw, 200px\" \/><\/a><\/span><\/strong><\/p>\n<\/td>\n<td style=\"width: 33.3333%\">\n<p style=\"text-align: center\"><strong><span style=\"font-size: 12pt\">Hist\u00f3rias do Rock 04<\/span><\/strong><\/p>\n<p style=\"text-align: center\"><strong><span style=\"font-size: 10pt\">Teen Idols e\u00a0a Chegada do Rock no Brasil<\/span><\/strong><\/p>\n<p style=\"text-align: center\"><strong><a href=\"https:\/\/youtu.be\/bN8mvokpCnQ\"><span style=\"font-size: 10pt\"><img loading=\"lazy\" decoding=\"async\" class=\"alignnone wp-image-174\" src=\"https:\/\/wp.ufpel.edu.br\/ladob\/files\/2021\/08\/Historias-do-Rock-04-Teen-Idols-e-a-Chegada-do-Rock-no-Brasil-400x400.jpg\" alt=\"\" width=\"200\" height=\"200\" srcset=\"https:\/\/wp.ufpel.edu.br\/ladob\/files\/2021\/08\/Historias-do-Rock-04-Teen-Idols-e-a-Chegada-do-Rock-no-Brasil-400x400.jpg 400w, https:\/\/wp.ufpel.edu.br\/ladob\/files\/2021\/08\/Historias-do-Rock-04-Teen-Idols-e-a-Chegada-do-Rock-no-Brasil-200x200.jpg 200w, https:\/\/wp.ufpel.edu.br\/ladob\/files\/2021\/08\/Historias-do-Rock-04-Teen-Idols-e-a-Chegada-do-Rock-no-Brasil-768x768.jpg 768w, https:\/\/wp.ufpel.edu.br\/ladob\/files\/2021\/08\/Historias-do-Rock-04-Teen-Idols-e-a-Chegada-do-Rock-no-Brasil-80x80.jpg 80w, https:\/\/wp.ufpel.edu.br\/ladob\/files\/2021\/08\/Historias-do-Rock-04-Teen-Idols-e-a-Chegada-do-Rock-no-Brasil-320x320.jpg 320w, https:\/\/wp.ufpel.edu.br\/ladob\/files\/2021\/08\/Historias-do-Rock-04-Teen-Idols-e-a-Chegada-do-Rock-no-Brasil.jpg 800w\" sizes=\"auto, (max-width: 200px) 100vw, 200px\" \/><\/span><\/a><\/strong><\/p>\n<\/td>\n<td style=\"width: 33.3333%\">\n<p style=\"text-align: center\"><strong><span style=\"font-size: 12pt\">Hist\u00f3rias do Rock 05<\/span><\/strong><\/p>\n<p style=\"text-align: center\"><strong><span style=\"font-size: 10pt\">Folk Revival, Blues Revival e Surf Music<\/span><\/strong><\/p>\n<p style=\"text-align: center\"><strong><a href=\"https:\/\/youtu.be\/HOYERd0sgXg\"><span style=\"font-size: 10pt\"><img loading=\"lazy\" decoding=\"async\" class=\"alignnone wp-image-179\" src=\"https:\/\/wp.ufpel.edu.br\/ladob\/files\/2021\/08\/Historias-do-Rock-05-Folk-Revival-Blues-Revival-e-Surf-Music-400x400.jpeg\" alt=\"\" width=\"200\" height=\"200\" srcset=\"https:\/\/wp.ufpel.edu.br\/ladob\/files\/2021\/08\/Historias-do-Rock-05-Folk-Revival-Blues-Revival-e-Surf-Music-400x400.jpeg 400w, https:\/\/wp.ufpel.edu.br\/ladob\/files\/2021\/08\/Historias-do-Rock-05-Folk-Revival-Blues-Revival-e-Surf-Music-200x200.jpeg 200w, https:\/\/wp.ufpel.edu.br\/ladob\/files\/2021\/08\/Historias-do-Rock-05-Folk-Revival-Blues-Revival-e-Surf-Music-768x768.jpeg 768w, https:\/\/wp.ufpel.edu.br\/ladob\/files\/2021\/08\/Historias-do-Rock-05-Folk-Revival-Blues-Revival-e-Surf-Music-80x80.jpeg 80w, https:\/\/wp.ufpel.edu.br\/ladob\/files\/2021\/08\/Historias-do-Rock-05-Folk-Revival-Blues-Revival-e-Surf-Music-320x320.jpeg 320w, https:\/\/wp.ufpel.edu.br\/ladob\/files\/2021\/08\/Historias-do-Rock-05-Folk-Revival-Blues-Revival-e-Surf-Music.jpeg 800w\" sizes=\"auto, (max-width: 200px) 100vw, 200px\" \/><\/span><\/a><\/strong><\/p>\n<\/td>\n<\/tr>\n<tr>\n<td style=\"width: 33.3333%\">\n<p style=\"text-align: center\"><strong><span style=\"font-size: 12pt\">Hist\u00f3rias do Rock 06<\/span><\/strong><\/p>\n<p style=\"text-align: center\"><strong><span style=\"font-size: 10pt\">A Invas\u00e3o Brit\u00e2nica<\/span><\/strong><\/p>\n<p><a href=\"https:\/\/youtu.be\/DVpkgIOx5cs\" target=\"_blank\" rel=\"noopener\"><img loading=\"lazy\" decoding=\"async\" class=\"aligncenter wp-image-283 size-thumbnail\" src=\"https:\/\/wp.ufpel.edu.br\/ladob\/files\/2021\/09\/Historias-do-Rock-06-A-Invasao-Britanica-200x200.jpeg\" alt=\"\" width=\"200\" height=\"200\" srcset=\"https:\/\/wp.ufpel.edu.br\/ladob\/files\/2021\/09\/Historias-do-Rock-06-A-Invasao-Britanica-200x200.jpeg 200w, https:\/\/wp.ufpel.edu.br\/ladob\/files\/2021\/09\/Historias-do-Rock-06-A-Invasao-Britanica-400x400.jpeg 400w, https:\/\/wp.ufpel.edu.br\/ladob\/files\/2021\/09\/Historias-do-Rock-06-A-Invasao-Britanica-768x768.jpeg 768w, https:\/\/wp.ufpel.edu.br\/ladob\/files\/2021\/09\/Historias-do-Rock-06-A-Invasao-Britanica-80x80.jpeg 80w, https:\/\/wp.ufpel.edu.br\/ladob\/files\/2021\/09\/Historias-do-Rock-06-A-Invasao-Britanica-320x320.jpeg 320w, https:\/\/wp.ufpel.edu.br\/ladob\/files\/2021\/09\/Historias-do-Rock-06-A-Invasao-Britanica.jpeg 800w\" sizes=\"auto, (max-width: 200px) 100vw, 200px\" \/><\/a><\/td>\n<td style=\"width: 33.3333%\">\n<p style=\"text-align: center\"><strong>Hist\u00f3rias do Rock 07<\/strong><\/p>\n<p style=\"text-align: center\"><span style=\"font-size: 10pt\"><strong>Psicodelia<\/strong><\/span><\/p>\n<p><a href=\"https:\/\/youtu.be\/8hYL2iZ6lv8\" target=\"_blank\" rel=\"noopener\"><img loading=\"lazy\" decoding=\"async\" class=\"wp-image-372 size-thumbnail aligncenter\" src=\"https:\/\/wp.ufpel.edu.br\/ladob\/files\/2021\/10\/Histo\u0301rias-do-Rock-07-Psicodelia-200x200.jpeg\" alt=\"\" width=\"200\" height=\"200\" srcset=\"https:\/\/wp.ufpel.edu.br\/ladob\/files\/2021\/10\/Histo\u0301rias-do-Rock-07-Psicodelia-200x200.jpeg 200w, https:\/\/wp.ufpel.edu.br\/ladob\/files\/2021\/10\/Histo\u0301rias-do-Rock-07-Psicodelia-400x400.jpeg 400w, https:\/\/wp.ufpel.edu.br\/ladob\/files\/2021\/10\/Histo\u0301rias-do-Rock-07-Psicodelia-768x768.jpeg 768w, https:\/\/wp.ufpel.edu.br\/ladob\/files\/2021\/10\/Histo\u0301rias-do-Rock-07-Psicodelia-80x80.jpeg 80w, https:\/\/wp.ufpel.edu.br\/ladob\/files\/2021\/10\/Histo\u0301rias-do-Rock-07-Psicodelia-320x320.jpeg 320w, https:\/\/wp.ufpel.edu.br\/ladob\/files\/2021\/10\/Histo\u0301rias-do-Rock-07-Psicodelia.jpeg 800w\" sizes=\"auto, (max-width: 200px) 100vw, 200px\" \/><\/a><\/td>\n<td style=\"width: 33.3333%\"><\/td>\n<\/tr>\n<tr>\n<td style=\"width: 33.3333%\"><\/td>\n<td style=\"width: 33.3333%\"><\/td>\n<td style=\"width: 33.3333%\"><\/td>\n<\/tr>\n<\/tbody>\n<\/table>\n<p>&nbsp;<\/p>\n","protected":false},"excerpt":{"rendered":"<p>Hist\u00f3rias do Rock 01 Panorama Geral Hist\u00f3rias do Rock 02 A Pr\u00e9-Hist\u00f3ria Hist\u00f3rias do Rock 02.5 O Fim da Pr\u00e9-Hist\u00f3ria Hist\u00f3rias do Rock 03 O Rock&#8217;n&#8217;Roll\u00a0dos Anos 1950 Hist\u00f3rias do Rock 04 Teen Idols&#46;&#46;&#46;<\/p>\n","protected":false},"author":1153,"featured_media":0,"parent":16,"menu_order":0,"comment_status":"closed","ping_status":"closed","template":"","meta":{"footnotes":""},"class_list":["post-153","page","type-page","status-publish","hentry"],"_links":{"self":[{"href":"https:\/\/wp.ufpel.edu.br\/ladob\/wp-json\/wp\/v2\/pages\/153","targetHints":{"allow":["GET"]}}],"collection":[{"href":"https:\/\/wp.ufpel.edu.br\/ladob\/wp-json\/wp\/v2\/pages"}],"about":[{"href":"https:\/\/wp.ufpel.edu.br\/ladob\/wp-json\/wp\/v2\/types\/page"}],"author":[{"embeddable":true,"href":"https:\/\/wp.ufpel.edu.br\/ladob\/wp-json\/wp\/v2\/users\/1153"}],"replies":[{"embeddable":true,"href":"https:\/\/wp.ufpel.edu.br\/ladob\/wp-json\/wp\/v2\/comments?post=153"}],"version-history":[{"count":34,"href":"https:\/\/wp.ufpel.edu.br\/ladob\/wp-json\/wp\/v2\/pages\/153\/revisions"}],"predecessor-version":[{"id":396,"href":"https:\/\/wp.ufpel.edu.br\/ladob\/wp-json\/wp\/v2\/pages\/153\/revisions\/396"}],"up":[{"embeddable":true,"href":"https:\/\/wp.ufpel.edu.br\/ladob\/wp-json\/wp\/v2\/pages\/16"}],"wp:attachment":[{"href":"https:\/\/wp.ufpel.edu.br\/ladob\/wp-json\/wp\/v2\/media?parent=153"}],"curies":[{"name":"wp","href":"https:\/\/api.w.org\/{rel}","templated":true}]}}