{"id":266,"date":"2020-06-24T13:32:11","date_gmt":"2020-06-24T16:32:11","guid":{"rendered":"https:\/\/wp.ufpel.edu.br\/ladic\/?page_id=266"},"modified":"2020-06-24T13:39:55","modified_gmt":"2020-06-24T16:39:55","slug":"pesquisa","status":"publish","type":"page","link":"https:\/\/wp.ufpel.edu.br\/ladic\/pesquisa\/","title":{"rendered":"Pesquisa"},"content":{"rendered":"<div id=\"pl-266\"  class=\"panel-layout\" ><div id=\"pg-266-0\"  class=\"panel-grid panel-no-style\" ><div id=\"pgc-266-0-0\"  class=\"panel-grid-cell\" ><div id=\"panel-266-0-0-0\" class=\"so-panel widget widget_sow-headline panel-first-child\" data-index=\"0\" ><div\n\t\t\t\n\t\t\tclass=\"so-widget-sow-headline so-widget-sow-headline-default-ce7a1445c88d-266\"\n\t\t\t\n\t\t><div class=\"sow-headline-container \">\n\t\t\t\t\t\t\t<h1 class=\"sow-headline\">\n\t\t\t\t\t\tAPOIO DA IMAGENOLOGIA NO DIAGN\u00d3STICO DE COLELIT\u00cdASE EM MACACO PREGO (Saparus nigritus) - RELATO DE CASO\t\t\t\t\t\t<\/h1>\n\t\t\t\t\t\t<\/div>\n<\/div><\/div><div id=\"panel-266-0-0-1\" class=\"so-panel widget widget_sow-button panel-last-child\" data-index=\"1\" ><div\n\t\t\t\n\t\t\tclass=\"so-widget-sow-button so-widget-sow-button-wire-77ee360a4998-266\"\n\t\t\t\n\t\t><div class=\"ow-button-base ow-button-align-center\"\n>\n\t\t\t<a\n\t\t\t\t\thref=\"https:\/\/cti.ufpel.edu.br\/siepe\/arquivos\/2017\/CA_04874.pdf\"\n\t\t\t\t\tclass=\"sowb-button ow-icon-placement-left\" target=\"_blank\" rel=\"noopener noreferrer\" \t>\n\t\t<span>\n\t\t\t\n\t\t\tLEIA MAIS\t\t<\/span>\n\t\t\t<\/a>\n\t<\/div>\n<\/div><\/div><\/div><div id=\"pgc-266-0-1\"  class=\"panel-grid-cell\" ><div id=\"panel-266-0-1-0\" class=\"so-panel widget widget_sow-editor panel-first-child panel-last-child\" data-index=\"2\" ><div\n\t\t\t\n\t\t\tclass=\"so-widget-sow-editor so-widget-sow-editor-base\"\n\t\t\t\n\t\t>\n<div class=\"siteorigin-widget-tinymce textwidget\">\n\t<p style=\"text-align: justify\">\u00a0O macaco-prego \u00e9 uma esp\u00e9cie de primata que apresenta ampla distribui\u00e7\u00e3o neotropical, ocorrendo desde o norte da Col\u00f4mbia at\u00e9 o sul da Argentina (HILL, 1960), sendo encontrado em diferentes tipos de florestas ao longo da sua distribui\u00e7\u00e3o geogr\u00e1fica, vivendo em grupos est\u00e1veis, com organiza\u00e7\u00f5es sociais definidas, variando de seis at\u00e9 30 indiv\u00edduos, com um macho dominante (ESCOBAR-PAR\u00c1MO, 1989).<br \/>\nDescreve-se, na literatura, grande interesse por diversas especialidades no campo da morfofisiologia relacionada a primatas n\u00e3o humanos, levando em conta que estes animais t\u00eam fornecidos dados para estudos cient\u00edficos em medicina experimental, acreditando-se que suas rea\u00e7\u00f5es biol\u00f3gicas s\u00e3o as mais<br \/>\naproximadas, pelas similaridades com a esp\u00e9cie humana (NAPIER et. al. 1989).<br \/>\nOs c\u00e1lculos biliares, ou col\u00e9litos, s\u00e3o formados a partir da precipita\u00e7\u00e3o do colesterol em pequenos cristais, estes se acumulam junto \u00e0 superf\u00edcie da mucosa<br \/>\nda ves\u00edcula biliar inflamada e se aglomeram, formando os c\u00e1lculos maiores (GUYTON &amp; HALL, 2006). Esses c\u00e1lculos podem conter pigmentos, colesterol ou bilirrubinato de c\u00e1lcio (CIPRIANO et al., 2016).<br \/>\nOs animais acometidos por colelit\u00edase poder\u00e3o permanecer assintom\u00e1ticos, mas quando sintom\u00e1ticos, os sinais mais relacionados s\u00e3o v\u00f4mitos, anorexia,<br \/>\nfraqueza, poli\u00faria, polidipsia, perda de peso, icter\u00edcia, febre e dor abdominal (CIPRIANO et al., 2016).<br \/>\nO presente trabalho tem como objetivo relatar o diagn\u00f3stico, atrav\u00e9s de exames de imagem, de colelit\u00edase em macaco prego.<\/p>\n<\/div>\n<\/div><\/div><\/div><\/div><div id=\"pg-266-1\"  class=\"panel-grid panel-no-style\" ><div id=\"pgc-266-1-0\"  class=\"panel-grid-cell\" ><div id=\"panel-266-1-0-0\" class=\"so-panel widget widget_sow-headline panel-first-child\" data-index=\"3\" ><div\n\t\t\t\n\t\t\tclass=\"so-widget-sow-headline so-widget-sow-headline-default-ce7a1445c88d-266\"\n\t\t\t\n\t\t><div class=\"sow-headline-container \">\n\t\t\t\t\t\t\t<h1 class=\"sow-headline\">\n\t\t\t\t\t\tECODOPPLERCARDIOGRAFIA EM PEQUENOS ANIMAIS- ESTUDO RETROSPECTIVO DE 2017-2018 NO HOSPITAL DE CL\u00cdNICAS VETERIN\u00c1RIAS DA UNIVERSIDADE FEDERAL DE PELOTAS.\t\t\t\t\t\t<\/h1>\n\t\t\t\t\t\t<\/div>\n<\/div><\/div><div id=\"panel-266-1-0-1\" class=\"so-panel widget widget_sow-button panel-last-child\" data-index=\"4\" ><div\n\t\t\t\n\t\t\tclass=\"so-widget-sow-button so-widget-sow-button-wire-77ee360a4998-266\"\n\t\t\t\n\t\t><div class=\"ow-button-base ow-button-align-center\"\n>\n\t\t\t<a\n\t\t\t\t\thref=\"https:\/\/cti.ufpel.edu.br\/siepe\/arquivos\/2019\/CA_03035.pdf\"\n\t\t\t\t\tclass=\"sowb-button ow-icon-placement-left\" target=\"_blank\" rel=\"noopener noreferrer\" \t>\n\t\t<span>\n\t\t\t\n\t\t\tLEIA MAIS\t\t<\/span>\n\t\t\t<\/a>\n\t<\/div>\n<\/div><\/div><\/div><div id=\"pgc-266-1-1\"  class=\"panel-grid-cell\" ><div id=\"panel-266-1-1-0\" class=\"so-panel widget widget_sow-editor panel-first-child panel-last-child\" data-index=\"5\" ><div\n\t\t\t\n\t\t\tclass=\"so-widget-sow-editor so-widget-sow-editor-base\"\n\t\t\t\n\t\t>\n<div class=\"siteorigin-widget-tinymce textwidget\">\n\t<p style=\"text-align: justify\">\u00a0A ecocardiografia trata-se de uma ferramenta de diagn\u00f3stico n\u00e3o invasivo importante para avaliar as caracter\u00edsticas estruturais e funcionais do sistema<br \/>\ncardiovascular em animais (AMORY; LEKEUX, 1991). A ecocardiografia permite, por meio de visualiza\u00e7\u00e3o direta das c\u00e2maras card\u00edacas, uma avalia\u00e7\u00e3o da rela\u00e7\u00e3o espacial entre as estruturas, dos movimentos card\u00edacos e caracter\u00edsticas dos fluxos sangu\u00edneos, possibilitando o diagn\u00f3stico de v\u00e1rias altera\u00e7\u00f5es card\u00edacas, como afec\u00e7\u00f5es valvulares, miocardiopatias, anomalias cong\u00eanitas e doen\u00e7as peric\u00e1rdicas (CASTRO, 2009; MUZZI, 2002; KIENLE; THOMAS, 2005).<br \/>\nO conhecimento da preval\u00eancia das afec\u00e7\u00f5es card\u00edacas em c\u00e3es \u00e9 de fundamental import\u00e2ncia para o cl\u00ednico de pequenos animais, auxiliando na formula\u00e7\u00e3o de diagn\u00f3sticos diferenciais e no estabelecimento de um plano terap\u00eautico adequado (CASTRO, 2009).<br \/>\nObjetivou-se com este trabalho realizar descri\u00e7\u00e3o e an\u00e1lise da ocorr\u00eancia das principais cardiopatias diagnosticadas no Laborat\u00f3rio de Diagn\u00f3stico por Imagem e Cardiologia Veterin\u00e1ria (LADIC) do Hospital de Clinicas Veterin\u00e1rias da Universidade Federal de Pelotas- RS (HCV-UFPel) no per\u00edodo de janeiro de 2017 a dezembro de 2018.<\/p>\n<\/div>\n<\/div><\/div><\/div><\/div><div id=\"pg-266-2\"  class=\"panel-grid panel-no-style\" ><div id=\"pgc-266-2-0\"  class=\"panel-grid-cell\" ><div id=\"panel-266-2-0-0\" class=\"so-panel widget widget_sow-headline panel-first-child\" data-index=\"6\" ><div\n\t\t\t\n\t\t\tclass=\"so-widget-sow-headline so-widget-sow-headline-default-ce7a1445c88d-266\"\n\t\t\t\n\t\t><div class=\"sow-headline-container \">\n\t\t\t\t\t\t\t<h1 class=\"sow-headline\">\n\t\t\t\t\t\tMEGAES\u00d4FAGO SECUND\u00c1RIO A ESTENOSE ESOF\u00c1GICA PARCIAL - RELATO DE CASO.\t\t\t\t\t\t<\/h1>\n\t\t\t\t\t\t<\/div>\n<\/div><\/div><div id=\"panel-266-2-0-1\" class=\"so-panel widget widget_sow-button panel-last-child\" data-index=\"7\" ><div\n\t\t\t\n\t\t\tclass=\"so-widget-sow-button so-widget-sow-button-wire-77ee360a4998-266\"\n\t\t\t\n\t\t><div class=\"ow-button-base ow-button-align-center\"\n>\n\t\t\t<a\n\t\t\t\t\thref=\"http:\/\/www.mpu.furg.br\/16-mpu\/anais-2017\/112-1-7anais-mpu-2017-congresso-de-iniciacao-cientifica\"\n\t\t\t\t\tclass=\"sowb-button ow-icon-placement-left\" target=\"_blank\" rel=\"noopener noreferrer\" \t>\n\t\t<span>\n\t\t\t\n\t\t\tLEIA MAIS\t\t<\/span>\n\t\t\t<\/a>\n\t<\/div>\n<\/div><\/div><\/div><div id=\"pgc-266-2-1\"  class=\"panel-grid-cell\" ><div id=\"panel-266-2-1-0\" class=\"so-panel widget widget_sow-editor panel-first-child panel-last-child\" data-index=\"8\" ><div\n\t\t\t\n\t\t\tclass=\"so-widget-sow-editor so-widget-sow-editor-base\"\n\t\t\t\n\t\t>\n<div class=\"siteorigin-widget-tinymce textwidget\">\n\t<p style=\"text-align: justify\">\u00a0Megaes\u00f4fago \u00e9 uma doen\u00e7a que causa dilata\u00e7\u00e3o esof\u00e1gica, resultante de es\u00f4fago aperist\u00e1ltico, secund\u00e1rio a dist\u00farbio neuromuscular (6). Pode ser um dist\u00farbio prim\u00e1rio (cong\u00eanito, idiop\u00e1tico ou adquirido) ou secund\u00e1rio (4). De acordo com ETTINGER (1997), o megaes\u00f4fago secund\u00e1rio \u00e9 consequente de qualquer condi\u00e7\u00e3o que provoque o rompimento do reflexo nervoso, controlador da degluti\u00e7\u00e3o, ou que afete o funcionamento do m\u00fasculo esof\u00e1gico (2). Os sinais cl\u00ednicos da doen\u00e7a s\u00e3o caracterizados pela regurgita\u00e7\u00e3o de alimento e \u00e1gua, perda de peso ou crescimento deficiente, hipersaliva\u00e7\u00e3o e som de borbulhas a degluti\u00e7\u00e3o (5).<\/p>\n<p style=\"text-align: justify\">\u00a0Dentre as estenoses adquiridas t\u00eam-se as estenoses esof\u00e1gicas que ocorrem quando h\u00e1 fibrose p\u00f3s esofagite severa que envolve a submucosa e a t\u00fanica muscular podendo obstruir, parcialmente ou totalmente, a passagem do conte\u00fado alimentar at\u00e9 o est\u00f4mago (1).<\/p>\n<p style=\"text-align: justify\">\u00a0O objetivo deste trabalho \u00e9 relatar um caso raro, relatado pela primeira vez, no estado do Rio Grande do Sul, de megaes\u00f4fago secund\u00e1rio a estenose esof\u00e1gica parcial em uma cadela que apresentou hist\u00f3rico de regurgita\u00e7\u00e3o.<\/p>\n<\/div>\n<\/div><\/div><\/div><\/div><div id=\"pg-266-3\"  class=\"panel-grid panel-no-style\" ><div id=\"pgc-266-3-0\"  class=\"panel-grid-cell\" ><div id=\"panel-266-3-0-0\" class=\"so-panel widget widget_sow-headline panel-first-child\" data-index=\"9\" ><div\n\t\t\t\n\t\t\tclass=\"so-widget-sow-headline so-widget-sow-headline-default-ce7a1445c88d-266\"\n\t\t\t\n\t\t><div class=\"sow-headline-container \">\n\t\t\t\t\t\t\t<h1 class=\"sow-headline\">\n\t\t\t\t\t\tDIAGN\u00d3STICO DE H\u00c9RNIA INGUINAL CONTENDO FECALOMA: RELATO DE CASO\t\t\t\t\t\t<\/h1>\n\t\t\t\t\t\t<\/div>\n<\/div><\/div><div id=\"panel-266-3-0-1\" class=\"so-panel widget widget_sow-button panel-last-child\" data-index=\"10\" ><div\n\t\t\t\n\t\t\tclass=\"so-widget-sow-button so-widget-sow-button-wire-77ee360a4998-266\"\n\t\t\t\n\t\t><div class=\"ow-button-base ow-button-align-center\"\n>\n\t\t\t<a\n\t\t\t\t\thref=\"https:\/\/portal.ufsm.br\/jai\/trabalho\/trabalho.html?action=anais\"\n\t\t\t\t\tclass=\"sowb-button ow-icon-placement-left\" target=\"_blank\" rel=\"noopener noreferrer\" \t>\n\t\t<span>\n\t\t\t\n\t\t\tLEIA MAIS\t\t<\/span>\n\t\t\t<\/a>\n\t<\/div>\n<\/div><\/div><\/div><div id=\"pgc-266-3-1\"  class=\"panel-grid-cell\" ><div id=\"panel-266-3-1-0\" class=\"so-panel widget widget_sow-editor panel-first-child panel-last-child\" data-index=\"11\" ><div\n\t\t\t\n\t\t\tclass=\"so-widget-sow-editor so-widget-sow-editor-base\"\n\t\t\t\n\t\t>\n<div class=\"siteorigin-widget-tinymce textwidget\">\n\t<p style=\"text-align: justify\">As h\u00e9rnias inguinais s\u00e3o protrus\u00f5es de \u00f3rg\u00e3os ou tecidos atrav\u00e9s do canal inguinal adjacente ao processo vaginal, podendo surgir como resultado de anormalidades cong\u00eanitas do anel inguinal ou ap\u00f3s traumatismo. O conte\u00fado da h\u00e9rnia inguinal \u00e9 mais comumente formado pelo intestino, seu mesent\u00e9rio ou omento. Sendo seu principal sinal cl\u00ednico o aumento de volume de consist\u00eancia macia na regi\u00e3o inguinal, podendo ser uni ou bilateral.<\/p>\n<p style=\"text-align: justify\">Uma vez identificada, a h\u00e9rnia inguinal deve ser reparada cirurgicamente o mais breve poss\u00edvel para evitar complica\u00e7\u00f5es posteriores de encarceramento, obstru\u00e7\u00e3o ou estrangulamento do seu conte\u00fado. O progn\u00f3stico \u00e9 considerado excelente, a menos quando ocorre perfura\u00e7\u00e3o ou vazamento intestinal. Fecaloma \u00e9 uma constipa\u00e7\u00e3o intestinal, caracterizada por irregularidade ou dificuldade de defecar, causados pela coprostase. Nesses casos, ocorre extrema impacta\u00e7\u00e3o fecal, as fezes ficam ressecadas, compactadas e retidas no interior do intestino grosso onde desidratam e solidificam. Este trabalho descreve o<br \/>\ndiagn\u00f3stico, por meio de exames de imagem, de um fecaloma contido dentro de uma h\u00e9rnia inguinal em uma paciente canina<\/p>\n<\/div>\n<\/div><\/div><\/div><\/div><div id=\"pg-266-4\"  class=\"panel-grid panel-no-style\" ><div id=\"pgc-266-4-0\"  class=\"panel-grid-cell\" ><div id=\"panel-266-4-0-0\" class=\"so-panel widget widget_sow-headline panel-first-child\" data-index=\"12\" ><div\n\t\t\t\n\t\t\tclass=\"so-widget-sow-headline so-widget-sow-headline-default-ce7a1445c88d-266\"\n\t\t\t\n\t\t><div class=\"sow-headline-container \">\n\t\t\t\t\t\t\t<h1 class=\"sow-headline\">\n\t\t\t\t\t\tDIAGN\u00d3STICO DE PSEUDOARTROSE EM \u00daMERO DE CAN\u00cdDEO: RELATO DE CASO \t\t\t\t\t\t<\/h1>\n\t\t\t\t\t\t<\/div>\n<\/div><\/div><div id=\"panel-266-4-0-1\" class=\"so-panel widget widget_sow-button panel-last-child\" data-index=\"13\" ><div\n\t\t\t\n\t\t\tclass=\"so-widget-sow-button so-widget-sow-button-wire-77ee360a4998-266\"\n\t\t\t\n\t\t><div class=\"ow-button-base ow-button-align-center\"\n>\n\t\t\t<a\n\t\t\t\t\thref=\"https:\/\/mpu.furg.br\/anais1?layout=edit&#038;id=127\"\n\t\t\t\t\tclass=\"sowb-button ow-icon-placement-left\" target=\"_blank\" rel=\"noopener noreferrer\" \t>\n\t\t<span>\n\t\t\t\n\t\t\tLEIA MAIS\t\t<\/span>\n\t\t\t<\/a>\n\t<\/div>\n<\/div><\/div><\/div><div id=\"pgc-266-4-1\"  class=\"panel-grid-cell\" ><div id=\"panel-266-4-1-0\" class=\"so-panel widget widget_sow-editor panel-first-child panel-last-child\" data-index=\"14\" ><div\n\t\t\t\n\t\t\tclass=\"so-widget-sow-editor so-widget-sow-editor-base\"\n\t\t\t\n\t\t>\n<div class=\"siteorigin-widget-tinymce textwidget\">\n\t<p style=\"text-align: justify\">\u00a0O termo \u201cPseudoartrose\u201d \u00e9 aplicado para designar a situa\u00e7\u00e3o em que a fratura n\u00e3o mostra evid\u00eancias radiogr\u00e1ficas de progress\u00e3o do processo de consolida\u00e7\u00e3o \u00f3ssea, indicadas por esclerose nas extremidades da fratura, presen\u00e7a de um hiato, calo ausente ou hipertr\u00f3fico e persist\u00eancia ou alargamento do tra\u00e7o de fratura (SILVA et al. 2016). A pseudoartrose pode ser conceituada como um processo no qual ocorre a falta de consolida\u00e7\u00e3o de uma fratura, acarretando mobilidade anormal do membro afetado (OLIVEIRA, 1940). \u00c9 comum em acidentes ocorrerem casos de fratura, de forma que nem sempre, a consolida\u00e7\u00e3o acontece de maneira adequada. Com isso, em toda falha na fus\u00e3o \u00f3ssea, a etiologia pode apresentar diversos fatores como causa, de uma patologia denominada como pseudoartrose (SILVA et al. 2016).<br \/>\nDe acordo com a forma\u00e7\u00e3o do calo \u00f3sseo a pseudoartrose \u00e9 classificada como oligotr\u00f3ficas e atr\u00f3ficas (GRECCO et al. 2005). H\u00e1 relatos de fatores associados \u00e0 pseudoartrose, como obesidade, diabetes, doen\u00e7a vascular perif\u00e9rica, esclerodermia, imobiliza\u00e7\u00e3o inadequada, distra\u00e7\u00e3o excessiva da fratura na fixa\u00e7\u00e3o externa, fratura exposta, interposi\u00e7\u00e3o de tecidos moles na fratura (GRECCO et al. 2005).<br \/>\nOs sintomas cl\u00ednicos normalmente n\u00e3o s\u00e3o dram\u00e1ticos; em geral cursam com dor leve a insignificante, sensa\u00e7\u00e3o de fraqueza, instabilidade da extremidade,<br \/>\ndeformidade e mobilidade anormal no foco de fratura (GRECCO et al. 2005).<br \/>\nO presente trabalho tem como objetivo relatar o diagn\u00f3stico, atrav\u00e9s de exames de imagem, de pseudoartrose em um c\u00e3o.<\/p>\n<\/div>\n<\/div><\/div><\/div><\/div><\/div>","protected":false},"excerpt":{"rendered":"<p>\u00a0O macaco-prego \u00e9 uma esp\u00e9cie de primata que apresenta ampla distribui\u00e7\u00e3o neotropical, ocorrendo desde o norte da Col\u00f4mbia at\u00e9 o sul da Argentina (HILL, 1960), sendo encontrado em diferentes tipos de florestas ao longo da sua distribui\u00e7\u00e3o geogr\u00e1fica, vivendo em grupos est\u00e1veis, com organiza\u00e7\u00f5es sociais definidas, variando de seis at\u00e9 30 indiv\u00edduos, com um macho [&hellip;]<\/p>\n","protected":false},"author":1025,"featured_media":0,"parent":0,"menu_order":0,"comment_status":"closed","ping_status":"closed","template":"","meta":{"footnotes":""},"class_list":["post-266","page","type-page","status-publish","hentry","post"],"_links":{"self":[{"href":"https:\/\/wp.ufpel.edu.br\/ladic\/wp-json\/wp\/v2\/pages\/266","targetHints":{"allow":["GET"]}}],"collection":[{"href":"https:\/\/wp.ufpel.edu.br\/ladic\/wp-json\/wp\/v2\/pages"}],"about":[{"href":"https:\/\/wp.ufpel.edu.br\/ladic\/wp-json\/wp\/v2\/types\/page"}],"author":[{"embeddable":true,"href":"https:\/\/wp.ufpel.edu.br\/ladic\/wp-json\/wp\/v2\/users\/1025"}],"replies":[{"embeddable":true,"href":"https:\/\/wp.ufpel.edu.br\/ladic\/wp-json\/wp\/v2\/comments?post=266"}],"version-history":[{"count":5,"href":"https:\/\/wp.ufpel.edu.br\/ladic\/wp-json\/wp\/v2\/pages\/266\/revisions"}],"predecessor-version":[{"id":273,"href":"https:\/\/wp.ufpel.edu.br\/ladic\/wp-json\/wp\/v2\/pages\/266\/revisions\/273"}],"wp:attachment":[{"href":"https:\/\/wp.ufpel.edu.br\/ladic\/wp-json\/wp\/v2\/media?parent=266"}],"curies":[{"name":"wp","href":"https:\/\/api.w.org\/{rel}","templated":true}]}}