{"id":188,"date":"2020-06-23T22:29:41","date_gmt":"2020-06-24T01:29:41","guid":{"rendered":"https:\/\/wp.ufpel.edu.br\/ladic\/?page_id=188"},"modified":"2020-06-24T12:26:17","modified_gmt":"2020-06-24T15:26:17","slug":"disciplinas","status":"publish","type":"page","link":"https:\/\/wp.ufpel.edu.br\/ladic\/disciplinas\/","title":{"rendered":"Disciplinas"},"content":{"rendered":"<div id=\"pl-188\"  class=\"panel-layout\" ><div id=\"pg-188-0\"  class=\"panel-grid panel-no-style\" ><div id=\"pgc-188-0-0\"  class=\"panel-grid-cell\" ><div id=\"panel-188-0-0-0\" class=\"so-panel widget widget_siteorigin-panels-builder panel-first-child panel-last-child\" data-index=\"0\" ><div id=\"pl-w5ef37098edb14\"  class=\"panel-layout\" ><div id=\"pg-w5ef37098edb14-0\"  class=\"panel-grid panel-no-style\" ><div id=\"pgc-w5ef37098edb14-0-0\"  class=\"panel-grid-cell\" ><div id=\"panel-w5ef37098edb14-0-0-0\" class=\"so-panel widget widget_circleicon-widget panel-first-child panel-last-child\" data-index=\"0\" >\t\t<div class=\"circle-icon-box circle-icon-position-top circle-icon-hide-box circle-icon-size-small \">\n\t\t\t\t\t\t\t<div class=\"circle-icon-wrapper\">\n\t\t\t\t\t\t\t\t\t\t<div class=\"circle-icon\" >\n\t\t\t\t\t\t\t\t\t\t\t\t\t<div\n\t\t\t\t\t\t\t\tclass=\"fa fa-user-md\"\n\t\t\t\t\t\t\t\t\t\t\t\t\t\t\t><\/div>\n\t\t\t\t\t\t\t\t\t\t\t<\/div>\n\t\t\t\t\t\t\t\t\t<\/div>\n\t\t\t\n\t\t\t\t\t\t\t\t\t\t<h4 >\n\t\t\t\t\tRADIOLOGIA\t\t\t\t<\/h4>\n\t\t\t\t\t\t\n\t\t\t\t\t\t\t<p class=\"text\" >\n\t\t\t\tEnsino dos princ\u00edpios b\u00e1sicos da radiologia e ultrassonografia veterin\u00e1rias, suas aplica\u00e7\u00f5es na medicina veterin\u00e1ria e principalmente a interpreta\u00e7\u00e3o das imagens obtidas. Exercitar e desenvolver a capacidade de interpreta\u00e7\u00e3o dos resultados com a finalidade de complementar o exame cl\u00ednico, auxiliar na formula\u00e7\u00e3o e confirma\u00e7\u00e3o do diagn\u00f3stico, progn\u00f3stico, avalia\u00e7\u00e3o e acompanhamento da conduta terap\u00eautica.\t\t\t<\/p>\n\t\t\t\t\t\t\t\t\t\t<a\n\t\t\t\t\thref=\"https:\/\/institucional.ufpel.edu.br\/disciplinas\/cod\/02510005\"\n\t\t\t\t\tclass=\"more-button\"\n\t\t\t\t\ttarget=&quot;_blank&quot;\t\t\t\t>\n\t\t\t\t\tACESSO A DISCIPLINA\t\t\t\t\t<i><\/i>\n\t\t\t\t<\/a>\n\t\t\t\t\t<\/div>\n\t\t<\/div><\/div><div id=\"pgc-w5ef37098edb14-0-1\"  class=\"panel-grid-cell\" ><div id=\"panel-w5ef37098edb14-0-1-0\" class=\"so-panel widget widget_circleicon-widget panel-first-child panel-last-child\" data-index=\"1\" >\t\t<div class=\"circle-icon-box circle-icon-position-top circle-icon-hide-box circle-icon-size-small \">\n\t\t\t\t\t\t\t<div class=\"circle-icon-wrapper\">\n\t\t\t\t\t\t\t\t\t\t<div class=\"circle-icon\" >\n\t\t\t\t\t\t\t\t\t\t\t\t\t<div\n\t\t\t\t\t\t\t\tclass=\"fa fa-heartbeat\"\n\t\t\t\t\t\t\t\t\t\t\t\t\t\t\t><\/div>\n\t\t\t\t\t\t\t\t\t\t\t<\/div>\n\t\t\t\t\t\t\t\t\t<\/div>\n\t\t\t\n\t\t\t\t\t\t\t\t\t\t<h4 >\n\t\t\t\t\t PR\u00c1TICA EM RADIOLOGIA\t\t\t\t<\/h4>\n\t\t\t\t\t\t\n\t\t\t\t\t\t\t<p class=\"text\" >\n\t\t\t\tPossibilitar ao aluno estar apto a interpretar as imagens obtidas em exames radiogr\u00e1ficos e ultrassonogr\u00e1ficos e realiz\u00e1-los, a partir de pacientes da rotina do setor de diagn\u00f3stico por imagem do hospital veterin\u00e1rio.\t\t\t<\/p>\n\t\t\t\t\t\t\t\t\t\t<a\n\t\t\t\t\thref=\"https:\/\/institucional.ufpel.edu.br\/disciplinas\/cod\/02510020\"\n\t\t\t\t\tclass=\"more-button\"\n\t\t\t\t\ttarget=&quot;_blank&quot;\t\t\t\t>\n\t\t\t\t\tACESSO A DISCIPLINA \t\t\t\t\t<i><\/i>\n\t\t\t\t<\/a>\n\t\t\t\t\t<\/div>\n\t\t<\/div><\/div><div id=\"pgc-w5ef37098edb14-0-2\"  class=\"panel-grid-cell\" ><div id=\"panel-w5ef37098edb14-0-2-0\" class=\"so-panel widget widget_circleicon-widget panel-first-child panel-last-child\" data-index=\"2\" >\t\t<div class=\"circle-icon-box circle-icon-position-top circle-icon-hide-box circle-icon-size-small \">\n\t\t\t\t\t\t\t<div class=\"circle-icon-wrapper\">\n\t\t\t\t\t\t\t\t\t\t<div class=\"circle-icon\" >\n\t\t\t\t\t\t\t\t\t\t\t\t\t<div\n\t\t\t\t\t\t\t\tclass=\"fa fa-stethoscope\"\n\t\t\t\t\t\t\t\t\t\t\t\t\t\t\t><\/div>\n\t\t\t\t\t\t\t\t\t\t\t<\/div>\n\t\t\t\t\t\t\t\t\t<\/div>\n\t\t\t\n\t\t\t\t\t\t\t\t\t\t<h4 >\n\t\t\t\t\tPR\u00c1T DIAGN\u00d3STICO POR IMAGEM EM MED VETERINARIA\t\t\t\t<\/h4>\n\t\t\t\t\t\t\n\t\t\t\t\t\t\t<p class=\"text\" >\n\t\t\t\tTem esta disciplina, como objetivo, preparar o aluno, no plano pr\u00e1tico, para o dom\u00ednio de t\u00e9cnicas de imagenologia consideradas essenciais como auxiliares de diagn\u00f3stico em Medicina Veterin\u00e1ria.\t\t\t<\/p>\n\t\t\t\t\t\t\t\t\t\t<a\n\t\t\t\t\thref=\"https:\/\/institucional.ufpel.edu.br\/disciplinas\/cod\/02510023\"\n\t\t\t\t\tclass=\"more-button\"\n\t\t\t\t\ttarget=&quot;_blank&quot;\t\t\t\t>\n\t\t\t\t\tACESSO A DISCIPLINA \t\t\t\t\t<i><\/i>\n\t\t\t\t<\/a>\n\t\t\t\t\t<\/div>\n\t\t<\/div><\/div><\/div><\/div><\/div><\/div><\/div><\/div>","protected":false},"excerpt":{"rendered":"<p>RADIOLOGIA Ensino dos princ\u00edpios b\u00e1sicos da radiologia e ultrassonografia veterin\u00e1rias, suas aplica\u00e7\u00f5es na medicina veterin\u00e1ria e principalmente a interpreta\u00e7\u00e3o das imagens obtidas. Exercitar e desenvolver a capacidade de interpreta\u00e7\u00e3o dos resultados com a finalidade de complementar o exame cl\u00ednico, auxiliar na formula\u00e7\u00e3o e confirma\u00e7\u00e3o do diagn\u00f3stico, progn\u00f3stico, avalia\u00e7\u00e3o e acompanhamento da conduta terap\u00eautica. ACESSO A [&hellip;]<\/p>\n","protected":false},"author":1025,"featured_media":0,"parent":0,"menu_order":0,"comment_status":"closed","ping_status":"closed","template":"","meta":{"footnotes":""},"class_list":["post-188","page","type-page","status-publish","hentry","post"],"_links":{"self":[{"href":"https:\/\/wp.ufpel.edu.br\/ladic\/wp-json\/wp\/v2\/pages\/188","targetHints":{"allow":["GET"]}}],"collection":[{"href":"https:\/\/wp.ufpel.edu.br\/ladic\/wp-json\/wp\/v2\/pages"}],"about":[{"href":"https:\/\/wp.ufpel.edu.br\/ladic\/wp-json\/wp\/v2\/types\/page"}],"author":[{"embeddable":true,"href":"https:\/\/wp.ufpel.edu.br\/ladic\/wp-json\/wp\/v2\/users\/1025"}],"replies":[{"embeddable":true,"href":"https:\/\/wp.ufpel.edu.br\/ladic\/wp-json\/wp\/v2\/comments?post=188"}],"version-history":[{"count":19,"href":"https:\/\/wp.ufpel.edu.br\/ladic\/wp-json\/wp\/v2\/pages\/188\/revisions"}],"predecessor-version":[{"id":261,"href":"https:\/\/wp.ufpel.edu.br\/ladic\/wp-json\/wp\/v2\/pages\/188\/revisions\/261"}],"wp:attachment":[{"href":"https:\/\/wp.ufpel.edu.br\/ladic\/wp-json\/wp\/v2\/media?parent=188"}],"curies":[{"name":"wp","href":"https:\/\/api.w.org\/{rel}","templated":true}]}}