{"id":25,"date":"2024-11-11T20:26:17","date_gmt":"2024-11-11T23:26:17","guid":{"rendered":"https:\/\/wp.ufpel.edu.br\/lacorpi\/?page_id=25"},"modified":"2024-11-23T14:34:01","modified_gmt":"2024-11-23T17:34:01","slug":"contato","status":"publish","type":"page","link":"https:\/\/wp.ufpel.edu.br\/lacorpi\/contato\/","title":{"rendered":"CONTATO"},"content":{"rendered":"<p><strong>EMAIL<\/strong><br \/><span style=\"font-weight: 400;\">lacorpi.ufpel@gmail.com<\/span><\/p>\n<hr \/>\n<p><strong>REDES SOCIAIS<\/strong><br \/><span style=\"font-size: 10pt;\"><strong>Instagram\u00a0 |<\/strong>\u00a0 <a href=\"https:\/\/www.instagram.com\/lacorpi.ufpel\" target=\"_blank\" rel=\"noopener\">@lacorpi.ufpel<\/a><\/span><\/p>\n<hr \/>\n<p><strong>UFPel &#8211; CAMPUS 2<\/strong><br \/><span style=\"font-size: 10pt;\"><strong>telefone\u00a0 |<\/strong>\u00a0 +55 53 3284-4310<br \/><\/span><span style=\"font-size: 10pt;\"><strong>endere\u00e7o\u00a0 |<\/strong>\u00a0 R. Alm. Barroso, 1202 &#8211; Centro, Pelotas\/RS &#8211; Brasil<\/span><\/p>\n\n<style>.kb-google-maps-container25_8aa3e9-52{height:450px;}<\/style><div class=\"kb-google-maps-container kb-google-maps-container25_8aa3e9-52  wp-block-kadence-googlemaps\" data-mapid=\"25_8aa3e952\"><iframe width=\"100%\" height=\"100%\"\n\t\t\t\t\t\t\tstyle=\"border:0\" loading=\"lazy\"\n\t\t\t\t\t\t\tsrc=\"https:\/\/www.google.com\/maps\/embed\/v1\/place?key=AIzaSyBAM2o7PiQqwk15LC1XRH2e_KJ-jUa7KYk&#038;zoom=15&#038;maptype=roadmap&#038;q=R.+Alm.+Barroso%2C+1202+-+Centro%2C+Pelotas+-+RS%2C+96010-280\"\n\t\t\t\t\t\t\ttitle=\"Google map of R. Alm. Barroso, 1202 - Centro, Pelotas - RS, 96010-280\"><\/iframe><\/div><script>function kb_google_map25_8aa3e952() { let center = { lat: 37.8201, lng: -122.4781}; let map = new google.maps.Map(document.getElementById(\"kb-google-map25_8aa3e952\"), {\n\t\t\t\t\t    zoom: 15,\n\t\t\t\t\t    center: center,});let marker = new google.maps.Marker({   position: { lat: 37.8201, lng: -122.4781},    map: map,  });}<\/script>","protected":false},"excerpt":{"rendered":"<p>EMAILlacorpi.ufpel@gmail.com REDES SOCIAISInstagram\u00a0 |\u00a0 @lacorpi.ufpel UFPel &#8211; CAMPUS 2telefone\u00a0 |\u00a0 +55 53 3284-4310endere\u00e7o\u00a0 |\u00a0 R. Alm. Barroso, 1202 &#8211; Centro, Pelotas\/RS &#8211; Brasil<\/p>\n","protected":false},"author":1411,"featured_media":0,"parent":0,"menu_order":0,"comment_status":"closed","ping_status":"closed","template":"","meta":{"footnotes":""},"class_list":["post-25","page","type-page","status-publish","hentry"],"yoast_head":"<!-- This site is optimized with the Yoast SEO plugin v26.7 - https:\/\/yoast.com\/wordpress\/plugins\/seo\/ -->\n<title>CONTATO - LACORPI<\/title>\n<meta name=\"robots\" content=\"index, follow, max-snippet:-1, max-image-preview:large, max-video-preview:-1\" \/>\n<link rel=\"canonical\" href=\"https:\/\/wp.ufpel.edu.br\/lacorpi\/contato\/\" \/>\n<meta property=\"og:locale\" content=\"pt_BR\" \/>\n<meta property=\"og:type\" content=\"article\" \/>\n<meta property=\"og:title\" content=\"CONTATO - LACORPI\" \/>\n<meta property=\"og:description\" content=\"EMAILlacorpi.ufpel@gmail.com REDES SOCIAISInstagram\u00a0 |\u00a0 @lacorpi.ufpel UFPel &#8211; CAMPUS 2telefone\u00a0 |\u00a0 +55 53 3284-4310endere\u00e7o\u00a0 |\u00a0 R. Alm. Barroso, 1202 &#8211; Centro, Pelotas\/RS &#8211; Brasil\" \/>\n<meta property=\"og:url\" content=\"https:\/\/wp.ufpel.edu.br\/lacorpi\/contato\/\" \/>\n<meta property=\"og:site_name\" content=\"LACORPI\" \/>\n<meta property=\"article:modified_time\" content=\"2024-11-23T17:34:01+00:00\" \/>\n<meta name=\"twitter:card\" content=\"summary_large_image\" \/>\n<meta name=\"twitter:label1\" content=\"Est. tempo de leitura\" \/>\n\t<meta name=\"twitter:data1\" content=\"1 minuto\" \/>\n<script type=\"application\/ld+json\" class=\"yoast-schema-graph\">{\"@context\":\"https:\/\/schema.org\",\"@graph\":[{\"@type\":\"WebPage\",\"@id\":\"https:\/\/wp.ufpel.edu.br\/lacorpi\/contato\/\",\"url\":\"https:\/\/wp.ufpel.edu.br\/lacorpi\/contato\/\",\"name\":\"CONTATO - LACORPI\",\"isPartOf\":{\"@id\":\"https:\/\/wp.ufpel.edu.br\/lacorpi\/#website\"},\"datePublished\":\"2024-11-11T23:26:17+00:00\",\"dateModified\":\"2024-11-23T17:34:01+00:00\",\"breadcrumb\":{\"@id\":\"https:\/\/wp.ufpel.edu.br\/lacorpi\/contato\/#breadcrumb\"},\"inLanguage\":\"pt-BR\",\"potentialAction\":[{\"@type\":\"ReadAction\",\"target\":[\"https:\/\/wp.ufpel.edu.br\/lacorpi\/contato\/\"]}]},{\"@type\":\"BreadcrumbList\",\"@id\":\"https:\/\/wp.ufpel.edu.br\/lacorpi\/contato\/#breadcrumb\",\"itemListElement\":[{\"@type\":\"ListItem\",\"position\":1,\"name\":\"In\u00edcio\",\"item\":\"https:\/\/wp.ufpel.edu.br\/lacorpi\/\"},{\"@type\":\"ListItem\",\"position\":2,\"name\":\"CONTATO\"}]},{\"@type\":\"WebSite\",\"@id\":\"https:\/\/wp.ufpel.edu.br\/lacorpi\/#website\",\"url\":\"https:\/\/wp.ufpel.edu.br\/lacorpi\/\",\"name\":\"LACORPI\",\"description\":\"Laborat\u00f3rio Aberto de Conserva\u00e7\u00e3o e Restaura\u00e7\u00e3o de Pintura\",\"potentialAction\":[{\"@type\":\"SearchAction\",\"target\":{\"@type\":\"EntryPoint\",\"urlTemplate\":\"https:\/\/wp.ufpel.edu.br\/lacorpi\/?s={search_term_string}\"},\"query-input\":{\"@type\":\"PropertyValueSpecification\",\"valueRequired\":true,\"valueName\":\"search_term_string\"}}],\"inLanguage\":\"pt-BR\"}]}<\/script>\n<!-- \/ Yoast SEO plugin. -->","yoast_head_json":{"title":"CONTATO - LACORPI","robots":{"index":"index","follow":"follow","max-snippet":"max-snippet:-1","max-image-preview":"max-image-preview:large","max-video-preview":"max-video-preview:-1"},"canonical":"https:\/\/wp.ufpel.edu.br\/lacorpi\/contato\/","og_locale":"pt_BR","og_type":"article","og_title":"CONTATO - LACORPI","og_description":"EMAILlacorpi.ufpel@gmail.com REDES SOCIAISInstagram\u00a0 |\u00a0 @lacorpi.ufpel UFPel &#8211; CAMPUS 2telefone\u00a0 |\u00a0 +55 53 3284-4310endere\u00e7o\u00a0 |\u00a0 R. Alm. Barroso, 1202 &#8211; Centro, Pelotas\/RS &#8211; Brasil","og_url":"https:\/\/wp.ufpel.edu.br\/lacorpi\/contato\/","og_site_name":"LACORPI","article_modified_time":"2024-11-23T17:34:01+00:00","twitter_card":"summary_large_image","twitter_misc":{"Est. tempo de leitura":"1 minuto"},"schema":{"@context":"https:\/\/schema.org","@graph":[{"@type":"WebPage","@id":"https:\/\/wp.ufpel.edu.br\/lacorpi\/contato\/","url":"https:\/\/wp.ufpel.edu.br\/lacorpi\/contato\/","name":"CONTATO - LACORPI","isPartOf":{"@id":"https:\/\/wp.ufpel.edu.br\/lacorpi\/#website"},"datePublished":"2024-11-11T23:26:17+00:00","dateModified":"2024-11-23T17:34:01+00:00","breadcrumb":{"@id":"https:\/\/wp.ufpel.edu.br\/lacorpi\/contato\/#breadcrumb"},"inLanguage":"pt-BR","potentialAction":[{"@type":"ReadAction","target":["https:\/\/wp.ufpel.edu.br\/lacorpi\/contato\/"]}]},{"@type":"BreadcrumbList","@id":"https:\/\/wp.ufpel.edu.br\/lacorpi\/contato\/#breadcrumb","itemListElement":[{"@type":"ListItem","position":1,"name":"In\u00edcio","item":"https:\/\/wp.ufpel.edu.br\/lacorpi\/"},{"@type":"ListItem","position":2,"name":"CONTATO"}]},{"@type":"WebSite","@id":"https:\/\/wp.ufpel.edu.br\/lacorpi\/#website","url":"https:\/\/wp.ufpel.edu.br\/lacorpi\/","name":"LACORPI","description":"Laborat\u00f3rio Aberto de Conserva\u00e7\u00e3o e Restaura\u00e7\u00e3o de Pintura","potentialAction":[{"@type":"SearchAction","target":{"@type":"EntryPoint","urlTemplate":"https:\/\/wp.ufpel.edu.br\/lacorpi\/?s={search_term_string}"},"query-input":{"@type":"PropertyValueSpecification","valueRequired":true,"valueName":"search_term_string"}}],"inLanguage":"pt-BR"}]}},"_links":{"self":[{"href":"https:\/\/wp.ufpel.edu.br\/lacorpi\/wp-json\/wp\/v2\/pages\/25","targetHints":{"allow":["GET"]}}],"collection":[{"href":"https:\/\/wp.ufpel.edu.br\/lacorpi\/wp-json\/wp\/v2\/pages"}],"about":[{"href":"https:\/\/wp.ufpel.edu.br\/lacorpi\/wp-json\/wp\/v2\/types\/page"}],"author":[{"embeddable":true,"href":"https:\/\/wp.ufpel.edu.br\/lacorpi\/wp-json\/wp\/v2\/users\/1411"}],"replies":[{"embeddable":true,"href":"https:\/\/wp.ufpel.edu.br\/lacorpi\/wp-json\/wp\/v2\/comments?post=25"}],"version-history":[{"count":3,"href":"https:\/\/wp.ufpel.edu.br\/lacorpi\/wp-json\/wp\/v2\/pages\/25\/revisions"}],"predecessor-version":[{"id":153,"href":"https:\/\/wp.ufpel.edu.br\/lacorpi\/wp-json\/wp\/v2\/pages\/25\/revisions\/153"}],"wp:attachment":[{"href":"https:\/\/wp.ufpel.edu.br\/lacorpi\/wp-json\/wp\/v2\/media?parent=25"}],"curies":[{"name":"wp","href":"https:\/\/api.w.org\/{rel}","templated":true}]}}