{"id":94,"date":"2019-08-26T19:47:30","date_gmt":"2019-08-26T22:47:30","guid":{"rendered":"https:\/\/wp.ufpel.edu.br\/lacipa\/?page_id=94"},"modified":"2019-11-22T20:37:33","modified_gmt":"2019-11-22T23:37:33","slug":"publicacoes","status":"publish","type":"page","link":"https:\/\/wp.ufpel.edu.br\/lacipa\/publicacoes\/","title":{"rendered":"Publica\u00e7\u00f5es"},"content":{"rendered":"<div class=\"layout-cell layout-cell-11\">\n<div class=\"layout-cell layout-cell-1 text-align-right\">\n<h3 class=\"layout-cell-pad-5 text-align-right\"><b>Artigos completos publicados em peri\u00f3dicos<\/b><\/h3>\n<\/div>\n<p><em><strong>2019<\/strong><\/em><\/p>\n<p>PUGLIERI, T. S.; FREITAS, R. O.; MAIA, F. C. B.; FARIA, D. L. A. Nanoespectroscopia de absor\u00e7\u00e3o de radia\u00e7\u00e3o s\u00edncrotron no infravermelho para nanoespecia\u00e7\u00e3o de produtos de corros\u00e3o met\u00e1lica. <strong>Quimica Nova<\/strong>, v. 42, p. 1050-1055, 2019. <a href=\"http:\/\/dx.doi.org\/10.21577\/0100-4042.20170421\">http:\/\/dx.doi.org\/10.21577\/0100-4042.20170421<\/a><\/p>\n<p style=\"text-align: justify\">SANTOS, I. F. S.; PUGLIERI, T. S.; BARBOSA, M. S.; FARIA, D. L. A.; CARDOSO, A.; ROSADO, T.; GIL, M.; CANDEIAS, A. J. E. G.\u00a0Aspectos qu\u00edmicos na investiga\u00e7\u00e3o de alguns tipos de efloresc\u00eancias em bens culturais. <strong>Quimica Nova<\/strong>, v. 42, p. 1056-1065, 2019. <a href=\"http:\/\/dx.doi.org\/10.21577\/0100-4042.20170422\">http:\/\/dx.doi.org\/10.21577\/0100-4042.20170422<\/a><\/p>\n<p style=\"text-align: justify\">PUGLIERI, T. S.; MILHEIRA, R. G, ; DEL LAMA, E. A. ; MAGON, P. M. ; DO SANTOS, S. S. Multi-technique investigation of potshards of a cerrito (earthen mound) from southern Brazil.\u00a0<strong>Spectrochimica Acta Part A-Molecular And Biomolecular Spectroscopy<\/strong>, v. 206, p. 48-56, 2019. <a href=\"https:\/\/doi.org\/10.1016\/j.saa.2018.07.084\">https:\/\/doi.org\/10.1016\/j.saa.2018.07.084<\/a><\/p>\n<p style=\"text-align: justify\">PUGLIERI, T. S.; RIBEIRO, D. L.; SOUZA, D. M.V. DE; GASTAUD, C.; YAMASAKI, A.; SCHNEID, P. S. Ensino em ci\u00eancias e educa\u00e7\u00e3o para o patrim\u00f4nio: uma fus\u00e3o metodol\u00f3gica para o ensino de Qu\u00edmica, a preserva\u00e7\u00e3o patrimonial e a alfabetiza\u00e7\u00e3o cient\u00edfica. <strong>Ci\u00eancia e Educa\u00e7\u00e3o (UNESP),<\/strong> v. 25, p. 449-466, 2019. <a href=\"http:\/\/dx.doi.org\/10.1590\/1516-731320190020011\">http:\/\/dx.doi.org\/10.1590\/1516-731320190020011<\/a><\/p>\n<p><em><strong>2018<\/strong><\/em><\/p>\n<p style=\"text-align: justify\">PUGLIERI, T. S.; DE FARIA, D. L. A.; BORGES, C. Apresenta\u00e7\u00e3o: Dossi\u00ea Estudos em Arqueometria. <strong>Cadernos do LEPAARQ (UFPEL),<\/strong> v. 15, p. 142, 2018. <a href=\"https:\/\/periodicos.ufpel.edu.br\/ojs2\/index.php\/lepaarq\/article\/view\/14600\">https:\/\/periodicos.ufpel.edu.br\/ojs2\/index.php\/lepaarq\/article\/view\/14600<\/a><\/p>\n<\/div>\n<div><\/div>\n<div class=\"artigo-completo\">\n<h3><\/h3>\n<h3><b>Cap\u00edtulos de livros publicados<\/b><\/h3>\n<p><em><strong>2019<\/strong><\/em><\/p>\n<p style=\"text-align: justify\">BRANDT, J. ; WAGNER, I. ;\u00a0PUGLIERI, T. S.\u00a0. <strong>Die Skulpturen der ehemaligen Jesuitenmissionen in Paraguay &#8211; Mal- und Fasstechniken.<\/strong> In: Erwin Emmerling; Corinna Gramatke. (Org.). Die polychromen Holzskulpturen der jesuitischen Reduktionen in Paracuaria, 1609 &#8211; 1767 Kunsttechnologische Untersuchungen unter Ber\u00fccksichtigung des Beitrags deutscher Jesuiten. 1ed.M\u00fcnchen: TUM, 2019, v. 2, p. 41-70.<\/p>\n<\/div>\n","protected":false},"excerpt":{"rendered":"<p>Artigos completos publicados em peri\u00f3dicos 2019 PUGLIERI, T. S.; FREITAS, R. O.; MAIA, F. C. B.; FARIA, D. L. A. Nanoespectroscopia de absor\u00e7\u00e3o de radia\u00e7\u00e3o s\u00edncrotron no infravermelho para nanoespecia\u00e7\u00e3o de produtos de corros\u00e3o met\u00e1lica. Quimica Nova, v. 42, p. &hellip; <a href=\"https:\/\/wp.ufpel.edu.br\/lacipa\/publicacoes\/\">Continue lendo <span class=\"meta-nav\">&rarr;<\/span><\/a><\/p>\n","protected":false},"author":933,"featured_media":0,"parent":0,"menu_order":5,"comment_status":"closed","ping_status":"closed","template":"","meta":{"footnotes":""},"class_list":["post-94","page","type-page","status-publish","hentry"],"_links":{"self":[{"href":"https:\/\/wp.ufpel.edu.br\/lacipa\/wp-json\/wp\/v2\/pages\/94","targetHints":{"allow":["GET"]}}],"collection":[{"href":"https:\/\/wp.ufpel.edu.br\/lacipa\/wp-json\/wp\/v2\/pages"}],"about":[{"href":"https:\/\/wp.ufpel.edu.br\/lacipa\/wp-json\/wp\/v2\/types\/page"}],"author":[{"embeddable":true,"href":"https:\/\/wp.ufpel.edu.br\/lacipa\/wp-json\/wp\/v2\/users\/933"}],"replies":[{"embeddable":true,"href":"https:\/\/wp.ufpel.edu.br\/lacipa\/wp-json\/wp\/v2\/comments?post=94"}],"version-history":[{"count":6,"href":"https:\/\/wp.ufpel.edu.br\/lacipa\/wp-json\/wp\/v2\/pages\/94\/revisions"}],"predecessor-version":[{"id":142,"href":"https:\/\/wp.ufpel.edu.br\/lacipa\/wp-json\/wp\/v2\/pages\/94\/revisions\/142"}],"wp:attachment":[{"href":"https:\/\/wp.ufpel.edu.br\/lacipa\/wp-json\/wp\/v2\/media?parent=94"}],"curies":[{"name":"wp","href":"https:\/\/api.w.org\/{rel}","templated":true}]}}