{"id":83,"date":"2019-08-26T19:26:39","date_gmt":"2019-08-26T22:26:39","guid":{"rendered":"https:\/\/wp.ufpel.edu.br\/lacipa\/?page_id=83"},"modified":"2019-09-03T19:49:40","modified_gmt":"2019-09-03T22:49:40","slug":"orientacoes-e-supervisoes","status":"publish","type":"page","link":"https:\/\/wp.ufpel.edu.br\/lacipa\/orientacoes-e-supervisoes\/","title":{"rendered":"P\u00f3s-Gradua\u00e7\u00e3o"},"content":{"rendered":"<div class=\"layout-cell layout-cell-1 text-align-right\">\n<h3 class=\"layout-cell-pad-5 text-align-right\" style=\"text-align: justify\"><strong>Teses de Doutorado<\/strong><\/h3>\n<\/div>\n<div class=\"layout-cell layout-cell-11\" style=\"text-align: justify\">\n<div class=\"layout-cell-pad-5\"><em><strong>T\u00edtulo: <\/strong><\/em>Investiga\u00e7\u00e3o qu\u00edmica e mineral\u00f3gica de fragmentos cer\u00e2micos arqueol\u00f3gicos de Cerritos do Pampa: um estudo para recupera\u00e7\u00e3o hist\u00f3rica e tecnol\u00f3gica atrav\u00e9s dos s\u00edtios Pav\u00e3o I e Pav\u00e3o II.<\/div>\n<div><em><strong>Orientando: <\/strong><\/em>Patricia Marques Magon<\/div>\n<div><em><strong>Orientador:<\/strong><\/em> Eliane Aparecida Del&#8217;lama<\/div>\n<div><em><strong>Coorientador: <\/strong><\/em>Thiago Sevilhano Puglieri<em><strong><br \/>\n<\/strong><\/em><\/div>\n<div><em><strong>Doutorado em Geoci\u00eancias (Mineralogia e Petrologia)<\/strong> <\/em>&#8211; Universidade de S\u00e3o Paulo<\/div>\n<div><em><strong>Ano: <\/strong><\/em>2018 (in\u00edcio)<\/div>\n<div><em><strong>Endere\u00e7o para acessar o CV: <\/strong><\/em><a href=\"http:\/\/lattes.cnpq.br\/5480965705870952\">http:\/\/lattes.cnpq.br\/5480965705870952\u00a0<\/a><\/div>\n<div><\/div>\n<\/div>\n<div style=\"text-align: justify\">\n<div>&#8212;&#8212;&#8212;&#8212;&#8212;&#8212;&#8212;&#8212;&#8212;&#8212;&#8212;&#8212;&#8212;&#8212;&#8212;&#8212;&#8212;&#8212;&#8212;&#8212;&#8212;&#8212;&#8212;&#8212;&#8212;&#8212;&#8212;&#8212;&#8212;&#8212;&#8212;&#8212;&#8212;&#8212;&#8212;&#8212;&#8212;&#8212;&#8212;&#8212;&#8212;&#8212;&#8212;&#8212;&#8212;&#8212;&#8212;-<\/div>\n<div><\/div>\n<div class=\"layout-cell-pad-5\"><em><strong>T\u00edtulo: <\/strong><\/em>Percurso material de pinturas murais de Aldo Locatelli e Jo\u00e3o Fahrion: um estudo da hist\u00f3ria da arte t\u00e9cnica do Rio Grande do Sul<em><strong><br \/>\n<\/strong><\/em><\/div>\n<div><em><strong>Orientando: <\/strong><\/em>Carolina Moraes Marchese<em><strong><br \/>\n<\/strong><\/em><\/div>\n<div><em><strong>Orientador: <\/strong><\/em>Thiago Sevilhano Puglieri<em><strong><br \/>\n<\/strong><\/em><\/div>\n<div><em><strong>Coorientador:<\/strong> <\/em> Paula Viviane Ramos<\/div>\n<div><em><strong>Doutorado em Mem\u00f3ria Social e Patrim\u00f4nio Cultural<\/strong> <\/em>&#8211; Universidade Federal de Pelotas.<\/div>\n<div><em><strong>Ano: <\/strong><\/em>2018 (in\u00edcio)<em><strong><br \/>\n<\/strong><\/em><\/div>\n<div><em><strong>Endere\u00e7o para acessar o CV: <\/strong><\/em><a href=\"http:\/\/lattes.cnpq.br\/1001444918548548\">http:\/\/lattes.cnpq.br\/1001444918548548<\/a><\/div>\n<\/div>\n<div style=\"text-align: justify\"><\/div>\n<div class=\"layout-cell layout-cell-11\" style=\"text-align: justify\">\n<div>&#8212;&#8212;&#8212;&#8212;&#8212;&#8212;&#8212;&#8212;&#8212;&#8212;&#8212;&#8212;&#8212;&#8212;&#8212;&#8212;&#8212;&#8212;&#8212;&#8212;&#8212;&#8212;&#8212;&#8212;&#8212;&#8212;&#8212;&#8212;&#8212;&#8212;&#8212;&#8212;&#8212;&#8212;&#8212;&#8212;&#8212;&#8212;&#8212;&#8212;&#8212;&#8212;&#8212;&#8212;&#8212;&#8212;&#8212;-<\/div>\n<\/div>\n<div style=\"text-align: justify\"><\/div>\n<h3 style=\"text-align: justify\"><strong>Disserta\u00e7\u00e3o de Mestrado<\/strong><\/h3>\n<div>\n<div class=\"layout-cell-pad-5\" style=\"text-align: justify\"><em><strong>T\u00edtulo: <\/strong><\/em>Postes e lumin\u00e1rias em metal fundido da ilumina\u00e7\u00e3o p\u00fablica de Pelotas, RS: 1873\/1931. Estudo preliminar para a preserva\u00e7\u00e3o desses equipamentos urbanos<em><strong><br \/>\n<\/strong><\/em><\/div>\n<div style=\"text-align: justify\"><em><strong>Orientando:<\/strong> Ricardo Jaekel dos Santos<strong><br \/>\n<\/strong><\/em><\/div>\n<div style=\"text-align: justify\"><em><strong>Orientador: <\/strong><\/em>Thiago Sevilhano Puglieri<em><strong><br \/>\n<\/strong><\/em><\/div>\n<div style=\"text-align: justify\"><em><strong>Coorientador: <\/strong><\/em>Carlos Alberto \u00c1vila Santos<em><strong><br \/>\n<\/strong><\/em><\/div>\n<div><em><strong>Mestrado em Mem\u00f3ria Social e Patrim\u00f4nio Cultural<\/strong><\/em> &#8211; Universidade Federal de Pelotas<\/div>\n<div style=\"text-align: justify\"><em><strong>Ano:<\/strong><\/em> 2016\/2018 (finalizado)<\/div>\n<div style=\"text-align: justify\"><em><strong>Endere\u00e7o para acessar o CV: <\/strong><\/em><a href=\"http:\/\/lattes.cnpq.br\/2317506714578183\">http:\/\/lattes.cnpq.br\/2317506714578183<\/a><\/div>\n<div><\/div>\n<\/div>\n<div>&#8212;&#8212;&#8212;&#8212;&#8212;&#8212;&#8212;&#8212;&#8212;&#8212;&#8212;&#8212;&#8212;&#8212;&#8212;&#8212;&#8212;&#8212;&#8212;&#8212;&#8212;&#8212;&#8212;&#8212;&#8212;&#8212;&#8212;&#8212;&#8212;&#8212;&#8212;&#8212;&#8212;&#8212;&#8212;&#8212;&#8212;&#8212;&#8212;&#8212;&#8212;&#8212;&#8212;&#8212;&#8212;&#8212;&#8212;-<\/div>\n","protected":false},"excerpt":{"rendered":"<p>Teses de Doutorado T\u00edtulo: Investiga\u00e7\u00e3o qu\u00edmica e mineral\u00f3gica de fragmentos cer\u00e2micos arqueol\u00f3gicos de Cerritos do Pampa: um estudo para recupera\u00e7\u00e3o hist\u00f3rica e tecnol\u00f3gica atrav\u00e9s dos s\u00edtios Pav\u00e3o I e Pav\u00e3o II. Orientando: Patricia Marques Magon Orientador: Eliane Aparecida Del&#8217;lama Coorientador: &hellip; <a href=\"https:\/\/wp.ufpel.edu.br\/lacipa\/orientacoes-e-supervisoes\/\">Continue lendo <span class=\"meta-nav\">&rarr;<\/span><\/a><\/p>\n","protected":false},"author":933,"featured_media":0,"parent":0,"menu_order":3,"comment_status":"closed","ping_status":"closed","template":"","meta":{"footnotes":""},"class_list":["post-83","page","type-page","status-publish","hentry"],"_links":{"self":[{"href":"https:\/\/wp.ufpel.edu.br\/lacipa\/wp-json\/wp\/v2\/pages\/83","targetHints":{"allow":["GET"]}}],"collection":[{"href":"https:\/\/wp.ufpel.edu.br\/lacipa\/wp-json\/wp\/v2\/pages"}],"about":[{"href":"https:\/\/wp.ufpel.edu.br\/lacipa\/wp-json\/wp\/v2\/types\/page"}],"author":[{"embeddable":true,"href":"https:\/\/wp.ufpel.edu.br\/lacipa\/wp-json\/wp\/v2\/users\/933"}],"replies":[{"embeddable":true,"href":"https:\/\/wp.ufpel.edu.br\/lacipa\/wp-json\/wp\/v2\/comments?post=83"}],"version-history":[{"count":13,"href":"https:\/\/wp.ufpel.edu.br\/lacipa\/wp-json\/wp\/v2\/pages\/83\/revisions"}],"predecessor-version":[{"id":108,"href":"https:\/\/wp.ufpel.edu.br\/lacipa\/wp-json\/wp\/v2\/pages\/83\/revisions\/108"}],"wp:attachment":[{"href":"https:\/\/wp.ufpel.edu.br\/lacipa\/wp-json\/wp\/v2\/media?parent=83"}],"curies":[{"name":"wp","href":"https:\/\/api.w.org\/{rel}","templated":true}]}}