{"id":81,"date":"2019-08-26T19:04:46","date_gmt":"2019-08-26T22:04:46","guid":{"rendered":"https:\/\/wp.ufpel.edu.br\/lacipa\/?page_id=81"},"modified":"2019-11-22T20:23:27","modified_gmt":"2019-11-22T23:23:27","slug":"projetos-de-pesquisa","status":"publish","type":"page","link":"https:\/\/wp.ufpel.edu.br\/lacipa\/projetos-de-pesquisa\/","title":{"rendered":"Projetos de Pesquisa"},"content":{"rendered":"<div class=\"layout-cell layout-cell-3 text-align-right\">\n<h3 class=\"layout-cell-pad-5 text-align-right\"><\/h3>\n<\/div>\n<div class=\"layout-cell layout-cell-9\">\n<h3 class=\"layout-cell-pad-5\"><strong>Investiga\u00e7\u00f5es qu\u00edmicas de imagens jesu\u00edticas em madeira policromada do Museu das Miss\u00f5es<\/strong><\/h3>\n<\/div>\n<div class=\"layout-cell layout-cell-3 text-align-right\">\n<div class=\"layout-cell-pad-5 text-align-right\"><\/div>\n<\/div>\n<div class=\"layout-cell layout-cell-9\">\n<div class=\"layout-cell-pad-5\" style=\"text-align: justify\">As imagens em madeira policromada do acervo do Museu das Miss\u00f5es \u00e9 um conjunto sob responsabilidade do Instituto Brasileiro de Museus &#8211; IBRAM e pertencem ao parque das Ru\u00ednas de S\u00e3o Miguel, inserido em contexto reconhecido pela Organiza\u00e7\u00e3o das Na\u00e7\u00f5es Unidas para a Educa\u00e7\u00e3o, a Ci\u00eancia e a Cultura &#8211; UNESCO como Patrim\u00f4nio Mundial, sendo de estrema relev\u00e2ncia no \u00e2mbito patrimonial. Esses bens, infelizmente, foram severamente danificados por fortes chuvas e um tornado que atingiu a regi\u00e3o em abril de 2016. Em visita t\u00e9nica e revis\u00e3o bibliogr\u00e1fica realizada com vista \u00e0 sua conserva\u00e7\u00e3o e restaura\u00e7\u00e3o, constatou-se a exist\u00eancia de pouco conhecimento material dos objetos, especificamente no que diz respeito aos materiais e t\u00e9cnicas de produ\u00e7\u00e3o de suas policromias e de suas interven\u00e7\u00f5es, que s\u00e3o informa\u00e7\u00f5es fundamentais para tomadas de decis\u00f5es mais adequadas para procedimentos de conserva\u00e7\u00e3o e restaura\u00e7\u00e3o. Neste contexto, portanto, fazendo parte de uma iniciativa para a conserva\u00e7\u00e3o e restaura\u00e7\u00e3o desses bens, assim como para o seu melhor entendimento hist\u00f3rico e t\u00e9cnico, este projeto tem como objetivo a investiga\u00e7\u00e3o qu\u00edmica de imagens jesu\u00edticas em madeira policromada do Museu das Miss\u00f5es.. <br class=\"clear\" \/><br class=\"clear\" \/><strong>Integrantes:<\/strong> Thiago Sevilhano Puglieri &#8211; Coordenador \/ Luiz Antonio Cruz Souza &#8211; Integrante \/ Alessandra Rosado &#8211; Integrante<\/div>\n<\/div>\n<div style=\"text-align: justify\"><\/div>\n<div style=\"text-align: justify\"><strong>&#8212;&#8212;&#8212;&#8212;&#8212;&#8212;&#8212;&#8212;&#8212;&#8212;&#8212;&#8212;&#8212;&#8212;&#8212;&#8212;&#8212;&#8212;&#8212;&#8212;&#8212;&#8212;&#8212;&#8212;&#8212;&#8212;&#8212;&#8212;&#8212;&#8212;&#8212;&#8212;&#8212;&#8212;&#8212;&#8212;&#8212;&#8212;&#8212;&#8212;&#8212;&#8212;&#8212;&#8212;&#8212;&#8212;&#8211;<\/strong><\/div>\n<div style=\"text-align: justify\"><\/div>\n<div>\n<div class=\"layout-cell layout-cell-9\" style=\"text-align: justify\">\n<h3 class=\"layout-cell-pad-5\"><strong>Caracteriza\u00e7\u00e3o f\u00edsico-qu\u00edmica de artefatos arqueol\u00f3gicos de cerritos do Pampa: conserva\u00e7\u00e3o e entendimento hist\u00f3rico.<\/strong><\/h3>\n<\/div>\n<div class=\"layout-cell layout-cell-3 text-align-right\" style=\"text-align: justify\">\n<div class=\"layout-cell-pad-5 text-align-right\"><\/div>\n<\/div>\n<div class=\"layout-cell layout-cell-9\">\n<div class=\"layout-cell-pad-5\" style=\"text-align: justify\">A qu\u00edmica, como ci\u00eancia, apresenta aplica\u00e7\u00e3o em diversas \u00e1reas do conhecimento. Quando considerada sua interface com a conserva\u00e7\u00e3o-restaura\u00e7\u00e3o e investiga\u00e7\u00e3o hist\u00f3rica de bens culturais, sua atua\u00e7\u00e3o tem papel decisivo, visto que os bens culturais materiais (pinturas, desenhos, esculturas, edifica\u00e7\u00f5es etc), como o pr\u00f3prio nome diz, s\u00e3o formados por mat\u00e9ria. Sua aplica\u00e7\u00e3o, em grande parte, se concentra na caracteriza\u00e7\u00e3o f\u00edsico-qu\u00edmica dos bens e no entendimento de sua reatividade, de modo que qualquer abordagem de conserva\u00e7\u00e3o-restaura\u00e7\u00e3o ou de entendimento hist\u00f3rico deve, idealmente, considerar ambos os aspectos. A etapa de caracteriza\u00e7\u00e3o, contudo, sempre precede \u00e0 de investiga\u00e7\u00e3o de reatividades qu\u00edmicas, j\u00e1 que se necessita determinar a mat\u00e9ria a ser considerada. A ci\u00eancia do patrim\u00f4nio \u00e9 a ci\u00eancia na qual se inserem essas investiga\u00e7\u00f5es e a mesma \u00e9 muito recente no Brasil, sendo que pouco se sabe sobre a composi\u00e7\u00e3o qu\u00edmica de seus bens culturais. Especificamente no cen\u00e1rio arqueol\u00f3gico, o Brasil atualmente apresenta 24.546 s\u00edtios cadastrados no CNSA\/SGPA (Cadastro Nacional de S\u00edtios Arqueol\u00f3gicos, do Sistema de Gerenciamento do Patrim\u00f4nio Arqueol\u00f3gico), sendo que o Estado do Rio Grande do Sul concentra o maior n\u00famero de s\u00edtios, 3.377, correspondente a 13,76% do total. Somente no munic\u00edpio de Pelotas h\u00e1, entre cadastrados e em processo de cadastro, 52 s\u00edtios arqueol\u00f3gicos pr\u00e9-coloniais, sendo 30 s\u00edtios do tipo cerritos. Embora cerritos tenham sido foco de pesquisas sistem\u00e1ticas nos anos 1970, nos \u00faltimos 35 anos foram apenas tangencialmente estudados, sendo, portanto, um tema lacunar na arqueologia brasileira. Este projeto de pesquisa visa, portanto, a caracterizar bens arqueol\u00f3gicos de cerritos localizados no bioma Pampa, na por\u00e7\u00e3o meridional da laguna dos Patos, sul do Rio Grande do Sul, de modo que as investiga\u00e7\u00f5es devem retomar os estudos de cerritos, gerar resultados para o melhor entendimento do desenvolvimento desta regi\u00e3o, abordar metodologias de conserva\u00e7\u00e3o para esse tipo de bem, promover dissemina\u00e7\u00e3o e valoriza\u00e7\u00e3o do patrim\u00f4nio brasileiro e definir as necessidades para melhor compreens\u00e3o de reatividades qu\u00edmicas de bens culturais em microambientes nacionais.. <br class=\"clear\" \/><br class=\"clear\" \/><strong>Integrantes:<\/strong> Thiago Sevilhano Puglieri &#8211; Coordenador \/ Eliane Aparecida Del Lama &#8211; Integrante \/\u00a0 Leandro da Concei\u00e7\u00e3o Oliveira &#8211; Integrante \/ Pedro Jos\u00e9 Sanches Filho &#8211; Integrante \/ Rafael Guedes Milheira &#8211; Integrante \/ Sailer Santos dos Santos &#8211; Integrante.<\/div>\n<\/div>\n<\/div>\n","protected":false},"excerpt":{"rendered":"<p>Investiga\u00e7\u00f5es qu\u00edmicas de imagens jesu\u00edticas em madeira policromada do Museu das Miss\u00f5es As imagens em madeira policromada do acervo do Museu das Miss\u00f5es \u00e9 um conjunto sob responsabilidade do Instituto Brasileiro de Museus &#8211; IBRAM e pertencem ao parque das &hellip; <a href=\"https:\/\/wp.ufpel.edu.br\/lacipa\/projetos-de-pesquisa\/\">Continue lendo <span class=\"meta-nav\">&rarr;<\/span><\/a><\/p>\n","protected":false},"author":933,"featured_media":0,"parent":0,"menu_order":2,"comment_status":"closed","ping_status":"closed","template":"","meta":{"footnotes":""},"class_list":["post-81","page","type-page","status-publish","hentry"],"_links":{"self":[{"href":"https:\/\/wp.ufpel.edu.br\/lacipa\/wp-json\/wp\/v2\/pages\/81","targetHints":{"allow":["GET"]}}],"collection":[{"href":"https:\/\/wp.ufpel.edu.br\/lacipa\/wp-json\/wp\/v2\/pages"}],"about":[{"href":"https:\/\/wp.ufpel.edu.br\/lacipa\/wp-json\/wp\/v2\/types\/page"}],"author":[{"embeddable":true,"href":"https:\/\/wp.ufpel.edu.br\/lacipa\/wp-json\/wp\/v2\/users\/933"}],"replies":[{"embeddable":true,"href":"https:\/\/wp.ufpel.edu.br\/lacipa\/wp-json\/wp\/v2\/comments?post=81"}],"version-history":[{"count":5,"href":"https:\/\/wp.ufpel.edu.br\/lacipa\/wp-json\/wp\/v2\/pages\/81\/revisions"}],"predecessor-version":[{"id":140,"href":"https:\/\/wp.ufpel.edu.br\/lacipa\/wp-json\/wp\/v2\/pages\/81\/revisions\/140"}],"wp:attachment":[{"href":"https:\/\/wp.ufpel.edu.br\/lacipa\/wp-json\/wp\/v2\/media?parent=81"}],"curies":[{"name":"wp","href":"https:\/\/api.w.org\/{rel}","templated":true}]}}