{"id":37,"date":"2019-08-06T08:38:40","date_gmt":"2019-08-06T11:38:40","guid":{"rendered":"https:\/\/wp.ufpel.edu.br\/lacipa\/?page_id=37"},"modified":"2019-10-30T13:54:06","modified_gmt":"2019-10-30T16:54:06","slug":"lacipa","status":"publish","type":"page","link":"https:\/\/wp.ufpel.edu.br\/lacipa\/","title":{"rendered":"LACIPA"},"content":{"rendered":"<p style=\"text-align: justify\"><strong>Bem-vindo ao site do LACIPA!<\/strong><\/p>\n<p style=\"text-align: justify\"><strong>MISS\u00c3O<\/strong><\/p>\n<div class=\"page\" title=\"Page 34\">\n<div class=\"layoutArea\">\n<div class=\"column\">\n<p style=\"text-align: justify\">O Laborat\u00f3rio de Ci\u00eancia do Patrim\u00f4nio (LACIPA) do Departamento de Museologia, Conserva\u00e7\u00e3o e Restauro (DMCoR) da Universidade Federal de Pelotas (UFPel) tem como miss\u00e3o ser um espa\u00e7o para o desenvolvimento de projetos e programas de ensino, pesquisa e extens\u00e3o em temas da Ci\u00eancia do Patrim\u00f4nio. Os projetos e programas necessariamente envolvem profissionais e estudantes de diferentes \u00e1reas do conhecimento para garantir a efetiva\u00e7\u00e3o de a\u00e7\u00f5es inter e transdisciplinares. Envolvem colabora\u00e7\u00f5es nacionais e internacionais, integrando tanto a comunidade acad\u00eamica quanto a comunidade externa \u00e0 academia, de modo a garantir n\u00e3o somente a apropria\u00e7\u00e3o e preserva\u00e7\u00e3o patrimonial, mas tamb\u00e9m cient\u00edfica.<\/p>\n<p style=\"text-align: justify\"><strong>HIST\u00d3RICO<\/strong><\/p>\n<div class=\"page\" title=\"Page 34\">\n<div class=\"layoutArea\">\n<div class=\"column\">\n<p style=\"text-align: justify\">O LACIPA \u2013 antigo Laborat\u00f3rio de Qu\u00edmica do curso de Conserva\u00e7\u00e3o e Restaura\u00e7\u00e3o de Bens Culturais M\u00f3veis da UFPel \u2013 foi criado com a chegada do Prof. Dr. Thiago Sevilhano Puglieri no DMCoR, em novembro de 2015. O Laborat\u00f3rio teve seu nome modificado para Laborat\u00f3rio de Ci\u00eancia do Patrim\u00f4nio uma vez que, como discutido no ICCROM FORUM on Conservation Science (2013)<\/p>\n<blockquote>\n<p style=\"text-align: justify\">\u201cO termo \u2018ci\u00eancia do patrim\u00f4nio\u2019 est\u00e1 sendo cada vez mais adotado (particularmente na Europa e na Am\u00e9rica do Norte) como um meio para unificar uma s\u00e9rie de campos inter-relacionados da ci\u00eancia aplicada que se concentram no estudo do patrim\u00f4nio cultural \u2013 como ci\u00eancia arqueol\u00f3gica, ci\u00eancia curatorial (por exemplo, hist\u00f3ria t\u00e9cnica da arte) e ci\u00eancia da conserva\u00e7\u00e3o \u2013 sob um guarda-chuva para criar um campo mais forte, mais coeso e facilmente reconhec\u00edvel com maior massa cr\u00edtica.\u201d \u2013 tradu\u00e7\u00e3o nossa (Heritage, A.; Golfomitsou, S. Conservation science: Reflections and future perspectives. Studies in Conservation, v. 60, p. 2-6, 2015).<\/p>\n<\/blockquote>\n<div class=\"page\" title=\"Page 35\">\n<div class=\"layoutArea\" style=\"text-align: justify\">\n<div class=\"column\"><\/div>\n<\/div>\n<div class=\"layoutArea\">\n<div class=\"column\">\n<p style=\"text-align: justify\">Ampliam-se, desta forma, as possibilidades de atua\u00e7\u00e3o do Laborat\u00f3rio, para o desenvolvimento de projetos e programas com focos mais diversificados dentro das ci\u00eancias aplicadas a bens culturais, n\u00e3o se restringindo \u00e0 qu\u00edmica aplicada a bens culturais ou \u00e0 arqueometria, por exemplo.<\/p>\n<p style=\"text-align: justify\">De novembro de 2015 at\u00e9 o presente (junho de 2019), diversos projetos t\u00eam sido desenvolvidos em ensino, pesquisa e extens\u00e3o, envolvendo profissionais e estudantes de \u00e1reas como Qu\u00edmica, Geologia, Conserva\u00e7\u00e3o-Restaura\u00e7\u00e3o, Artes, Museologia, Arqueologia e Educa\u00e7\u00e3o. At\u00e9 o momento, entre as institui\u00e7\u00f5es universit\u00e1rias parceiras podem ser citadas,\u00a0 entre outras: UFPel, UFRGS, UFSM, USP, UFMG, IF,\u00a0 Technische Universit\u00e4t M\u00fcnchen \u2013 Munique, Alemanha\u00a0 e, The Getty Conservation Institute \u2013 Los Angeles, EUA, esta \u00faltima com projeto de pesquisador visitante Jr. Entre as institui\u00e7\u00f5es patrimoniais est\u00e3o o Museu de Arte Leopoldo Gotuzzo (MALG \u2013 Pelotas, RS), Museu Municipal Parque da Baronesa (MMPBA \u2013 Pelotas, RS), Museu das Miss\u00f5es (S\u00e3o Miguel das Miss\u00f5es, RS) e o Instituto de Artes da UFRGS (IA-UFRGS \u2013 Porto Alegre, RS). Entre as escolas, foram parceiras e a Escola Estadual Cruzeiro do Sul (S\u00e3o Louren\u00e7o do Sul, RS) e a Escola Estadual de Ensino M\u00e9dio Areal (Pelotas, RS). Alunos de cursos de gradua\u00e7\u00e3o da UFPel, como Conserva\u00e7\u00e3o e Restaura\u00e7\u00e3o de Bens Culturais M\u00f3veis, Museologia, Qu\u00edmica (Bacharelado e Licenciatura) e Engenharia de Materiais, t\u00eam se envolvido em projetos do LACIPA.<\/p>\n<p style=\"text-align: justify\">O LACIPA tamb\u00e9m participa de atividades do Programa de P\u00f3s-Gradua\u00e7\u00e3o em Mem\u00f3ria Social e Patrim\u00f4nio Cultural da UFPel (PPGMP-UFPel) e de publica\u00e7\u00f5es cient\u00edficas nacionais e internacionais, bem como na organiza\u00e7\u00e3o de eventos cient\u00edficos.<\/p>\n<\/div>\n<\/div>\n<\/div>\n<\/div>\n<\/div>\n<\/div>\n<\/div>\n<\/div>\n<\/div>\n","protected":false},"excerpt":{"rendered":"<p>Bem-vindo ao site do LACIPA! MISS\u00c3O O Laborat\u00f3rio de Ci\u00eancia do Patrim\u00f4nio (LACIPA) do Departamento de Museologia, Conserva\u00e7\u00e3o e Restauro (DMCoR) da Universidade Federal de Pelotas (UFPel) tem como miss\u00e3o ser um espa\u00e7o para o desenvolvimento de projetos e programas &hellip; <a href=\"https:\/\/wp.ufpel.edu.br\/lacipa\/\">Continue lendo <span class=\"meta-nav\">&rarr;<\/span><\/a><\/p>\n","protected":false},"author":933,"featured_media":0,"parent":0,"menu_order":1,"comment_status":"closed","ping_status":"closed","template":"","meta":{"footnotes":""},"class_list":["post-37","page","type-page","status-publish","hentry"],"_links":{"self":[{"href":"https:\/\/wp.ufpel.edu.br\/lacipa\/wp-json\/wp\/v2\/pages\/37","targetHints":{"allow":["GET"]}}],"collection":[{"href":"https:\/\/wp.ufpel.edu.br\/lacipa\/wp-json\/wp\/v2\/pages"}],"about":[{"href":"https:\/\/wp.ufpel.edu.br\/lacipa\/wp-json\/wp\/v2\/types\/page"}],"author":[{"embeddable":true,"href":"https:\/\/wp.ufpel.edu.br\/lacipa\/wp-json\/wp\/v2\/users\/933"}],"replies":[{"embeddable":true,"href":"https:\/\/wp.ufpel.edu.br\/lacipa\/wp-json\/wp\/v2\/comments?post=37"}],"version-history":[{"count":9,"href":"https:\/\/wp.ufpel.edu.br\/lacipa\/wp-json\/wp\/v2\/pages\/37\/revisions"}],"predecessor-version":[{"id":139,"href":"https:\/\/wp.ufpel.edu.br\/lacipa\/wp-json\/wp\/v2\/pages\/37\/revisions\/139"}],"wp:attachment":[{"href":"https:\/\/wp.ufpel.edu.br\/lacipa\/wp-json\/wp\/v2\/media?parent=37"}],"curies":[{"name":"wp","href":"https:\/\/api.w.org\/{rel}","templated":true}]}}