{"id":117,"date":"2019-09-03T13:25:22","date_gmt":"2019-09-03T16:25:22","guid":{"rendered":"https:\/\/wp.ufpel.edu.br\/lacipa\/?page_id=117"},"modified":"2019-10-30T11:06:47","modified_gmt":"2019-10-30T14:06:47","slug":"educacao-para-o-patrimonio-e-alfabetizacao-cientifica","status":"publish","type":"page","link":"https:\/\/wp.ufpel.edu.br\/lacipa\/extensao-2\/atividades-propostas\/educacao-para-o-patrimonio-e-alfabetizacao-cientifica\/","title":{"rendered":"Educa\u00e7\u00e3o para o patrim\u00f4nio e alfabetiza\u00e7\u00e3o cient\u00edfica"},"content":{"rendered":"<p style=\"text-align: justify\">Considerando que para a realiza\u00e7\u00e3o de atividade envolvendo tanto educa\u00e7\u00e3o para o patrim\u00f4nio quanto alfabetiza\u00e7\u00e3o cient\u00edfica e ensino de qu\u00edmica necessita-se garantir que os alunos dominem determinados temas pr\u00e9vios de qu\u00edmica, e que alguns percal\u00e7os podem inviabilizar essa etapa, esta parte do site trata de atividades que consideram apenas educa\u00e7\u00e3o para o patrim\u00f4nio e alfabetiza\u00e7\u00e3o cient\u00edfica. Al\u00e9m disso, em alguns casos, o interesse pode ser puramente nessas duas atividades.<\/p>\n<ul style=\"text-align: justify\">\n<li><strong>Objetivo<\/strong><\/li>\n<\/ul>\n<p style=\"text-align: justify\">A atividade tem como objetivo promover a preserva\u00e7\u00e3o patrimonial e a alfabetiza\u00e7\u00e3o cient\u00edfica, atrav\u00e9s de abordagens de qu\u00edmica aplicada a bens culturais.<\/p>\n<p style=\"text-align: justify\">Os objetivos especi\u0301ficos e impactos esperados se desdobraram em:<\/p>\n<ol style=\"text-align: justify\">\n<li style=\"text-align: justify\">desenvolver atividade interdisciplinar com a participac\u0327a\u0303o de professores de diversas a\u0301reas do conhecimento (qui\u0301mica, artes, histo\u0301ria e museologia) para promover a interdisciplinaridade no ensino me\u0301dio e possibilitar aos alunos o reconhecimento de sinergia;<\/li>\n<li style=\"text-align: justify\">estimular alunos do ensino me\u0301dio a reconhecerem e se apropriarem do patrimo\u0302nio cultural;<\/li>\n<li style=\"text-align: justify\">incentivar alunos do ensino me\u0301dio a promoverem a preservac\u0327a\u0303o patrimonial;<\/li>\n<li style=\"text-align: justify\">discutir a importa\u0302ncia e aplicabilidade de investigac\u0327o\u0303es cienti\u0301ficas em bens culturais.<\/li>\n<\/ol>\n<ul style=\"text-align: justify\">\n<li><strong>Metodologia<\/strong><\/li>\n<\/ul>\n<p style=\"text-align: justify\">A metodologia se divide em:<\/p>\n<ol style=\"text-align: justify\">\n<li>identificar objetivos e pu\u0301blico alvo;<\/li>\n<li>desenvolver proposta curricular;<\/li>\n<\/ol>\n<p style=\"text-align: justify\">\u00a0 2.1. definir to\u0301pico (selec\u0327a\u0303o de possi\u0301veis abordagens qui\u0301micas dentro da a\u0301rea de bens culturais);<\/p>\n<p style=\"text-align: justify\">2.2. identificar um bem cultural, ou bens culturais, que apresente interesse histo\u0301rico-social e que seja compati\u0301vel com a abordagem qui\u0301mica desejada;<\/p>\n<p style=\"text-align: justify\">\u00a0 2.3. definir os objetivos de aprendizagem.<\/p>\n<p style=\"text-align: justify\">\n3. estabelecer contato com a(s) instituic\u0327a\u0303o(o\u0303es) responsa\u0301vel(is) pelo(s) bem(ns) cultural(is);<br \/>\n4. identificar o acesso a equipamentos;<br \/>\n5. discutir a proposta com o chefe de departamento, colegas e\/ou outros;<br \/>\n6. identificar e contatar palestrantes convidados;<br \/>\n7. preparar a metodologia e a atividade considerando qui\u0301mica, patrimo\u0302nio, preservac\u0327a\u0303o patrimonial e alfabetizac\u0327a\u0303o cienti\u0301fica;<\/p>\n<ol style=\"text-align: justify\" start=\"8\">\n<li>desenvolver a atividade.<\/li>\n<\/ol>\n<p style=\"text-align: justify\">A atividade aqui apresentada foi contextualizada no Museu da Baronesa, em Pelotas, dividindo-se nas seguintes etapas:<\/p>\n<p style=\"text-align: justify\">1.Abertura e aplica\u00e7\u00e3o de question\u00e1rio<\/p>\n<p style=\"text-align: justify\">2.Conversa sobre Patrim\u00f4nio (O que \u00e9? Quais os diversos sentidos? Como voc\u00ea mesmo pode preservar um bem cultural?)<\/p>\n<p style=\"text-align: justify\">3.Conversa sobre o Museu\/Parque da Baronesa<\/p>\n<p style=\"text-align: justify\">4.Atividade de alfabetiza\u00e7\u00e3o cient\u00edfica<\/p>\n<p style=\"text-align: justify\">\u2013Como a ci\u00eancia \u00e9 feita?<\/p>\n<p style=\"text-align: justify\">\u2013Qual a rela\u00e7\u00e3o da Qu\u00edmica com o Patrim\u00f4nio Cultural?<\/p>\n<p style=\"text-align: justify\">\u2013Estudo de caso de conserva\u00e7\u00e3o: Museu do Orat\u00f3rio<\/p>\n<p style=\"text-align: justify\">\u2013Estudo de caso de autentica\u00e7\u00e3o: Tarsila do Amaral<\/p>\n<p style=\"text-align: justify\">\u2013Apresenta\u00e7\u00e3o de C&amp;R por alunos da C&amp;R<\/p>\n<p style=\"text-align: justify\">\u2013Preparo de tinta hist\u00f3rica \u2013 hist\u00f3ria da arte t\u00e9cnica<\/p>\n<p style=\"text-align: justify\">5.Entrega do question\u00e1rio para ser preenchido novamente e entregue depois de uma semana.<\/p>\n","protected":false},"excerpt":{"rendered":"<p>Considerando que para a realiza\u00e7\u00e3o de atividade envolvendo tanto educa\u00e7\u00e3o para o patrim\u00f4nio quanto alfabetiza\u00e7\u00e3o cient\u00edfica e ensino de qu\u00edmica necessita-se garantir que os alunos dominem determinados temas pr\u00e9vios de qu\u00edmica, e que alguns percal\u00e7os podem inviabilizar essa etapa, esta &hellip; <a href=\"https:\/\/wp.ufpel.edu.br\/lacipa\/extensao-2\/atividades-propostas\/educacao-para-o-patrimonio-e-alfabetizacao-cientifica\/\">Continue lendo <span class=\"meta-nav\">&rarr;<\/span><\/a><\/p>\n","protected":false},"author":933,"featured_media":0,"parent":113,"menu_order":2,"comment_status":"closed","ping_status":"closed","template":"","meta":{"footnotes":""},"class_list":["post-117","page","type-page","status-publish","hentry"],"_links":{"self":[{"href":"https:\/\/wp.ufpel.edu.br\/lacipa\/wp-json\/wp\/v2\/pages\/117","targetHints":{"allow":["GET"]}}],"collection":[{"href":"https:\/\/wp.ufpel.edu.br\/lacipa\/wp-json\/wp\/v2\/pages"}],"about":[{"href":"https:\/\/wp.ufpel.edu.br\/lacipa\/wp-json\/wp\/v2\/types\/page"}],"author":[{"embeddable":true,"href":"https:\/\/wp.ufpel.edu.br\/lacipa\/wp-json\/wp\/v2\/users\/933"}],"replies":[{"embeddable":true,"href":"https:\/\/wp.ufpel.edu.br\/lacipa\/wp-json\/wp\/v2\/comments?post=117"}],"version-history":[{"count":3,"href":"https:\/\/wp.ufpel.edu.br\/lacipa\/wp-json\/wp\/v2\/pages\/117\/revisions"}],"predecessor-version":[{"id":136,"href":"https:\/\/wp.ufpel.edu.br\/lacipa\/wp-json\/wp\/v2\/pages\/117\/revisions\/136"}],"up":[{"embeddable":true,"href":"https:\/\/wp.ufpel.edu.br\/lacipa\/wp-json\/wp\/v2\/pages\/113"}],"wp:attachment":[{"href":"https:\/\/wp.ufpel.edu.br\/lacipa\/wp-json\/wp\/v2\/media?parent=117"}],"curies":[{"name":"wp","href":"https:\/\/api.w.org\/{rel}","templated":true}]}}