{"id":113,"date":"2019-09-03T13:22:50","date_gmt":"2019-09-03T16:22:50","guid":{"rendered":"https:\/\/wp.ufpel.edu.br\/lacipa\/?page_id=113"},"modified":"2019-09-03T20:11:23","modified_gmt":"2019-09-03T23:11:23","slug":"atividades-propostas","status":"publish","type":"page","link":"https:\/\/wp.ufpel.edu.br\/lacipa\/extensao-2\/atividades-propostas\/","title":{"rendered":"Atividades Propostas"},"content":{"rendered":"<h3 style=\"text-align: justify\">Nesta sess\u00e3o do site objetiva-se compartilhar experi\u00eancias adquiridas em nosso projeto de Extens\u00e3o <strong>Preserva\u00e7\u00e3o do patrim\u00f4nio cultural atrav\u00e9s da qu\u00edmica do ensino m\u00e9dio e o ensino de qu\u00edmica atrav\u00e9s do patrim\u00f4nio.<\/strong><\/h3>\n<h3 style=\"text-align: justify\">Para tanto, abaixo seguem duas propostas: 1) Educa\u00e7\u00e3o para o patrim\u00f4nio e alfabetiza\u00e7\u00e3o cient\u00edfica; e 2) Educa\u00e7\u00e3o para o patrim\u00f4nio, alfabetiza\u00e7\u00e3o cient\u00edfica e ensino de qu\u00edmica.<\/h3>\n<h3 style=\"text-align: justify\">A primeira se aplica em contextos onde se objetiva apenas educa\u00e7\u00e3o para o patrim\u00f4nio e alfabetiza\u00e7\u00e3o cient\u00edfica, enquanto que a segunda considera tamb\u00e9m o ensino de qu\u00edmica.<\/h3>\n<p>&nbsp;<\/p>\n<h3><strong>1) <a href=\"https:\/\/wp.ufpel.edu.br\/lacipa\/extensao-2\/atividades-propostas\/educacao-para-o-\u2026nsino-de-quimica\/\">Educa\u00e7\u00e3o para o patrim\u00f4nio e alfabetiza\u00e7\u00e3o cient\u00edfica<\/a><\/strong><\/h3>\n<h3><strong>2) <a href=\"https:\/\/wp.ufpel.edu.br\/lacipa\/extensao-2\/atividades-propostas\/educacao-para-o-\u2026zacao-cientifica\">Educa\u00e7\u00e3o para o patrim\u00f4nio, alfabetiza\u00e7\u00e3o cient\u00edfica e ensino de qu\u00edmica<\/a><\/strong><\/h3>\n<p>&nbsp;<\/p>\n<p>&nbsp;<\/p>\n<p style=\"text-align: justify\"><em>Destacamos que agradecemos o recebimento de sugest\u00f5es para otimiza\u00e7\u00e3o desta p\u00e1gina.<\/em><\/p>\n","protected":false},"excerpt":{"rendered":"<p>Nesta sess\u00e3o do site objetiva-se compartilhar experi\u00eancias adquiridas em nosso projeto de Extens\u00e3o Preserva\u00e7\u00e3o do patrim\u00f4nio cultural atrav\u00e9s da qu\u00edmica do ensino m\u00e9dio e o ensino de qu\u00edmica atrav\u00e9s do patrim\u00f4nio. Para tanto, abaixo seguem duas propostas: 1) Educa\u00e7\u00e3o para &hellip; <a href=\"https:\/\/wp.ufpel.edu.br\/lacipa\/extensao-2\/atividades-propostas\/\">Continue lendo <span class=\"meta-nav\">&rarr;<\/span><\/a><\/p>\n","protected":false},"author":933,"featured_media":0,"parent":111,"menu_order":2,"comment_status":"closed","ping_status":"closed","template":"","meta":{"footnotes":""},"class_list":["post-113","page","type-page","status-publish","hentry"],"_links":{"self":[{"href":"https:\/\/wp.ufpel.edu.br\/lacipa\/wp-json\/wp\/v2\/pages\/113","targetHints":{"allow":["GET"]}}],"collection":[{"href":"https:\/\/wp.ufpel.edu.br\/lacipa\/wp-json\/wp\/v2\/pages"}],"about":[{"href":"https:\/\/wp.ufpel.edu.br\/lacipa\/wp-json\/wp\/v2\/types\/page"}],"author":[{"embeddable":true,"href":"https:\/\/wp.ufpel.edu.br\/lacipa\/wp-json\/wp\/v2\/users\/933"}],"replies":[{"embeddable":true,"href":"https:\/\/wp.ufpel.edu.br\/lacipa\/wp-json\/wp\/v2\/comments?post=113"}],"version-history":[{"count":6,"href":"https:\/\/wp.ufpel.edu.br\/lacipa\/wp-json\/wp\/v2\/pages\/113\/revisions"}],"predecessor-version":[{"id":133,"href":"https:\/\/wp.ufpel.edu.br\/lacipa\/wp-json\/wp\/v2\/pages\/113\/revisions\/133"}],"up":[{"embeddable":true,"href":"https:\/\/wp.ufpel.edu.br\/lacipa\/wp-json\/wp\/v2\/pages\/111"}],"wp:attachment":[{"href":"https:\/\/wp.ufpel.edu.br\/lacipa\/wp-json\/wp\/v2\/media?parent=113"}],"curies":[{"name":"wp","href":"https:\/\/api.w.org\/{rel}","templated":true}]}}