{"id":9,"date":"2020-06-10T15:32:18","date_gmt":"2020-06-10T18:32:18","guid":{"rendered":"https:\/\/wp.ufpel.edu.br\/lacico\/?page_id=9"},"modified":"2026-03-04T18:04:24","modified_gmt":"2026-03-04T21:04:24","slug":"sobre-o-coordenador","status":"publish","type":"page","link":"https:\/\/wp.ufpel.edu.br\/lacico\/sobre-o-coordenador\/","title":{"rendered":"Sobre o Coordenador"},"content":{"rendered":"<p style=\"text-align: justify;\"><img class=\"wp-image-172 alignleft\" src=\"https:\/\/wp.ufpel.edu.br\/lacico\/files\/2020\/06\/IMG_0981-scaled-e1592747092662-297x400.jpg\" alt=\"\" width=\"128\" height=\"172\" \/><\/p>\n<p style=\"text-align: justify;\">O professor <a href=\"http:\/\/lattes.cnpq.br\/9205713553383112\"><strong>Jandilson Silva<\/strong><\/a> possui licenciatura (2008), forma\u00e7\u00e3o (2009), mestrado (2011), e doutorado (2015) em Psicologia pela Universidade Federal da Para\u00edba (UFPB) e \u00e9 especialista em Psicoterapia Anal\u00edtico Funcional (FAP) pelo Centro Brasileiro de Ci\u00eancia Comportamental Contextual (CECONTE). Atualmente \u00e9 professor Adjunto IV da <a href=\"https:\/\/wp.ufpel.edu.br\/psicologia\/\">Gradua\u00e7\u00e3o em Psicologia da Universidade Federal de Pelotas (UFPel), Rio Grande do Sul\/RS, Brasil,<\/a> onde leciona componentes curriculares te\u00f3ricos e pr\u00e1ticos na perspectiva da An\u00e1lise do Comportamento, orientando trabalhos de conclus\u00e3o de curso e est\u00e1gio principalmente no \u00e2mbito cl\u00ednico. Os est\u00e1gios s\u00e3o orientados sob as perspectivas da Psicoterapia Anal\u00edtico Funcional (Green FAP) e Terapia de Aceita\u00e7\u00e3o e Compromisso (ACT) para adultos, no Servi\u00e7o Escola de Psicologia da UFPel. Tem forma\u00e7\u00e3o e experi\u00eancia nas \u00e1reas de Neuroci\u00eancias (Psicof\u00edsica e Neuropsicologia), Psicologia Cl\u00ednica (Terapias Comportamentais), e Psicologia Social, atuando no desenvolvimento de estudos que buscam a rela\u00e7\u00e3o entre estes campos do conhecimento por meio do Behaviorismo Radical. Coordena o Laborat\u00f3rio de Ci\u00eancias do Comportamento (LACICO), do curso de Psicologia da UFPel, no qual realiza projetos te\u00f3rico-conceituais e aplicados que tentam integrar os n\u00edveis filogen\u00e9tico, ontogen\u00e9tico e cultural dos comportamentos. Colabora com o Laborat\u00f3rio de Percep\u00e7\u00e3o, Neuroci\u00eancias e Comportamento (LPNeC\/UFPB) e com o Laborat\u00f3rio de Pesquisa em Cogni\u00e7\u00e3o e Comportamento (LAPECC\/UFPB). \u00c9 membro da Associa\u00e7\u00e3o Brasileira de Psicologia e Medicina Comportamental (ABPMC) e da Associa\u00e7\u00e3o para Ci\u00eancia Comportamental Contextual (ACBS).<\/p>\n<p style=\"text-align: justify;\">\n","protected":false},"excerpt":{"rendered":"<p>O professor Jandilson Silva possui licenciatura (2008), forma\u00e7\u00e3o (2009), mestrado (2011), e doutorado (2015) em Psicologia pela Universidade Federal da Para\u00edba (UFPB) e \u00e9 especialista em Psicoterapia Anal\u00edtico Funcional (FAP) pelo Centro Brasileiro de Ci\u00eancia Comportamental Contextual (CECONTE). Atualmente \u00e9 professor Adjunto IV da Gradua\u00e7\u00e3o em Psicologia da Universidade Federal de Pelotas (UFPel), Rio Grande [&hellip;]<\/p>\n","protected":false},"author":1017,"featured_media":0,"parent":0,"menu_order":2,"comment_status":"closed","ping_status":"closed","template":"","meta":{"footnotes":""},"class_list":["post-9","page","type-page","status-publish","hentry"],"_links":{"self":[{"href":"https:\/\/wp.ufpel.edu.br\/lacico\/wp-json\/wp\/v2\/pages\/9","targetHints":{"allow":["GET"]}}],"collection":[{"href":"https:\/\/wp.ufpel.edu.br\/lacico\/wp-json\/wp\/v2\/pages"}],"about":[{"href":"https:\/\/wp.ufpel.edu.br\/lacico\/wp-json\/wp\/v2\/types\/page"}],"author":[{"embeddable":true,"href":"https:\/\/wp.ufpel.edu.br\/lacico\/wp-json\/wp\/v2\/users\/1017"}],"replies":[{"embeddable":true,"href":"https:\/\/wp.ufpel.edu.br\/lacico\/wp-json\/wp\/v2\/comments?post=9"}],"version-history":[{"count":3,"href":"https:\/\/wp.ufpel.edu.br\/lacico\/wp-json\/wp\/v2\/pages\/9\/revisions"}],"predecessor-version":[{"id":415,"href":"https:\/\/wp.ufpel.edu.br\/lacico\/wp-json\/wp\/v2\/pages\/9\/revisions\/415"}],"wp:attachment":[{"href":"https:\/\/wp.ufpel.edu.br\/lacico\/wp-json\/wp\/v2\/media?parent=9"}],"curies":[{"name":"wp","href":"https:\/\/api.w.org\/{rel}","templated":true}]}}