{"id":89,"date":"2020-06-10T17:04:01","date_gmt":"2020-06-10T20:04:01","guid":{"rendered":"https:\/\/wp.ufpel.edu.br\/lacico\/?page_id=89"},"modified":"2023-12-01T16:48:14","modified_gmt":"2023-12-01T19:48:14","slug":"estagios","status":"publish","type":"page","link":"https:\/\/wp.ufpel.edu.br\/lacico\/atividades-desenvolvidas\/estagios\/","title":{"rendered":"Est\u00e1gios"},"content":{"rendered":"<p style=\"text-align: justify;\"><img class=\"wp-image-187 alignleft\" src=\"https:\/\/wp.ufpel.edu.br\/lacico\/files\/2020\/06\/SEP_Amilcar-Gigante-400x267.jpg\" alt=\"\" width=\"310\" height=\"207\" srcset=\"https:\/\/wp.ufpel.edu.br\/lacico\/files\/2020\/06\/SEP_Amilcar-Gigante-400x267.jpg 400w, https:\/\/wp.ufpel.edu.br\/lacico\/files\/2020\/06\/SEP_Amilcar-Gigante.jpg 600w\" sizes=\"(max-width: 310px) 100vw, 310px\" \/><span style=\"color: var(--cor-texto); font-family: var(--fonte-corpo);\"> Os est\u00e1gios ocorrem <\/span><span style=\"color: var(--cor-texto); font-family: var(--fonte-corpo);\">sob a orienta\u00e7\u00e3o do Professor Jandilson Silva <\/span><span style=\"color: var(--cor-texto); font-family: var(--fonte-corpo);\">no <\/span><strong style=\"color: var(--cor-texto); font-family: var(--fonte-corpo);\">Servi\u00e7o-Escola de Psicologia (SEP)<\/strong><span style=\"color: var(--cor-texto); font-family: var(--fonte-corpo);\"> da UFPel, localizado no Centro de Pesquisa em Sa\u00fade Dr. Amilcar Gigante, nos formatos de atendimento cl\u00ednico individual e em grupo para adultos. Contudo utiliza-se uma perspectiva de cl\u00ednica ampliada que n\u00e3o se restringe ao consult\u00f3rio tradicional e considerando aspectos da interseccionalidade. Al\u00e9m disso, consideram-se outras quest\u00f5es de prote\u00e7\u00e3o aos direitos humanos e ao meio ambiente que estejam dentro do escopo das chamadas pol\u00edticas verdes. Estas possuem uma ideologia que defende uma sociedade justa, n\u00e3o violenta e ecologicamente sustent\u00e1vel baseada na democracia. Desse modo, a pr\u00e1tica de atendimentos se d\u00e1 por meio da <\/span><em style=\"color: var(--cor-texto); font-family: var(--fonte-corpo);\">An\u00e1lise Aplicada do Comportamento (ABA)<\/em><span style=\"color: var(--cor-texto); font-family: var(--fonte-corpo);\">, utilizando-se assim de um embasamento filos\u00f3fico n\u00e3o internalista Behaviorista radical e Contextualista Funcional, com foco no contexto, utilizando estrat\u00e9gias da <\/span><em style=\"color: var(--cor-texto); font-family: var(--fonte-corpo);\">Terapia Anal\u00edtico Comportamental (TAC)<\/em><span style=\"color: var(--cor-texto); font-family: var(--fonte-corpo);\">, da <\/span><em style=\"color: var(--cor-texto); font-family: var(--fonte-corpo);\">Psicoterapia<\/em> <em style=\"color: var(--cor-texto); font-family: var(--fonte-corpo);\">Anal\u00edtico Funcional (Green FAP\/FAP Verde), <\/em><span style=\"color: var(--cor-texto); font-family: var(--fonte-corpo);\">e da<\/span><em style=\"color: var(--cor-texto); font-family: var(--fonte-corpo);\"> Terapia de Aceita\u00e7\u00e3o e Compromisso (ACT)<\/em><span style=\"color: var(--cor-texto); font-family: var(--fonte-corpo);\">. Os atendimentos s\u00e3o orientados semanalmente em ocasi\u00f5es nas quais s\u00e3o discutidas em grupo quest\u00f5es de avalia\u00e7\u00e3o e interven\u00e7\u00e3o psicol\u00f3gicas para os clientes\/usu\u00e1rios do servi\u00e7o.<\/span><\/p>\n<p style=\"text-align: center;\"><strong>Aos estagi\u00e1rios \u00e9 obrigat\u00f3ria participa\u00e7\u00e3o no grupo de estudos InterA\u00e7\u00e3o, no qual \u00e9 feita uma forma\u00e7\u00e3o te\u00f3rica e pr\u00e1tica acerca de An\u00e1lise do Comportamento.<\/strong><\/p>\n","protected":false},"excerpt":{"rendered":"<p>Os est\u00e1gios ocorrem sob a orienta\u00e7\u00e3o do Professor Jandilson Silva no Servi\u00e7o-Escola de Psicologia (SEP) da UFPel, localizado no Centro de Pesquisa em Sa\u00fade Dr. Amilcar Gigante, nos formatos de atendimento cl\u00ednico individual e em grupo para adultos. Contudo utiliza-se uma perspectiva de cl\u00ednica ampliada que n\u00e3o se restringe ao consult\u00f3rio tradicional e considerando aspectos [&hellip;]<\/p>\n","protected":false},"author":1017,"featured_media":0,"parent":32,"menu_order":11,"comment_status":"closed","ping_status":"closed","template":"","meta":{"footnotes":""},"class_list":["post-89","page","type-page","status-publish","hentry"],"_links":{"self":[{"href":"https:\/\/wp.ufpel.edu.br\/lacico\/wp-json\/wp\/v2\/pages\/89","targetHints":{"allow":["GET"]}}],"collection":[{"href":"https:\/\/wp.ufpel.edu.br\/lacico\/wp-json\/wp\/v2\/pages"}],"about":[{"href":"https:\/\/wp.ufpel.edu.br\/lacico\/wp-json\/wp\/v2\/types\/page"}],"author":[{"embeddable":true,"href":"https:\/\/wp.ufpel.edu.br\/lacico\/wp-json\/wp\/v2\/users\/1017"}],"replies":[{"embeddable":true,"href":"https:\/\/wp.ufpel.edu.br\/lacico\/wp-json\/wp\/v2\/comments?post=89"}],"version-history":[{"count":14,"href":"https:\/\/wp.ufpel.edu.br\/lacico\/wp-json\/wp\/v2\/pages\/89\/revisions"}],"predecessor-version":[{"id":405,"href":"https:\/\/wp.ufpel.edu.br\/lacico\/wp-json\/wp\/v2\/pages\/89\/revisions\/405"}],"up":[{"embeddable":true,"href":"https:\/\/wp.ufpel.edu.br\/lacico\/wp-json\/wp\/v2\/pages\/32"}],"wp:attachment":[{"href":"https:\/\/wp.ufpel.edu.br\/lacico\/wp-json\/wp\/v2\/media?parent=89"}],"curies":[{"name":"wp","href":"https:\/\/api.w.org\/{rel}","templated":true}]}}