{"id":70,"date":"2020-06-10T15:48:37","date_gmt":"2020-06-10T18:48:37","guid":{"rendered":"https:\/\/wp.ufpel.edu.br\/lacico\/?page_id=70"},"modified":"2026-03-04T18:17:19","modified_gmt":"2026-03-04T21:17:19","slug":"anterior","status":"publish","type":"page","link":"https:\/\/wp.ufpel.edu.br\/lacico\/equipe\/anterior\/","title":{"rendered":"Anterior"},"content":{"rendered":"<hr \/>\n<h2 style=\"text-align: center;\"><strong>2017:<\/strong><\/h2>\n<hr \/>\n<p style=\"text-align: center;\">Cid Pinheiro Farias (Est\u00e1gio Cl\u00ednico)<\/p>\n<p style=\"text-align: center;\">Flora Beatriz Proiette Santos (Est\u00e1gio Cl\u00ednico)<\/p>\n<p style=\"text-align: center;\">Franciele Ely das Neves (Est\u00e1gio Cl\u00ednico; Trabalho de Conclus\u00e3o de Curso)<\/p>\n<p style=\"text-align: center;\">Ingrid Moura Dias (Est\u00e1gio Cl\u00ednico)<\/p>\n<p style=\"text-align: center;\">Juliana Corr\u00eaa Hertzberg (Est\u00e1gio Cl\u00ednico)<\/p>\n<p style=\"text-align: center;\">Luiz Gustavo Klumb Kiesow (Est\u00e1gio Cl\u00ednico; Trabalho de Conclus\u00e3o de Curso)<\/p>\n<p style=\"text-align: center;\">Rafaela Mort\u00e1gua Guerra (Est\u00e1gio Cl\u00ednico)<\/p>\n<p style=\"text-align: center;\">William Sperb Esber (Est\u00e1gio Cl\u00ednico)<\/p>\n<hr \/>\n<h2 style=\"text-align: center;\"><strong>2018:<\/strong><\/h2>\n<hr \/>\n<p style=\"text-align: center;\">Andr\u00e9 Luiz Joussef Carvalho (Trabalho de Conclus\u00e3o de Curso)<\/p>\n<p style=\"text-align: center;\">Bibiana Velasques Morossino (Est\u00e1gio Cl\u00ednico; Trabalho de Conclus\u00e3o de Curso)<\/p>\n<p style=\"text-align: center;\">Camila da Cunha Silveira (Est\u00e1gio Cl\u00ednico; Trabalho de Conclus\u00e3o de Curso)<\/p>\n<p style=\"text-align: center;\">Danise Mirapalheta Maciel (Est\u00e1gio Cl\u00ednico; Trabalho de Conclus\u00e3o de Curso)<\/p>\n<p style=\"text-align: center;\">\u00c9rica Pereira Martins Pagani (Est\u00e1gio Cl\u00ednico)<\/p>\n<p style=\"text-align: center;\">Lauren Luiza Cassol Prestes (Est\u00e1gio Cl\u00ednico)<\/p>\n<p style=\"text-align: center;\">Lucas Castro Freire de Moraes (Est\u00e1gio Cl\u00ednico; Trabalho de Conclus\u00e3o de Curso)<\/p>\n<p style=\"text-align: center;\">Lucas Gon\u00e7alves de Oliveira (Est\u00e1gio Cl\u00ednico; Trabalho de Conclus\u00e3o de Curso)<\/p>\n<p style=\"text-align: center;\">Mariana Pereira de Britto (Est\u00e1gio Cl\u00ednico)<\/p>\n<p style=\"text-align: center;\">Morgana Cardoso Rodrigues (Est\u00e1gio Cl\u00ednico; Trabalho de Conclus\u00e3o de Curso)<\/p>\n<hr \/>\n<h2 style=\"text-align: center;\"><strong>2019:<\/strong><\/h2>\n<hr \/>\n<p style=\"text-align: center;\">Gabriela Monteiro Saez (Trabalho de Conclus\u00e3o de Curso)<\/p>\n<p style=\"text-align: center;\">Ingrid Masseron Cunha (Est\u00e1gio Cl\u00ednico)<\/p>\n<p style=\"text-align: center;\">Let\u00edcia Soares Leite (Est\u00e1gio Cl\u00ednico)<\/p>\n<p style=\"text-align: center;\">L\u00edvia Magalhaes Vidinha (Est\u00e1gio Cl\u00ednico)<\/p>\n<p style=\"text-align: center;\">Luciana Tadiello (Est\u00e1gio Cl\u00ednico; Trabalho de Conclus\u00e3o de Curso)<\/p>\n<hr \/>\n<h2 style=\"text-align: center;\"><strong>2020:<\/strong><\/h2>\n<hr \/>\n<p style=\"text-align: center;\">Janer Leontina Cardoso da Silva (Est\u00e1gio Cl\u00ednico)<\/p>\n<p style=\"text-align: center;\">Ivana Cl\u00e1udia Freda Vargas (Est\u00e1gio Cl\u00ednico)<\/p>\n<hr \/>\n<h2 style=\"text-align: center;\"><strong>2021:<\/strong><\/h2>\n<hr \/>\n<p style=\"text-align: center;\">Ana Catharina Campos Maciel Davis (Est\u00e1gio Cl\u00ednico)<\/p>\n<hr \/>\n<h2 style=\"text-align: center;\">2023:<\/h2>\n<hr \/>\n<p style=\"text-align: center;\">Amanda Casagrande Scherer (Trabalho de Conclus\u00e3o de Curso)<\/p>\n<p style=\"text-align: center;\">Dener Sim\u00f5es Ara\u00fajo (Est\u00e1gio Cl\u00ednico)<\/p>\n<p style=\"text-align: center;\">Henrique Streck Macagnan (Est\u00e1gio Cl\u00ednico)<\/p>\n<p style=\"text-align: center;\">Ivana Cl\u00e1udia Freda Vargas (Trabalho de Conclus\u00e3o de Curso)<\/p>\n<p style=\"text-align: center;\">Marta Mielke Varzim (Est\u00e1gio Cl\u00ednico; Trabalho de Conclus\u00e3o de Curso)<\/p>\n<p style=\"text-align: center;\">Thom\u00e1s de Oliveira Nunes (Est\u00e1gio Cl\u00ednico; Trabalho de Conclus\u00e3o de Curso)<\/p>\n<p style=\"text-align: center;\">Tiffani Gomes Cardozo (Est\u00e1gio Cl\u00ednico; Trabalho de Conclus\u00e3o de Curso)<\/p>\n<hr \/>\n<p style=\"text-align: center;\"><span style=\"font-size: 18pt;\"><strong>2024:<\/strong><\/span><\/p>\n<hr \/>\n<p style=\"text-align: center;\">Amanda Miranda do Carmo (Est\u00e1gio Cl\u00ednico; Trabalho de Conclus\u00e3o de Curso)<\/p>\n<p style=\"text-align: center;\">Gustavo Santana Menegoni (Est\u00e1gio Cl\u00ednico; Trabalho de Conclus\u00e3o de Curso)<\/p>\n<p style=\"text-align: center;\">Henry Barbosa Antunes (Est\u00e1gio Cl\u00ednico)<\/p>\n<p style=\"text-align: center;\">Isadora Langlois Massaro Os\u00f3rio (Est\u00e1gio Cl\u00ednico; Trabalho de Conclus\u00e3o de Curso)<\/p>\n<p style=\"text-align: center;\">Mariana Chaves Paim (Est\u00e1gio Cl\u00ednico; Trabalho de Conclus\u00e3o de Curso)<\/p>\n<p style=\"text-align: center;\">Paloma Pirez Val\u00e9rio (Est\u00e1gio Cl\u00ednico; Trabalho de Conclus\u00e3o de Curso)<\/p>\n<p style=\"text-align: center;\">Tha\u00eds Garcia Sampaio (Est\u00e1gio Cl\u00ednico)<\/p>\n<hr \/>\n<p style=\"text-align: center;\"><span style=\"font-size: 18pt;\"><strong>2025:<\/strong><\/span><\/p>\n<hr \/>\n<p style=\"text-align: center;\">AMANDA CAROLINA GARCIA DE LIMA (Trabalho de Conclus\u00e3o de Curso)<\/p>\n<p style=\"text-align: center;\">BRUNA DA FONSECA CAVALHEIRO (Est\u00e1gio Cl\u00ednico)<\/p>\n<p style=\"text-align: center;\">MARIANA CORR\u00caA DA SILVA (Est\u00e1gio Cl\u00ednico; Trabalho de Conclus\u00e3o de Curso)<\/p>\n<p style=\"text-align: center;\">MARIANA COSTA DE SOUZA (Est\u00e1gio Cl\u00ednico)<\/p>\n<p style=\"text-align: center;\">RAFAELLA AMOZA KLEIN (Est\u00e1gio Cl\u00ednico; Trabalho de Conclus\u00e3o de Curso)<\/p>\n<p style=\"text-align: center;\">YASMIN VASCONCELOS LUZ GARCIA (Est\u00e1gio Cl\u00ednico)<\/p>\n","protected":false},"excerpt":{"rendered":"<p>2017: Cid Pinheiro Farias (Est\u00e1gio Cl\u00ednico) Flora Beatriz Proiette Santos (Est\u00e1gio Cl\u00ednico) Franciele Ely das Neves (Est\u00e1gio Cl\u00ednico; Trabalho de Conclus\u00e3o de Curso) Ingrid Moura Dias (Est\u00e1gio Cl\u00ednico) Juliana Corr\u00eaa Hertzberg (Est\u00e1gio Cl\u00ednico) Luiz Gustavo Klumb Kiesow (Est\u00e1gio Cl\u00ednico; Trabalho de Conclus\u00e3o de Curso) Rafaela Mort\u00e1gua Guerra (Est\u00e1gio Cl\u00ednico) William Sperb Esber (Est\u00e1gio Cl\u00ednico) 2018: [&hellip;]<\/p>\n","protected":false},"author":1017,"featured_media":0,"parent":35,"menu_order":14,"comment_status":"closed","ping_status":"closed","template":"","meta":{"footnotes":""},"class_list":["post-70","page","type-page","status-publish","hentry"],"_links":{"self":[{"href":"https:\/\/wp.ufpel.edu.br\/lacico\/wp-json\/wp\/v2\/pages\/70","targetHints":{"allow":["GET"]}}],"collection":[{"href":"https:\/\/wp.ufpel.edu.br\/lacico\/wp-json\/wp\/v2\/pages"}],"about":[{"href":"https:\/\/wp.ufpel.edu.br\/lacico\/wp-json\/wp\/v2\/types\/page"}],"author":[{"embeddable":true,"href":"https:\/\/wp.ufpel.edu.br\/lacico\/wp-json\/wp\/v2\/users\/1017"}],"replies":[{"embeddable":true,"href":"https:\/\/wp.ufpel.edu.br\/lacico\/wp-json\/wp\/v2\/comments?post=70"}],"version-history":[{"count":4,"href":"https:\/\/wp.ufpel.edu.br\/lacico\/wp-json\/wp\/v2\/pages\/70\/revisions"}],"predecessor-version":[{"id":418,"href":"https:\/\/wp.ufpel.edu.br\/lacico\/wp-json\/wp\/v2\/pages\/70\/revisions\/418"}],"up":[{"embeddable":true,"href":"https:\/\/wp.ufpel.edu.br\/lacico\/wp-json\/wp\/v2\/pages\/35"}],"wp:attachment":[{"href":"https:\/\/wp.ufpel.edu.br\/lacico\/wp-json\/wp\/v2\/media?parent=70"}],"curies":[{"name":"wp","href":"https:\/\/api.w.org\/{rel}","templated":true}]}}