{"id":67,"date":"2020-06-10T15:48:11","date_gmt":"2020-06-10T18:48:11","guid":{"rendered":"https:\/\/wp.ufpel.edu.br\/lacico\/?page_id=67"},"modified":"2026-03-04T18:12:39","modified_gmt":"2026-03-04T21:12:39","slug":"atual","status":"publish","type":"page","link":"https:\/\/wp.ufpel.edu.br\/lacico\/equipe\/atual\/","title":{"rendered":"Atual"},"content":{"rendered":"<hr \/>\n<p><span style=\"color: #008000;\"><strong>Coordenador:<\/strong><\/span><\/p>\n<hr \/>\n<p><a href=\"http:\/\/lattes.cnpq.br\/9205713553383112\">Prof. Dr. Jandilson Avelino da Silva<\/a><\/p>\n<p>E-mail: <a href=\"mailto:jandilson.silva@ufpel.edu.br\">jandilson.silva@ufpel.edu.br<\/a><\/p>\n<hr \/>\n<p><span style=\"color: #008000;\"><strong>Colaboradores:<\/strong><\/span><\/p>\n<hr \/>\n<p>Doutorando <a href=\"http:\/\/lattes.cnpq.br\/5072857995301252\">Cid Pinheiro Farias<\/a><\/p>\n<p>E-mail: <a href=\"mailto:cidpinheirofarias@hotmail.com\">cidpinheirofarias@hotmail.com<\/a><\/p>\n<p>Psic\u00f3logo Gustavo Santana Menegoni<\/p>\n<p>E-mail: <span style=\"text-decoration: underline;\">gmenegoni98@gmail.com<\/span><\/p>\n<p>Psic\u00f3logo Thom\u00e1s de Oliveira Nunes<\/p>\n<p>E-mail: <span style=\"text-decoration: underline;\"><span class=\"qu\" tabindex=\"-1\" role=\"gridcell\" translate=\"no\"><span class=\"go\">thomasxnunes@gmail.com<\/span><\/span><\/span><\/p>\n<hr \/>\n<p style=\"text-align: center;\"><span style=\"color: #008000;\"><strong>\u00a0<\/strong><a style=\"color: #008000;\" href=\"https:\/\/wp.ufpel.edu.br\/lacico\/atividades-desenvolvidas\/ensino\/\"><strong>Grupo de Estudos: InterA\u00e7\u00e3o<\/strong><\/a><\/span><\/p>\n<hr \/>\n<p style=\"text-align: center;\"><span style=\"font-size: 10pt;\">ALEXANDRE ROVEDA FIALHO<\/span><\/p>\n<p style=\"text-align: center;\"><span style=\"font-size: 10pt;\">AMANDA CAROLINA GARCIA DE LIMA<\/span><\/p>\n<p style=\"text-align: center;\"><span style=\"font-size: 10pt;\">ANTONIA DE CARVALHO COLL LEITE<\/span><\/p>\n<p style=\"text-align: center;\"><span style=\"font-size: 10pt;\">BRUNA DA FONSECA CAVALHEIRO<\/span><\/p>\n<p style=\"text-align: center;\"><span style=\"font-size: 10pt;\">BRUNA MARQUES DE OLIVEIRA<\/span><\/p>\n<p style=\"text-align: center;\"><span style=\"font-size: 10pt;\">DIOGO ALVES BUBOLZ<\/span><\/p>\n<p style=\"text-align: center;\"><span style=\"font-size: 10pt;\">GABRIEL COELHO MARQUES<\/span><\/p>\n<p style=\"text-align: center;\"><span style=\"font-size: 10pt;\">GABRIEL LIMA DE ALMEIDA<\/span><\/p>\n<p style=\"text-align: center;\"><span style=\"font-size: 10pt;\">GUSTAVO SANTANA MENEGONI<\/span><\/p>\n<p style=\"text-align: center;\"><span style=\"font-size: 10pt;\">HELENA ZIEBELL CARPENA<\/span><\/p>\n<p style=\"text-align: center;\"><span style=\"font-size: 10pt;\">LUISA PALMERO LORENZON<\/span><\/p>\n<p style=\"text-align: center;\"><span style=\"font-size: 10pt;\">LUIZA BORBA PEREIRA<\/span><\/p>\n<p style=\"font-weight: 400; text-align: center;\"><span style=\"font-size: 10pt;\">MARIANA CORR\u00caA DA SILVA<\/span><\/p>\n<p style=\"font-weight: 400; text-align: center;\"><span style=\"font-size: 10pt;\">MARIANA COSTA DE SOUZA<\/span><\/p>\n<p style=\"text-align: center;\"><span style=\"font-size: 10pt;\">MILENA CUNHA DE OLIVEIRA<\/span><\/p>\n<p style=\"font-weight: 400; text-align: center;\"><span style=\"font-size: 10pt;\">RAFAELLA AMOZA KLEIN<\/span><\/p>\n<p style=\"font-weight: 400; text-align: center;\"><span style=\"font-size: 10pt;\">YASMIN VASCONCELOS LUZ GARCIA<\/span><\/p>\n<hr \/>\n<p style=\"text-align: center;\"><span style=\"color: #008000;\"><a style=\"color: #008000;\" href=\"https:\/\/wp.ufpel.edu.br\/lacico\/atividades-desenvolvidas\/pesquisa\/\"><strong>Grupo de Pesquisa: PesquisA\u00e7\u00e3o<\/strong><\/a><\/span><\/p>\n<hr \/>\n<p style=\"text-align: center;\"><span style=\"font-size: 10pt; font-family: verdana, geneva, sans-serif;\">ALEXANDRE ROVEDA FIALHO<\/span><\/p>\n<p style=\"text-align: center;\"><span style=\"font-size: 10pt; font-family: verdana, geneva, sans-serif;\">BRUNA MARQUES DE OLIVEIRA<\/span><\/p>\n<p style=\"text-align: center;\"><span style=\"font-size: 10pt; font-family: verdana, geneva, sans-serif;\">GABRIEL LIMA DE ALMEIDA<\/span><\/p>\n<p style=\"text-align: center;\"><span style=\"font-size: 10pt; font-family: verdana, geneva, sans-serif;\">LUISA PALMERO LORENZON<\/span><\/p>\n<p style=\"text-align: center;\"><span style=\"font-size: 10pt; font-family: verdana, geneva, sans-serif;\">LUIZA BORBA PEREIRA<\/span><\/p>\n<p style=\"text-align: center;\"><span style=\"font-size: 10pt; font-family: verdana, geneva, sans-serif;\">MILENA CUNHA DE OLIVEIRA<\/span><\/p>\n<hr \/>\n<p style=\"text-align: center;\"><span style=\"color: #008000;\"><a style=\"color: #008000;\" href=\"https:\/\/wp.ufpel.edu.br\/lacico\/atividades-desenvolvidas\/extensao\/\"><strong>Grupo de Extens\u00e3o: ComportamentA\u00e7\u00e3o<\/strong><\/a><\/span><\/p>\n<p style=\"text-align: left;\"><span style=\"color: #008000;\"><strong>Colabora\u00e7\u00e3o T\u00e9cnica: <\/strong><\/span><\/p>\n<p style=\"text-align: left;\"><span style=\"color: #008000;\"><strong>Psic\u00f3loga Dra. Vanessa Marques<\/strong><\/span><\/p>\n<p style=\"text-align: left;\">E-mail: <span style=\"text-decoration: underline;\">marques.vanessa@gmail.com<\/span><\/p>\n<p><span style=\"color: #008000;\"><strong>Psic\u00f3loga Luciana Mecking Arantes<\/strong><\/span><\/p>\n<p>E-mail: <span style=\"text-decoration: underline;\">lumecking@yahoo.com.br<\/span><\/p>\n<hr \/>\n<p style=\"text-align: center;\"><span style=\"font-size: 10pt;\">ALEXANDRE ROVEDA FIALHO<\/span><\/p>\n<p style=\"text-align: center;\"><span style=\"font-size: 10pt;\">ANTONIA DE CARVALHO COLL LEITE<\/span><\/p>\n<p style=\"text-align: center;\"><span style=\"font-size: 10pt;\">BRUNA MARQUES DE OLIVEIRA<\/span><\/p>\n<p style=\"text-align: center;\"><span style=\"font-size: 10pt;\">DIOGO ALVES BUBOLZ<\/span><\/p>\n<p style=\"text-align: center;\"><span style=\"font-size: 10pt;\">GABRIEL COELHO MARQUES<\/span><\/p>\n<p style=\"text-align: center;\"><span style=\"font-size: 10pt;\">GABRIEL LIMA DE ALMEIDA<\/span><\/p>\n<p style=\"text-align: center;\"><span style=\"font-size: 10pt;\">HELENA ZIEBELL CARPENA<\/span><\/p>\n<p style=\"text-align: center;\"><span style=\"font-size: 10pt;\">MILENA CUNHA DE OLIVEIRA<\/span><\/p>\n<hr \/>\n<p style=\"text-align: center;\"><span style=\"text-decoration: underline; color: #008000;\"><strong>Trabalhos de Conclus\u00e3o de Curso<\/strong><\/span><\/p>\n<p style=\"font-weight: 400; text-align: center;\">Processo de Sele\u00e7\u00e3o (2 vagas para 2026-1)<\/p>\n<hr \/>\n<p style=\"text-align: center;\"><span style=\"text-decoration: underline; color: #008000;\"><b style=\"color: #008000; text-decoration-line: underline;\">Est\u00e1gio em <\/b><span style=\"color: #008000;\"><b><u>Processos<\/u><\/b><\/span><b style=\"color: #008000; text-decoration-line: underline;\"> Cl\u00ednicos: <\/b><span style=\"color: #008000;\"><b><u>Terapias<\/u><\/b><\/span><b style=\"color: #008000; text-decoration-line: underline;\">\u00a0<\/b><span style=\"color: #008000;\"><b><u>Comportamentais<\/u><\/b><\/span><b style=\"color: #008000; text-decoration-line: underline;\"><\/b><\/span><\/p>\n<p style=\"font-weight: 400; text-align: center;\">Processo de Sele\u00e7\u00e3o (5 vagas para 2026-1)<\/p>\n<hr \/>\n<p style=\"text-align: center;\">\n","protected":false},"excerpt":{"rendered":"<p>Coordenador: Prof. Dr. Jandilson Avelino da Silva E-mail: jandilson.silva@ufpel.edu.br Colaboradores: Doutorando Cid Pinheiro Farias E-mail: cidpinheirofarias@hotmail.com Psic\u00f3logo Gustavo Santana Menegoni E-mail: gmenegoni98@gmail.com Psic\u00f3logo Thom\u00e1s de Oliveira Nunes E-mail: thomasxnunes@gmail.com \u00a0Grupo de Estudos: InterA\u00e7\u00e3o ALEXANDRE ROVEDA FIALHO AMANDA CAROLINA GARCIA DE LIMA ANTONIA DE CARVALHO COLL LEITE BRUNA DA FONSECA CAVALHEIRO BRUNA MARQUES DE OLIVEIRA DIOGO [&hellip;]<\/p>\n","protected":false},"author":1017,"featured_media":0,"parent":35,"menu_order":13,"comment_status":"closed","ping_status":"closed","template":"","meta":{"footnotes":""},"class_list":["post-67","page","type-page","status-publish","hentry"],"_links":{"self":[{"href":"https:\/\/wp.ufpel.edu.br\/lacico\/wp-json\/wp\/v2\/pages\/67","targetHints":{"allow":["GET"]}}],"collection":[{"href":"https:\/\/wp.ufpel.edu.br\/lacico\/wp-json\/wp\/v2\/pages"}],"about":[{"href":"https:\/\/wp.ufpel.edu.br\/lacico\/wp-json\/wp\/v2\/types\/page"}],"author":[{"embeddable":true,"href":"https:\/\/wp.ufpel.edu.br\/lacico\/wp-json\/wp\/v2\/users\/1017"}],"replies":[{"embeddable":true,"href":"https:\/\/wp.ufpel.edu.br\/lacico\/wp-json\/wp\/v2\/comments?post=67"}],"version-history":[{"count":3,"href":"https:\/\/wp.ufpel.edu.br\/lacico\/wp-json\/wp\/v2\/pages\/67\/revisions"}],"predecessor-version":[{"id":417,"href":"https:\/\/wp.ufpel.edu.br\/lacico\/wp-json\/wp\/v2\/pages\/67\/revisions\/417"}],"up":[{"embeddable":true,"href":"https:\/\/wp.ufpel.edu.br\/lacico\/wp-json\/wp\/v2\/pages\/35"}],"wp:attachment":[{"href":"https:\/\/wp.ufpel.edu.br\/lacico\/wp-json\/wp\/v2\/media?parent=67"}],"curies":[{"name":"wp","href":"https:\/\/api.w.org\/{rel}","templated":true}]}}