{"id":64,"date":"2020-06-10T15:47:43","date_gmt":"2020-06-10T18:47:43","guid":{"rendered":"https:\/\/wp.ufpel.edu.br\/lacico\/?page_id=64"},"modified":"2023-12-01T16:44:27","modified_gmt":"2023-12-01T19:44:27","slug":"extensao","status":"publish","type":"page","link":"https:\/\/wp.ufpel.edu.br\/lacico\/atividades-desenvolvidas\/extensao\/","title":{"rendered":"Extens\u00e3o"},"content":{"rendered":"<p><img class=\"alignnone wp-image-356 aligncenter\" src=\"https:\/\/wp.ufpel.edu.br\/lacico\/files\/2020\/06\/GEC-400x165.jpg\" alt=\"\" width=\"308\" height=\"127\" srcset=\"https:\/\/wp.ufpel.edu.br\/lacico\/files\/2020\/06\/GEC-400x165.jpg 400w, https:\/\/wp.ufpel.edu.br\/lacico\/files\/2020\/06\/GEC.jpg 750w\" sizes=\"(max-width: 308px) 100vw, 308px\" \/><\/p>\n<p>O Grupo ComportamentA\u00e7\u00e3o possui uma proposta de extens\u00e3o universit\u00e1ria que tem por objetivo por em pr\u00e1tica de modo aplicado \u00e0 sociedade as discuss\u00f5es te\u00f3rico-filos\u00f3ficas behavioristas radicais, auxiliando a popula\u00e7\u00e3o por meio de interven\u00e7\u00f5es em ABA nos diversos contextos, principalmente na cl\u00ednica psicol\u00f3gica individual e de grupo. Consideramos, desse modo, pensamentos e sentimentos como a\u00e7\u00f5es comportamentais que podem ser observadas e manejadas de modo contextual, sem refer\u00eancias ao interno como seu gerador. Assim, o grupo pretende trabalhar com estrat\u00e9gias relacionadas as habilidades s\u00f3cio-emocionais como plano de fundo para um maior engajamento pol\u00edtico-social dos seus beneficiados, dentro de uma discuss\u00e3o de interseccionalidade.<\/p>\n<p style=\"text-align: center;\"><strong>Aos extensionistas \u00e9 obrigat\u00f3ria participa\u00e7\u00e3o no grupo de estudos InterA\u00e7\u00e3o, no qual \u00e9 feita uma forma\u00e7\u00e3o te\u00f3rica e pr\u00e1tica acerca de An\u00e1lise do Comportamento.<\/strong><\/p>\n<hr \/>\n<p><span style=\"color: #008000;\"><strong>Grupo de Extens\u00e3o: ComportamentA\u00e7\u00e3o<\/strong><\/span><\/p>\n<hr \/>\n<ul>\n<li>Desenvolvendo engajamento social por meio de habilidades socioemocionais em pacientes psicol\u00f3gicos<\/li>\n<li>Contextos: Plant\u00e3o Psicol\u00f3gico em An\u00e1lise do Comportamento<\/li>\n<\/ul>\n","protected":false},"excerpt":{"rendered":"<p>O Grupo ComportamentA\u00e7\u00e3o possui uma proposta de extens\u00e3o universit\u00e1ria que tem por objetivo por em pr\u00e1tica de modo aplicado \u00e0 sociedade as discuss\u00f5es te\u00f3rico-filos\u00f3ficas behavioristas radicais, auxiliando a popula\u00e7\u00e3o por meio de interven\u00e7\u00f5es em ABA nos diversos contextos, principalmente na cl\u00ednica psicol\u00f3gica individual e de grupo. Consideramos, desse modo, pensamentos e sentimentos como a\u00e7\u00f5es comportamentais [&hellip;]<\/p>\n","protected":false},"author":1017,"featured_media":0,"parent":32,"menu_order":10,"comment_status":"closed","ping_status":"closed","template":"","meta":{"footnotes":""},"class_list":["post-64","page","type-page","status-publish","hentry"],"_links":{"self":[{"href":"https:\/\/wp.ufpel.edu.br\/lacico\/wp-json\/wp\/v2\/pages\/64","targetHints":{"allow":["GET"]}}],"collection":[{"href":"https:\/\/wp.ufpel.edu.br\/lacico\/wp-json\/wp\/v2\/pages"}],"about":[{"href":"https:\/\/wp.ufpel.edu.br\/lacico\/wp-json\/wp\/v2\/types\/page"}],"author":[{"embeddable":true,"href":"https:\/\/wp.ufpel.edu.br\/lacico\/wp-json\/wp\/v2\/users\/1017"}],"replies":[{"embeddable":true,"href":"https:\/\/wp.ufpel.edu.br\/lacico\/wp-json\/wp\/v2\/comments?post=64"}],"version-history":[{"count":15,"href":"https:\/\/wp.ufpel.edu.br\/lacico\/wp-json\/wp\/v2\/pages\/64\/revisions"}],"predecessor-version":[{"id":404,"href":"https:\/\/wp.ufpel.edu.br\/lacico\/wp-json\/wp\/v2\/pages\/64\/revisions\/404"}],"up":[{"embeddable":true,"href":"https:\/\/wp.ufpel.edu.br\/lacico\/wp-json\/wp\/v2\/pages\/32"}],"wp:attachment":[{"href":"https:\/\/wp.ufpel.edu.br\/lacico\/wp-json\/wp\/v2\/media?parent=64"}],"curies":[{"name":"wp","href":"https:\/\/api.w.org\/{rel}","templated":true}]}}