{"id":61,"date":"2020-06-10T15:47:14","date_gmt":"2020-06-10T18:47:14","guid":{"rendered":"https:\/\/wp.ufpel.edu.br\/lacico\/?page_id=61"},"modified":"2023-08-12T12:01:50","modified_gmt":"2023-08-12T15:01:50","slug":"pesquisa","status":"publish","type":"page","link":"https:\/\/wp.ufpel.edu.br\/lacico\/atividades-desenvolvidas\/pesquisa\/","title":{"rendered":"Pesquisa"},"content":{"rendered":"<p><img class=\"alignnone wp-image-358 aligncenter\" src=\"https:\/\/wp.ufpel.edu.br\/lacico\/files\/2020\/06\/GPA-400x141.jpg\" alt=\"\" width=\"355\" height=\"125\" srcset=\"https:\/\/wp.ufpel.edu.br\/lacico\/files\/2020\/06\/GPA-400x141.jpg 400w, https:\/\/wp.ufpel.edu.br\/lacico\/files\/2020\/06\/GPA.jpg 750w\" sizes=\"(max-width: 355px) 100vw, 355px\" \/><\/p>\n<p>O Grupo PesquisA\u00e7\u00e3o trata-se de um grupo de investiga\u00e7\u00f5es cient\u00edficas anal\u00edtico-comportamentais do LACICO que busca discutir poss\u00edveis interpreta\u00e7\u00f5es contextuais para os processos psicol\u00f3gicos b\u00e1sicos e para os fen\u00f4menos socioculturais. Consideramos que o processo de pesquisa, mesmo no \u00e2mbito experimental, envolve vieses dos seus praticantes que devem ser avaliados de modo reflexivo e retroalimentativo nas intera\u00e7\u00f5es com os diversos t\u00f3picos de estudo.\u00a0 Desse modo, ao mesmo tempo que pesquisamos, estando envolvidos na intera\u00e7\u00e3o com o meio, estamos modificando e\u00a0 produzindo esse meio, que de volta nos influencia de alguma forma, como prop\u00f5e a aprendizagem operante de Skinner. Os estudos de TCC do grupo est\u00e3o relacionados a esse t\u00f3pico.<\/p>\n<p style=\"text-align: center;\"><strong>Aos pesquisadores \u00e9 obrigat\u00f3ria participa\u00e7\u00e3o no grupo de estudos InterA\u00e7\u00e3o, no qual \u00e9 feita uma forma\u00e7\u00e3o te\u00f3rica e pr\u00e1tica acerca de An\u00e1lise do Comportamento.<\/strong><\/p>\n<hr \/>\n<p><span style=\"color: #008000;\"><strong>Grupo de Pesquisa: PesquisA\u00e7\u00e3o<\/strong><\/span><\/p>\n<hr \/>\n<ul>\n<li>Fen\u00f4menos psicol\u00f3gicos e sociais \u00e0 luz da An\u00e1lise do Comportamento<\/li>\n<li>Ensino de An\u00e1lise do Comportamento nos Curso de Psicologia do Brasil<\/li>\n<\/ul>\n","protected":false},"excerpt":{"rendered":"<p>O Grupo PesquisA\u00e7\u00e3o trata-se de um grupo de investiga\u00e7\u00f5es cient\u00edficas anal\u00edtico-comportamentais do LACICO que busca discutir poss\u00edveis interpreta\u00e7\u00f5es contextuais para os processos psicol\u00f3gicos b\u00e1sicos e para os fen\u00f4menos socioculturais. Consideramos que o processo de pesquisa, mesmo no \u00e2mbito experimental, envolve vieses dos seus praticantes que devem ser avaliados de modo reflexivo e retroalimentativo nas intera\u00e7\u00f5es [&hellip;]<\/p>\n","protected":false},"author":1017,"featured_media":0,"parent":32,"menu_order":9,"comment_status":"closed","ping_status":"closed","template":"","meta":{"footnotes":""},"class_list":["post-61","page","type-page","status-publish","hentry"],"_links":{"self":[{"href":"https:\/\/wp.ufpel.edu.br\/lacico\/wp-json\/wp\/v2\/pages\/61","targetHints":{"allow":["GET"]}}],"collection":[{"href":"https:\/\/wp.ufpel.edu.br\/lacico\/wp-json\/wp\/v2\/pages"}],"about":[{"href":"https:\/\/wp.ufpel.edu.br\/lacico\/wp-json\/wp\/v2\/types\/page"}],"author":[{"embeddable":true,"href":"https:\/\/wp.ufpel.edu.br\/lacico\/wp-json\/wp\/v2\/users\/1017"}],"replies":[{"embeddable":true,"href":"https:\/\/wp.ufpel.edu.br\/lacico\/wp-json\/wp\/v2\/comments?post=61"}],"version-history":[{"count":12,"href":"https:\/\/wp.ufpel.edu.br\/lacico\/wp-json\/wp\/v2\/pages\/61\/revisions"}],"predecessor-version":[{"id":395,"href":"https:\/\/wp.ufpel.edu.br\/lacico\/wp-json\/wp\/v2\/pages\/61\/revisions\/395"}],"up":[{"embeddable":true,"href":"https:\/\/wp.ufpel.edu.br\/lacico\/wp-json\/wp\/v2\/pages\/32"}],"wp:attachment":[{"href":"https:\/\/wp.ufpel.edu.br\/lacico\/wp-json\/wp\/v2\/media?parent=61"}],"curies":[{"name":"wp","href":"https:\/\/api.w.org\/{rel}","templated":true}]}}