{"id":53,"date":"2020-06-10T15:44:39","date_gmt":"2020-06-10T18:44:39","guid":{"rendered":"https:\/\/wp.ufpel.edu.br\/lacico\/?page_id=53"},"modified":"2020-06-13T09:37:06","modified_gmt":"2020-06-13T12:37:06","slug":"cultura-e-comportamento","status":"publish","type":"page","link":"https:\/\/wp.ufpel.edu.br\/lacico\/linhas-de-estudo\/cultura-e-comportamento\/","title":{"rendered":"Cultura e Comportamento"},"content":{"rendered":"<p>Esta linha de estudo do grupo pretende pesquisar aspectos sociais, hist\u00f3ricos e culturais relacionados a compreens\u00e3o dos comportamentos individuais ou de grupo inter-relacionados ao contexto mais amplo de mundo, por meio da rela\u00e7\u00e3o entre Psicologia Social e An\u00e1lise do Comportamento, tomando como refer\u00eancia a ideologia das &#8220;pol\u00edticas verdes&#8221;.<\/p>\n","protected":false},"excerpt":{"rendered":"<p>Esta linha de estudo do grupo pretende pesquisar aspectos sociais, hist\u00f3ricos e culturais relacionados a compreens\u00e3o dos comportamentos individuais ou de grupo inter-relacionados ao contexto mais amplo de mundo, por meio da rela\u00e7\u00e3o entre Psicologia Social e An\u00e1lise do Comportamento, tomando como refer\u00eancia a ideologia das &#8220;pol\u00edticas verdes&#8221;.<\/p>\n","protected":false},"author":1017,"featured_media":0,"parent":26,"menu_order":6,"comment_status":"closed","ping_status":"closed","template":"","meta":{"footnotes":""},"class_list":["post-53","page","type-page","status-publish","hentry"],"_links":{"self":[{"href":"https:\/\/wp.ufpel.edu.br\/lacico\/wp-json\/wp\/v2\/pages\/53","targetHints":{"allow":["GET"]}}],"collection":[{"href":"https:\/\/wp.ufpel.edu.br\/lacico\/wp-json\/wp\/v2\/pages"}],"about":[{"href":"https:\/\/wp.ufpel.edu.br\/lacico\/wp-json\/wp\/v2\/types\/page"}],"author":[{"embeddable":true,"href":"https:\/\/wp.ufpel.edu.br\/lacico\/wp-json\/wp\/v2\/users\/1017"}],"replies":[{"embeddable":true,"href":"https:\/\/wp.ufpel.edu.br\/lacico\/wp-json\/wp\/v2\/comments?post=53"}],"version-history":[{"count":4,"href":"https:\/\/wp.ufpel.edu.br\/lacico\/wp-json\/wp\/v2\/pages\/53\/revisions"}],"predecessor-version":[{"id":285,"href":"https:\/\/wp.ufpel.edu.br\/lacico\/wp-json\/wp\/v2\/pages\/53\/revisions\/285"}],"up":[{"embeddable":true,"href":"https:\/\/wp.ufpel.edu.br\/lacico\/wp-json\/wp\/v2\/pages\/26"}],"wp:attachment":[{"href":"https:\/\/wp.ufpel.edu.br\/lacico\/wp-json\/wp\/v2\/media?parent=53"}],"curies":[{"name":"wp","href":"https:\/\/api.w.org\/{rel}","templated":true}]}}